{"id":8990,"date":"2025-09-04T13:57:53","date_gmt":"2025-09-04T11:57:53","guid":{"rendered":"https:\/\/fundaciomiquelvalls.org\/?page_id=8990"},"modified":"2025-12-15T08:16:08","modified_gmt":"2025-12-15T07:16:08","slug":"loteria-ela","status":"publish","type":"page","link":"https:\/\/fundaciomiquelvalls.org\/es\/loteria-ela\/","title":{"rendered":"Loter\u00eda de Navidad"},"content":{"rendered":"<p>[vc_row][vc_column][vc_single_image image=\u00bb9024&#8243; img_size=\u00bb1200&#215;250&#8243; alignment=\u00bbcenter\u00bb][\/vc_column][\/vc_row][vc_row disable_element=\u00bbyes\u00bb][vc_column][vc_column_text]<\/p>\n<p style=\"text-align: center;\"><span style=\"font-size: 14pt;\">Rellena el siguiente formulario para solicitar la cantidad que desees de participaciones de <strong>loter\u00eda solidaria de Navidad<\/strong> de la Fundaci\u00f3n Catalana de ELA Miquel Valls.<\/span><\/p>\n<p>[\/vc_column_text][\/vc_column][\/vc_row][vc_row disable_element=\u00bbyes\u00bb][vc_column][vc_column_text]<\/p>\n<p style=\"text-align: center;\"><span style=\"font-size: 14pt;\">Jugamos con el<strong> 11873<\/strong> del sorteo de la <strong>Loter\u00eda Nacional<\/strong>, la participaci\u00f3n vale <strong>5\u20ac<\/strong>, el cual ya incluye una donaci\u00f3n.<\/span><\/p>\n<p>[\/vc_column_text][\/vc_column][\/vc_row][vc_row disable_element=\u00bbyes\u00bb][vc_column][vc_column_text]<\/p>\n<p style=\"text-align: center;\"><span style=\"font-size: 14pt;\"><span style=\"text-decoration: underline;\"><strong>AVISO:<\/strong><\/span> Una vez rellenado el siguiente formulario y realizado el pago correspondiente, <span style=\"text-decoration: underline;\"><strong>en unos d\u00edas<\/strong> <strong>recibir\u00e1s por correo electr\u00f3nico la imagen escaneada de las participaciones compradas.<\/strong><\/span> Las participaciones originales estar\u00e1n custodiadas en la sede de la Fundaci\u00f3n. <\/span><\/p>\n<p>[\/vc_column_text][\/vc_column][\/vc_row][vc_row disable_element=\u00bbyes\u00bb][vc_column][vc_column_text]<\/p>\n<p style=\"text-align: center;\"><span style=\"font-size: 14pt;\"><i>Si deseas alg\u00fan talonario entero (50 participaciones) de estas loter\u00edas solidarias para vender a familiares, amigos o compa\u00f1eros de trabajo, env\u00edanos un correo a ela@fundaciomiquelvalls.org o ll\u00e1manos de lunes a viernes de 8 a 15h al 937665969.<\/i><\/span><\/p>\n<p>[\/vc_column_text][\/vc_column][\/vc_row][vc_row][vc_column][vc_column_text]<\/p>\n<p style=\"text-align: center;\"><span style=\"font-size: 18.6667px;\">Loteria Solidaria contra la ELA <strong>cerrada<\/strong><\/span><\/p>\n<p>[\/vc_column_text][\/vc_column][\/vc_row][vc_row disable_element=\u00bbyes\u00bb][vc_column][vc_column_text]        <div class=\"form-style-5\">\n            <form action=\"https:\/\/fundaciomiquelvalls.org\/loteria-de-nadal-2\" method=\"post\" id=\"customerForm\" class=\"customerForm\">\n                <fieldset>\n                    <legend><span class=\"number\">1<\/span>Sus Datos<\/legend>\n                    <input type=\"text\" name=\"customerName\" id=\"customerName\" placeholder=\"Nombre *\" required \/>\n                    <input type=\"text\" name=\"customerSurname\" id=\"customerSurname\" placeholder=\"Apellido *\" required \/>\n                    <input type=\"text\" name=\"customerIdentity\" id=\"customerIdentity\" placeholder=\"DNI *\" required \/>\n                    <input type=\"email\" name=\"customerEmail\" id=\"customerEmail\" placeholder=\"Correo *\" required \/>\n                    <input type=\"number\" name=\"customerPhone\" id=\"customerPhone\" placeholder=\"Tel\u00e9fono *\" required \/>\n                    <input type=\"text\" name=\"customerAddress\" id=\"customerAddress\" placeholder=\"Prov\u00edncia *\" required \/>\n                <\/fieldset>\n                <fieldset>\n                    <legend><span class=\"number\">2<\/span>Numero de Participaciones<\/legend>\n                    <h6> Numero de Participaciones Loteria Nacional (5\u20ac)<\/h6>\n                    <input type=\"number\" name=\"customerItemAmount\" id=\"customerItemAmount\" placeholder=\"Num. Participaciones *\" required \/>\n                    <!-- <input type=\"text\" name=\"customerTotalToPay\" id=\"customerTotalToPay\" placeholder=\"Total\" disabled required \/> -->\n                    <!--<h6>  Dooble (6\u20ac)<\/h6>-->\n                    <!--<input type=\"number\" name=\"customerItemAmount2\" id=\"customerItemAmount2\"  placeholder=\" *\" required \/>-->\n                    <!-- <input type=\"text\" name=\"customerTotalToPay2\" id=\"customerTotalToPay2\" placeholder=\"Total\" disabled required \/> -->\n                <\/fieldset>\n                <fieldset>\n                    <legend><span class=\"number\">3<\/span>Total<\/legend>\n                    <h5><strong><span id=\"totalPrice\">0 \u20ac<\/span><\/strong><\/h5>\n                <\/fieldset>\n                <br>\n                <div class=\"checkbox\">\n                    <input type=\"checkbox\" id=\"acceptConditions\" name=\"acceptConditions\" value=\"1\" required ><a href=\"https:\/\/fundaciomiquelvalls.org\/politica-de-privacitat\">He le\u00eddo y acepto la pol\u00edtica de privacidad.<\/a>\n                <\/div>\n                <br>\n                <input type=\"submit\" value=\"Pagar\" \/>\n            <\/form>\n        <\/div>\n        <script>\n            jQuery(document).ready(function(){\n                jQuery(\"#customerItemAmount\").change(function(){\n                    setPrice();\n                });\n                jQuery(\"#customerItemAmount2\").change(function(){\n                    setPrice();\n                });\n            });\n            function setPrice() {\n                var price1 = jQuery(\"#customerItemAmount\").val() * 5;\n                \/\/var price2 = jQuery(\"#customerItemAmount2\").val() * 6;\n                \/\/var price = price1 + price2 + '\u20ac';\n                var price = price1;\n                jQuery(\"#totalPrice\").text(price);\n            }\n        <\/script>\n        [\/vc_column_text][\/vc_column][\/vc_row]<\/p>\n","protected":false},"excerpt":{"rendered":"<p>[vc_row][vc_column][vc_single_image image=\u00bb9024&#8243; img_size=\u00bb1200&#215;250&#8243; alignment=\u00bbcenter\u00bb][\/vc_column][\/vc_row][vc_row disable_element=\u00bbyes\u00bb][vc_column][vc_column_text] Rellena el siguiente formulario para solicitar la cantidad que desees de participaciones de loter\u00eda solidaria de Navidad de la Fundaci\u00f3n Catalana de ELA Miquel Valls. [\/vc_column_text][\/vc_column][\/vc_row][vc_row disable_element=\u00bbyes\u00bb][vc_column][vc_column_text] Jugamos con el 11873 del sorteo de la Loter\u00eda Nacional, la participaci\u00f3n vale 5\u20ac, el cual ya incluye una donaci\u00f3n. [\/vc_column_text][\/vc_column][\/vc_row][vc_row disable_element=\u00bbyes\u00bb][vc_column][vc_column_text] AVISO: Una vez rellenado el siguiente formulario y realizado el pago correspondiente, en unos d\u00edas recibir\u00e1s por correo electr\u00f3nico la imagen escaneada de las participaciones compradas. Las participaciones originales estar\u00e1n custodiadas en la sede de la Fundaci\u00f3n. [\/vc_column_text][\/vc_column][\/vc_row][vc_row disable_element=\u00bbyes\u00bb][vc_column][vc_column_text] Si deseas alg\u00fan talonario entero (50 participaciones) de estas loter\u00edas solidarias para vender a familiares, amigos o compa\u00f1eros de trabajo, env\u00edanos un correo a ela@fundaciomiquelvalls.org o ll\u00e1manos de lunes a viernes de 8 a 15h al 937665969. [\/vc_column_text][\/vc_column][\/vc_row][vc_row][vc_column][vc_column_text] Loteria Solidaria contra la ELA cerrada [\/vc_column_text][\/vc_column][\/vc_row][vc_row disable_element=\u00bbyes\u00bb][vc_column][vc_column_text][\/vc_column_text][\/vc_column][\/vc_row]<\/p>\n","protected":false},"author":1,"featured_media":0,"parent":0,"menu_order":0,"comment_status":"closed","ping_status":"closed","template":"","meta":{"footnotes":""},"class_list":["post-8990","page","type-page","status-publish","hentry"],"yoast_head":"<!-- This site is optimized with the Yoast SEO plugin v26.9 - https:\/\/yoast.com\/product\/yoast-seo-wordpress\/ -->\n<title>Loter\u00eda de Navidad - Fundaci\u00f3 Catalana d&#039;ELA Miquel Valls<\/title>\n<meta name=\"description\" content=\"Loter\u00eda de Navidad solidaria contra la ELA de la Fundaci\u00f3n Catalana de ELA Miquel Valls. No te queden sin!\" \/>\n<meta name=\"robots\" content=\"index, follow, max-snippet:-1, max-image-preview:large, max-video-preview:-1\" \/>\n<link rel=\"canonical\" href=\"https:\/\/fundaciomiquelvalls.org\/es\/loteria-ela\/\" \/>\n<meta property=\"og:locale\" content=\"es_ES\" \/>\n<meta property=\"og:type\" content=\"article\" \/>\n<meta property=\"og:title\" content=\"Adquiere la Loter\u00eda de Navidad solidaria contra la ELA\" \/>\n<meta property=\"og:description\" content=\"Ayuda a las personas afectadas de ELA y sus familias a trav\u00e9s de la Loter\u00eda de Navidad solidaria de la Fundaci\u00f3 Catalana d&#039;ELA Miquel Valls.\" \/>\n<meta property=\"og:url\" content=\"https:\/\/fundaciomiquelvalls.org\/es\/loteria-ela\/\" \/>\n<meta property=\"og:site_name\" content=\"Fundaci\u00f3 Catalana d&#039;ELA Miquel Valls\" \/>\n<meta property=\"article:modified_time\" content=\"2025-12-15T07:16:08+00:00\" \/>\n<meta property=\"og:image\" content=\"https:\/\/fundaciomiquelvalls.org\/wp-content\/uploads\/2024\/08\/Loteria-FCEMV-2024_CAST.png\" \/>\n\t<meta property=\"og:image:width\" content=\"900\" \/>\n\t<meta property=\"og:image:height\" content=\"630\" \/>\n\t<meta property=\"og:image:type\" content=\"image\/png\" \/>\n<meta name=\"twitter:card\" content=\"summary_large_image\" \/>\n<meta name=\"twitter:title\" content=\"Adquiere la Loter\u00eda de Navidad solidaria contra la ELA\" \/>\n<meta name=\"twitter:description\" content=\"Ayuda a las personas afectadas de ELA y sus familias a trav\u00e9s de la Loter\u00eda de Navidad solidaria de la Fundaci\u00f3 Catalana d&#039;ELA Miquel Valls.\" \/>\n<meta name=\"twitter:image\" content=\"https:\/\/fundaciomiquelvalls.org\/wp-content\/uploads\/2024\/08\/Loteria-FCEMV-2024_CAST.png\" \/>\n<meta name=\"twitter:label1\" content=\"Tiempo de lectura\" \/>\n\t<meta name=\"twitter:data1\" content=\"1 minuto\" \/>\n<script type=\"application\/ld+json\" class=\"yoast-schema-graph\">{\"@context\":\"https:\/\/schema.org\",\"@graph\":[{\"@type\":\"WebPage\",\"@id\":\"https:\/\/fundaciomiquelvalls.org\/es\/loteria-ela\/\",\"url\":\"https:\/\/fundaciomiquelvalls.org\/es\/loteria-ela\/\",\"name\":\"Loter\u00eda de Navidad - Fundaci\u00f3 Catalana d&#039;ELA Miquel Valls\",\"isPartOf\":{\"@id\":\"https:\/\/fundaciomiquelvalls.org\/#website\"},\"datePublished\":\"2025-09-04T11:57:53+00:00\",\"dateModified\":\"2025-12-15T07:16:08+00:00\",\"description\":\"Loter\u00eda de Navidad solidaria contra la ELA de la Fundaci\u00f3n Catalana de ELA Miquel Valls. No te queden sin!\",\"breadcrumb\":{\"@id\":\"https:\/\/fundaciomiquelvalls.org\/es\/loteria-ela\/#breadcrumb\"},\"inLanguage\":\"es\",\"potentialAction\":[{\"@type\":\"ReadAction\",\"target\":[\"https:\/\/fundaciomiquelvalls.org\/es\/loteria-ela\/\"]}]},{\"@type\":\"BreadcrumbList\",\"@id\":\"https:\/\/fundaciomiquelvalls.org\/es\/loteria-ela\/#breadcrumb\",\"itemListElement\":[{\"@type\":\"ListItem\",\"position\":1,\"name\":\"Portada\",\"item\":\"https:\/\/fundaciomiquelvalls.org\/es\/\"},{\"@type\":\"ListItem\",\"position\":2,\"name\":\"Loter\u00eda de Navidad\"}]},{\"@type\":\"WebSite\",\"@id\":\"https:\/\/fundaciomiquelvalls.org\/#website\",\"url\":\"https:\/\/fundaciomiquelvalls.org\/\",\"name\":\"Fundaci\u00f3 Catalana d&#039;ELA Miquel Valls\",\"description\":\"Treballem per millorar la qualitat de vida de les persones afectades d&#039;ELA i Malaltia de Motoneurona\",\"potentialAction\":[{\"@type\":\"SearchAction\",\"target\":{\"@type\":\"EntryPoint\",\"urlTemplate\":\"https:\/\/fundaciomiquelvalls.org\/?s={search_term_string}\"},\"query-input\":{\"@type\":\"PropertyValueSpecification\",\"valueRequired\":true,\"valueName\":\"search_term_string\"}}],\"inLanguage\":\"es\"}]}<\/script>\n<!-- \/ Yoast SEO plugin. -->","yoast_head_json":{"title":"Loter\u00eda de Navidad - Fundaci\u00f3 Catalana d&#039;ELA Miquel Valls","description":"Loter\u00eda de Navidad solidaria contra la ELA de la Fundaci\u00f3n Catalana de ELA Miquel Valls. No te queden sin!","robots":{"index":"index","follow":"follow","max-snippet":"max-snippet:-1","max-image-preview":"max-image-preview:large","max-video-preview":"max-video-preview:-1"},"canonical":"https:\/\/fundaciomiquelvalls.org\/es\/loteria-ela\/","og_locale":"es_ES","og_type":"article","og_title":"Adquiere la Loter\u00eda de Navidad solidaria contra la ELA","og_description":"Ayuda a las personas afectadas de ELA y sus familias a trav\u00e9s de la Loter\u00eda de Navidad solidaria de la Fundaci\u00f3 Catalana d'ELA Miquel Valls.","og_url":"https:\/\/fundaciomiquelvalls.org\/es\/loteria-ela\/","og_site_name":"Fundaci\u00f3 Catalana d&#039;ELA Miquel Valls","article_modified_time":"2025-12-15T07:16:08+00:00","og_image":[{"width":900,"height":630,"url":"https:\/\/fundaciomiquelvalls.org\/wp-content\/uploads\/2024\/08\/Loteria-FCEMV-2024_CAST.png","type":"image\/png"}],"twitter_card":"summary_large_image","twitter_title":"Adquiere la Loter\u00eda de Navidad solidaria contra la ELA","twitter_description":"Ayuda a las personas afectadas de ELA y sus familias a trav\u00e9s de la Loter\u00eda de Navidad solidaria de la Fundaci\u00f3 Catalana d'ELA Miquel Valls.","twitter_image":"https:\/\/fundaciomiquelvalls.org\/wp-content\/uploads\/2024\/08\/Loteria-FCEMV-2024_CAST.png","twitter_misc":{"Tiempo de lectura":"1 minuto"},"schema":{"@context":"https:\/\/schema.org","@graph":[{"@type":"WebPage","@id":"https:\/\/fundaciomiquelvalls.org\/es\/loteria-ela\/","url":"https:\/\/fundaciomiquelvalls.org\/es\/loteria-ela\/","name":"Loter\u00eda de Navidad - Fundaci\u00f3 Catalana d&#039;ELA Miquel Valls","isPartOf":{"@id":"https:\/\/fundaciomiquelvalls.org\/#website"},"datePublished":"2025-09-04T11:57:53+00:00","dateModified":"2025-12-15T07:16:08+00:00","description":"Loter\u00eda de Navidad solidaria contra la ELA de la Fundaci\u00f3n Catalana de ELA Miquel Valls. No te queden sin!","breadcrumb":{"@id":"https:\/\/fundaciomiquelvalls.org\/es\/loteria-ela\/#breadcrumb"},"inLanguage":"es","potentialAction":[{"@type":"ReadAction","target":["https:\/\/fundaciomiquelvalls.org\/es\/loteria-ela\/"]}]},{"@type":"BreadcrumbList","@id":"https:\/\/fundaciomiquelvalls.org\/es\/loteria-ela\/#breadcrumb","itemListElement":[{"@type":"ListItem","position":1,"name":"Portada","item":"https:\/\/fundaciomiquelvalls.org\/es\/"},{"@type":"ListItem","position":2,"name":"Loter\u00eda de Navidad"}]},{"@type":"WebSite","@id":"https:\/\/fundaciomiquelvalls.org\/#website","url":"https:\/\/fundaciomiquelvalls.org\/","name":"Fundaci\u00f3 Catalana d&#039;ELA Miquel Valls","description":"Treballem per millorar la qualitat de vida de les persones afectades d&#039;ELA i Malaltia de Motoneurona","potentialAction":[{"@type":"SearchAction","target":{"@type":"EntryPoint","urlTemplate":"https:\/\/fundaciomiquelvalls.org\/?s={search_term_string}"},"query-input":{"@type":"PropertyValueSpecification","valueRequired":true,"valueName":"search_term_string"}}],"inLanguage":"es"}]}},"_links":{"self":[{"href":"https:\/\/fundaciomiquelvalls.org\/es\/wp-json\/wp\/v2\/pages\/8990","targetHints":{"allow":["GET"]}}],"collection":[{"href":"https:\/\/fundaciomiquelvalls.org\/es\/wp-json\/wp\/v2\/pages"}],"about":[{"href":"https:\/\/fundaciomiquelvalls.org\/es\/wp-json\/wp\/v2\/types\/page"}],"author":[{"embeddable":true,"href":"https:\/\/fundaciomiquelvalls.org\/es\/wp-json\/wp\/v2\/users\/1"}],"replies":[{"embeddable":true,"href":"https:\/\/fundaciomiquelvalls.org\/es\/wp-json\/wp\/v2\/comments?post=8990"}],"version-history":[{"count":6,"href":"https:\/\/fundaciomiquelvalls.org\/es\/wp-json\/wp\/v2\/pages\/8990\/revisions"}],"predecessor-version":[{"id":9642,"href":"https:\/\/fundaciomiquelvalls.org\/es\/wp-json\/wp\/v2\/pages\/8990\/revisions\/9642"}],"wp:attachment":[{"href":"https:\/\/fundaciomiquelvalls.org\/es\/wp-json\/wp\/v2\/media?parent=8990"}],"curies":[{"name":"wp","href":"https:\/\/api.w.org\/{rel}","templated":true}]}}