{"id":4981,"date":"2021-03-08T10:55:44","date_gmt":"2021-03-08T10:55:44","guid":{"rendered":"https:\/\/fundaciomiquelvalls.org\/articles-solidaris-contra-ela\/"},"modified":"2023-04-27T11:48:11","modified_gmt":"2023-04-27T11:48:11","slug":"articulos_solidarios_contra_ela","status":"publish","type":"page","link":"https:\/\/fundaciomiquelvalls.org\/es\/articulos_solidarios_contra_ela\/","title":{"rendered":"Art\u00edculos solidarios contra la ELA"},"content":{"rendered":"<p>[vc_row][vc_column][vc_single_image image=\u00bb4978&#8243; img_size=\u00bblarge\u00bb alignment=\u00bbcenter\u00bb][\/vc_column][\/vc_row][vc_row][vc_column width=\u00bb1\/3&#8243;][vc_icon icon_fontawesome=\u00bbfas fa-tshirt\u00bb color=\u00bbcustom\u00bb size=\u00bbxl\u00bb align=\u00bbcenter\u00bb custom_color=\u00bb#b0d90b\u00bb link=\u00bburl:https%3A%2F%2Ffundaciomiquelvalls.org%2Fes%2Farticulos_solidarios_contra_ela%2Farticulos_solidarios_ela_fcemv%2F\u00bb][vc_column_text]<\/p>\n<p style=\"text-align: center;\"><span style=\"font-size: 14pt;\"><a href=\"https:\/\/fundaciomiquelvalls.org\/es\/articulos_solidarios_contra_ela\/articulos_solidarios_ela_fcemv\/\">Art\u00edculos solidarios de la Fundaci\u00f3n<\/a><\/span><\/p>\n<p>[\/vc_column_text][\/vc_column][vc_column width=\u00bb1\/3&#8243;][vc_icon icon_fontawesome=\u00bbfas fa-hands\u00bb color=\u00bbcustom\u00bb size=\u00bbxl\u00bb align=\u00bbcenter\u00bb custom_color=\u00bb#b0d90b\u00bb link=\u00bburl:https%3A%2F%2Ffundaciomiquelvalls.org%2Fes%2Farticulos_solidarios_contra_ela%2Farticulos-solidarios-ela-iniciativas%2F\u00bb][vc_column_text]<\/p>\n<p style=\"text-align: center;\"><span style=\"font-size: 14pt;\"><a href=\"https:\/\/fundaciomiquelvalls.org\/es\/articulos_solidarios_contra_ela\/articulos-solidarios-ela-iniciativas\/\">Articulos solidarios de Iniciativas<\/a><\/span><\/p>\n<p>[\/vc_column_text][\/vc_column][vc_column width=\u00bb1\/3&#8243;][vc_icon icon_fontawesome=\u00bbfas fa-book\u00bb color=\u00bbcustom\u00bb size=\u00bbxl\u00bb align=\u00bbcenter\u00bb custom_color=\u00bb#b0d90b\u00bb link=\u00bburl:https%3A%2F%2Ffundaciomiquelvalls.org%2Fes%2Farticulos_solidarios_contra_ela%2Flibros%2F\u00bb][vc_column_text]<\/p>\n<p style=\"text-align: center;\"><span style=\"font-size: 14pt;\"><a href=\"https:\/\/fundaciomiquelvalls.org\/es\/articulos_solidarios_contra_ela\/libros\/\">Libros solidarios<\/a><\/span><\/p>\n<p>[\/vc_column_text][\/vc_column][\/vc_row][vc_row][vc_column][vc_column_text]<\/p>\n<p style=\"text-align: center;\">En esta secci\u00f3n encontrar\u00e1s diferentes productos solidarios de nuestra entidad y tambi\u00e9n otros materiales muy interesantes! Tenemos disponibles camisetas, libros, llaveros, bolsas entre otros muchos art\u00edculos con los que estar\u00e1 haciendo un Gesto por la ELA!<\/p>\n<p style=\"text-align: center;\">Si est\u00e1 interesado en obtener alguno puede enviar un correo a <a href=\"mailto:ela@fundaciomiquelvalls.org\">ela@fundaciomiquelvalls.org<\/a> y te explicaremos c\u00f3mo puedes hacerlo.<\/p>\n<p style=\"text-align: center;\">\u00a1Much\u00edsimas gracias por tu apoyo y confianza!<\/p>\n<p>[\/vc_column_text][\/vc_column][\/vc_row]<\/p>\n","protected":false},"excerpt":{"rendered":"<p>[vc_row][vc_column][vc_single_image image=\u00bb4978&#8243; img_size=\u00bblarge\u00bb alignment=\u00bbcenter\u00bb][\/vc_column][\/vc_row][vc_row][vc_column width=\u00bb1\/3&#8243;][vc_icon icon_fontawesome=\u00bbfas fa-tshirt\u00bb color=\u00bbcustom\u00bb size=\u00bbxl\u00bb align=\u00bbcenter\u00bb custom_color=\u00bb#b0d90b\u00bb link=\u00bburl:https%3A%2F%2Ffundaciomiquelvalls.org%2Fes%2Farticulos_solidarios_contra_ela%2Farticulos_solidarios_ela_fcemv%2F\u00bb][vc_column_text] Art\u00edculos solidarios de la Fundaci\u00f3n [\/vc_column_text][\/vc_column][vc_column width=\u00bb1\/3&#8243;][vc_icon icon_fontawesome=\u00bbfas fa-hands\u00bb color=\u00bbcustom\u00bb size=\u00bbxl\u00bb align=\u00bbcenter\u00bb custom_color=\u00bb#b0d90b\u00bb link=\u00bburl:https%3A%2F%2Ffundaciomiquelvalls.org%2Fes%2Farticulos_solidarios_contra_ela%2Farticulos-solidarios-ela-iniciativas%2F\u00bb][vc_column_text] Articulos solidarios de Iniciativas [\/vc_column_text][\/vc_column][vc_column width=\u00bb1\/3&#8243;][vc_icon icon_fontawesome=\u00bbfas fa-book\u00bb color=\u00bbcustom\u00bb size=\u00bbxl\u00bb align=\u00bbcenter\u00bb custom_color=\u00bb#b0d90b\u00bb link=\u00bburl:https%3A%2F%2Ffundaciomiquelvalls.org%2Fes%2Farticulos_solidarios_contra_ela%2Flibros%2F\u00bb][vc_column_text] Libros solidarios [\/vc_column_text][\/vc_column][\/vc_row][vc_row][vc_column][vc_column_text] En esta secci\u00f3n encontrar\u00e1s diferentes productos solidarios de nuestra entidad y tambi\u00e9n otros materiales muy interesantes! Tenemos disponibles camisetas, libros, llaveros, bolsas entre otros muchos art\u00edculos con los que estar\u00e1 haciendo un Gesto por la ELA! Si est\u00e1 interesado en obtener alguno puede enviar un correo a ela@fundaciomiquelvalls.org y te explicaremos c\u00f3mo puedes hacerlo. \u00a1Much\u00edsimas gracias por tu apoyo y confianza! [\/vc_column_text][\/vc_column][\/vc_row]<\/p>\n","protected":false},"author":1,"featured_media":0,"parent":0,"menu_order":0,"comment_status":"closed","ping_status":"closed","template":"","meta":{"footnotes":""},"class_list":["post-4981","page","type-page","status-publish","hentry"],"yoast_head":"<!-- This site is optimized with the Yoast SEO plugin v26.9 - https:\/\/yoast.com\/product\/yoast-seo-wordpress\/ -->\n<title>Art\u00edculos solidarios contra la ELA - Fundaci\u00f3 Catalana d&#039;ELA Miquel Valls<\/title>\n<meta name=\"description\" content=\"Encuentra diferentes productos solidarios de nuestra entidad y tambi\u00e9n otros materiales muy interesantes! Tenemos camisetas, libros, llaveros, bolsas entre otros muchos art\u00edculos con los que estar\u00e1 haciendo un Gesto por la ELA!\" \/>\n<meta name=\"robots\" content=\"index, follow, max-snippet:-1, max-image-preview:large, max-video-preview:-1\" \/>\n<link rel=\"canonical\" href=\"https:\/\/fundaciomiquelvalls.org\/es\/articulos_solidarios_contra_ela\/\" \/>\n<meta property=\"og:locale\" content=\"es_ES\" \/>\n<meta property=\"og:type\" content=\"article\" \/>\n<meta property=\"og:title\" content=\"Art\u00edculos solidarios contra la ELA\" \/>\n<meta property=\"og:description\" content=\"Encuentra diferentes productos solidarios de nuestra entidad y tambi\u00e9n otros materiales muy interesantes! Tenemos camisetas, libros, llaveros, bolsas entre otros muchos art\u00edculos con los que estar\u00e1 haciendo un Gesto por la ELA!\" \/>\n<meta property=\"og:url\" content=\"https:\/\/fundaciomiquelvalls.org\/es\/articulos_solidarios_contra_ela\/\" \/>\n<meta property=\"og:site_name\" content=\"Fundaci\u00f3 Catalana d&#039;ELA Miquel Valls\" \/>\n<meta property=\"article:modified_time\" content=\"2023-04-27T11:48:11+00:00\" \/>\n<meta property=\"og:image\" content=\"https:\/\/fundaciomiquelvalls.org\/wp-content\/uploads\/2023\/04\/Diseno-sin-titulo.png\" \/>\n\t<meta property=\"og:image:width\" content=\"1365\" \/>\n\t<meta property=\"og:image:height\" content=\"610\" \/>\n\t<meta property=\"og:image:type\" content=\"image\/png\" \/>\n<meta name=\"twitter:card\" content=\"summary_large_image\" \/>\n<meta name=\"twitter:title\" content=\"Art\u00edculos solidarios contra la ELA\" \/>\n<meta name=\"twitter:description\" content=\"Encuentra diferentes productos solidarios de nuestra entidad y tambi\u00e9n otros materiales muy interesantes! Tenemos camisetas, libros, llaveros, bolsas entre otros muchos art\u00edculos con los que estar\u00e1 haciendo un Gesto por la ELA!\" \/>\n<meta name=\"twitter:image\" content=\"https:\/\/fundaciomiquelvalls.org\/wp-content\/uploads\/2023\/04\/Diseno-sin-titulo.png\" \/>\n<meta name=\"twitter:label1\" content=\"Tiempo de lectura\" \/>\n\t<meta name=\"twitter:data1\" content=\"1 minuto\" \/>\n<script type=\"application\/ld+json\" class=\"yoast-schema-graph\">{\"@context\":\"https:\/\/schema.org\",\"@graph\":[{\"@type\":\"WebPage\",\"@id\":\"https:\/\/fundaciomiquelvalls.org\/es\/articulos_solidarios_contra_ela\/\",\"url\":\"https:\/\/fundaciomiquelvalls.org\/es\/articulos_solidarios_contra_ela\/\",\"name\":\"Art\u00edculos solidarios contra la ELA - Fundaci\u00f3 Catalana d&#039;ELA Miquel Valls\",\"isPartOf\":{\"@id\":\"https:\/\/fundaciomiquelvalls.org\/#website\"},\"datePublished\":\"2021-03-08T10:55:44+00:00\",\"dateModified\":\"2023-04-27T11:48:11+00:00\",\"description\":\"Encuentra diferentes productos solidarios de nuestra entidad y tambi\u00e9n otros materiales muy interesantes! Tenemos camisetas, libros, llaveros, bolsas entre otros muchos art\u00edculos con los que estar\u00e1 haciendo un Gesto por la ELA!\",\"breadcrumb\":{\"@id\":\"https:\/\/fundaciomiquelvalls.org\/es\/articulos_solidarios_contra_ela\/#breadcrumb\"},\"inLanguage\":\"es\",\"potentialAction\":[{\"@type\":\"ReadAction\",\"target\":[\"https:\/\/fundaciomiquelvalls.org\/es\/articulos_solidarios_contra_ela\/\"]}]},{\"@type\":\"BreadcrumbList\",\"@id\":\"https:\/\/fundaciomiquelvalls.org\/es\/articulos_solidarios_contra_ela\/#breadcrumb\",\"itemListElement\":[{\"@type\":\"ListItem\",\"position\":1,\"name\":\"Portada\",\"item\":\"https:\/\/fundaciomiquelvalls.org\/es\/\"},{\"@type\":\"ListItem\",\"position\":2,\"name\":\"Art\u00edculos solidarios contra la ELA\"}]},{\"@type\":\"WebSite\",\"@id\":\"https:\/\/fundaciomiquelvalls.org\/#website\",\"url\":\"https:\/\/fundaciomiquelvalls.org\/\",\"name\":\"Fundaci\u00f3 Catalana d&#039;ELA Miquel Valls\",\"description\":\"Treballem per millorar la qualitat de vida de les persones afectades d&#039;ELA i Malaltia de Motoneurona\",\"potentialAction\":[{\"@type\":\"SearchAction\",\"target\":{\"@type\":\"EntryPoint\",\"urlTemplate\":\"https:\/\/fundaciomiquelvalls.org\/?s={search_term_string}\"},\"query-input\":{\"@type\":\"PropertyValueSpecification\",\"valueRequired\":true,\"valueName\":\"search_term_string\"}}],\"inLanguage\":\"es\"}]}<\/script>\n<!-- \/ Yoast SEO plugin. -->","yoast_head_json":{"title":"Art\u00edculos solidarios contra la ELA - Fundaci\u00f3 Catalana d&#039;ELA Miquel Valls","description":"Encuentra diferentes productos solidarios de nuestra entidad y tambi\u00e9n otros materiales muy interesantes! Tenemos camisetas, libros, llaveros, bolsas entre otros muchos art\u00edculos con los que estar\u00e1 haciendo un Gesto por la ELA!","robots":{"index":"index","follow":"follow","max-snippet":"max-snippet:-1","max-image-preview":"max-image-preview:large","max-video-preview":"max-video-preview:-1"},"canonical":"https:\/\/fundaciomiquelvalls.org\/es\/articulos_solidarios_contra_ela\/","og_locale":"es_ES","og_type":"article","og_title":"Art\u00edculos solidarios contra la ELA","og_description":"Encuentra diferentes productos solidarios de nuestra entidad y tambi\u00e9n otros materiales muy interesantes! Tenemos camisetas, libros, llaveros, bolsas entre otros muchos art\u00edculos con los que estar\u00e1 haciendo un Gesto por la ELA!","og_url":"https:\/\/fundaciomiquelvalls.org\/es\/articulos_solidarios_contra_ela\/","og_site_name":"Fundaci\u00f3 Catalana d&#039;ELA Miquel Valls","article_modified_time":"2023-04-27T11:48:11+00:00","og_image":[{"width":1365,"height":610,"url":"https:\/\/fundaciomiquelvalls.org\/wp-content\/uploads\/2023\/04\/Diseno-sin-titulo.png","type":"image\/png"}],"twitter_card":"summary_large_image","twitter_title":"Art\u00edculos solidarios contra la ELA","twitter_description":"Encuentra diferentes productos solidarios de nuestra entidad y tambi\u00e9n otros materiales muy interesantes! Tenemos camisetas, libros, llaveros, bolsas entre otros muchos art\u00edculos con los que estar\u00e1 haciendo un Gesto por la ELA!","twitter_image":"https:\/\/fundaciomiquelvalls.org\/wp-content\/uploads\/2023\/04\/Diseno-sin-titulo.png","twitter_misc":{"Tiempo de lectura":"1 minuto"},"schema":{"@context":"https:\/\/schema.org","@graph":[{"@type":"WebPage","@id":"https:\/\/fundaciomiquelvalls.org\/es\/articulos_solidarios_contra_ela\/","url":"https:\/\/fundaciomiquelvalls.org\/es\/articulos_solidarios_contra_ela\/","name":"Art\u00edculos solidarios contra la ELA - Fundaci\u00f3 Catalana d&#039;ELA Miquel Valls","isPartOf":{"@id":"https:\/\/fundaciomiquelvalls.org\/#website"},"datePublished":"2021-03-08T10:55:44+00:00","dateModified":"2023-04-27T11:48:11+00:00","description":"Encuentra diferentes productos solidarios de nuestra entidad y tambi\u00e9n otros materiales muy interesantes! Tenemos camisetas, libros, llaveros, bolsas entre otros muchos art\u00edculos con los que estar\u00e1 haciendo un Gesto por la ELA!","breadcrumb":{"@id":"https:\/\/fundaciomiquelvalls.org\/es\/articulos_solidarios_contra_ela\/#breadcrumb"},"inLanguage":"es","potentialAction":[{"@type":"ReadAction","target":["https:\/\/fundaciomiquelvalls.org\/es\/articulos_solidarios_contra_ela\/"]}]},{"@type":"BreadcrumbList","@id":"https:\/\/fundaciomiquelvalls.org\/es\/articulos_solidarios_contra_ela\/#breadcrumb","itemListElement":[{"@type":"ListItem","position":1,"name":"Portada","item":"https:\/\/fundaciomiquelvalls.org\/es\/"},{"@type":"ListItem","position":2,"name":"Art\u00edculos solidarios contra la ELA"}]},{"@type":"WebSite","@id":"https:\/\/fundaciomiquelvalls.org\/#website","url":"https:\/\/fundaciomiquelvalls.org\/","name":"Fundaci\u00f3 Catalana d&#039;ELA Miquel Valls","description":"Treballem per millorar la qualitat de vida de les persones afectades d&#039;ELA i Malaltia de Motoneurona","potentialAction":[{"@type":"SearchAction","target":{"@type":"EntryPoint","urlTemplate":"https:\/\/fundaciomiquelvalls.org\/?s={search_term_string}"},"query-input":{"@type":"PropertyValueSpecification","valueRequired":true,"valueName":"search_term_string"}}],"inLanguage":"es"}]}},"_links":{"self":[{"href":"https:\/\/fundaciomiquelvalls.org\/es\/wp-json\/wp\/v2\/pages\/4981","targetHints":{"allow":["GET"]}}],"collection":[{"href":"https:\/\/fundaciomiquelvalls.org\/es\/wp-json\/wp\/v2\/pages"}],"about":[{"href":"https:\/\/fundaciomiquelvalls.org\/es\/wp-json\/wp\/v2\/types\/page"}],"author":[{"embeddable":true,"href":"https:\/\/fundaciomiquelvalls.org\/es\/wp-json\/wp\/v2\/users\/1"}],"replies":[{"embeddable":true,"href":"https:\/\/fundaciomiquelvalls.org\/es\/wp-json\/wp\/v2\/comments?post=4981"}],"version-history":[{"count":7,"href":"https:\/\/fundaciomiquelvalls.org\/es\/wp-json\/wp\/v2\/pages\/4981\/revisions"}],"predecessor-version":[{"id":5014,"href":"https:\/\/fundaciomiquelvalls.org\/es\/wp-json\/wp\/v2\/pages\/4981\/revisions\/5014"}],"wp:attachment":[{"href":"https:\/\/fundaciomiquelvalls.org\/es\/wp-json\/wp\/v2\/media?parent=4981"}],"curies":[{"name":"wp","href":"https:\/\/api.w.org\/{rel}","templated":true}]}}