{"id":4967,"date":"2022-12-01T16:41:01","date_gmt":"2022-12-01T16:41:01","guid":{"rendered":"https:\/\/fundaciomiquelvalls.org\/marxandatge-solidari-ela\/"},"modified":"2025-03-06T14:43:52","modified_gmt":"2025-03-06T14:43:52","slug":"articulos_solidarios_ela_fcemv","status":"publish","type":"page","link":"https:\/\/fundaciomiquelvalls.org\/es\/articulos_solidarios_contra_ela\/articulos_solidarios_ela_fcemv\/","title":{"rendered":"Art\u00edculos solidarios de la Fundaci\u00f3n Catalana de ELA Miquel Valls"},"content":{"rendered":"<p>[vc_row][vc_column][vc_column_text]<strong><span style=\"font-size: 14pt;\">En esta p\u00e1gina podr\u00e1s encontrar diferentes art\u00edculos solidarios por la lucha contra la ELA.<\/span><\/strong><\/p>\n<p><strong><span style=\"font-size: 14pt;\">Si est\u00e1s interesado en alguno en concreto no dudes en ponerte en contacto con nosotros en<\/span><\/strong><strong style=\"font-size: 14pt;\"><a href=\"mailto:ela@fundaciomiquelvalls.org\"> ela@fundaciomiquelvalls.org.<\/a><\/strong>[\/vc_column_text][\/vc_column][\/vc_row][vc_row][vc_column][vc_column_text]<\/p>\n<h3 class=\"block-title\"><a href=\"https:\/\/fundaciomiquelvalls.org\/contacte\/\">BOLSA ALGOD\u00d3N \u00abAMB TU HO FAREM POSSIBLE\u00bb<\/a><\/h3>\n<p>[\/vc_column_text][\/vc_column][\/vc_row][vc_row][vc_column width=\u00bb1\/2&#8243;][vc_single_image image=\u00bb6424&#8243; img_size=\u00bblarge\u00bb onclick=\u00bbcustom_link\u00bb link=\u00bbhttp:\/\/fundaciomiquelvalls.org\/contacte\/\u00bb][\/vc_column][vc_column width=\u00bb1\/2&#8243;][vc_column_text]Material: 100% Algod\u00f3n<br \/>\nMedidas: 38 x 42 cm<br \/>\nColor: blanco roto[\/vc_column_text][\/vc_column][\/vc_row][vc_row][vc_column][vc_empty_space][vc_column_text]<\/p>\n<h3 class=\"block-title\"><strong><a href=\"https:\/\/fundaciomiquelvalls.org\/contacte\/\">LLAVEROS GEST PER L&#8217;ELA<\/a><\/strong><\/h3>\n<p>[\/vc_column_text][\/vc_column][\/vc_row][vc_row][vc_column width=\u00bb1\/2&#8243;][vc_single_image image=\u00bb4957&#8243; img_size=\u00bblarge\u00bb onclick=\u00bbcustom_link\u00bb link=\u00bbhttp:\/\/fundaciomiquelvalls.org\/contacte\/\u00bb][\/vc_column][vc_column width=\u00bb1\/2&#8243;][vc_column_text]Material: metal trabajado con relieve<br \/>\nMida: Llavero: 55 x 30 mm -[\/vc_column_text][\/vc_column][\/vc_row][vc_row][vc_column][vc_empty_space][vc_column_text]<\/p>\n<h3 class=\"block-title\"><strong><a href=\"https:\/\/fundaciomiquelvalls.org\/contacte\/\">IMAN \u00abGEST PER L&#8217;ELA<\/a>\u00ab<\/strong><\/h3>\n<p>[\/vc_column_text][\/vc_column][\/vc_row][vc_row][vc_column width=\u00bb1\/2&#8243;][vc_single_image image=\u00bb4322&#8243; img_size=\u00bblarge\u00bb onclick=\u00bbcustom_link\u00bb link=\u00bbhttp:\/\/fundaciomiquelvalls.org\/contacte\/\u00bb][\/vc_column][vc_column width=\u00bb1\/2&#8243;][vc_column_text]Material: Iman<br \/>\nMedida: 70 x 45 mm[\/vc_column_text][\/vc_column][\/vc_row]<\/p>\n","protected":false},"excerpt":{"rendered":"<p>[vc_row][vc_column][vc_column_text]En esta p\u00e1gina podr\u00e1s encontrar diferentes art\u00edculos solidarios por la lucha contra la ELA. Si est\u00e1s interesado en alguno en concreto no dudes en ponerte en contacto con nosotros en ela@fundaciomiquelvalls.org.[\/vc_column_text][\/vc_column][\/vc_row][vc_row][vc_column][vc_column_text] BOLSA ALGOD\u00d3N \u00abAMB TU HO FAREM POSSIBLE\u00bb [\/vc_column_text][\/vc_column][\/vc_row][vc_row][vc_column width=\u00bb1\/2&#8243;][vc_single_image image=\u00bb6424&#8243; img_size=\u00bblarge\u00bb onclick=\u00bbcustom_link\u00bb link=\u00bbhttp:\/\/fundaciomiquelvalls.org\/contacte\/\u00bb][\/vc_column][vc_column width=\u00bb1\/2&#8243;][vc_column_text]Material: 100% Algod\u00f3n Medidas: 38 x 42 cm Color: blanco roto[\/vc_column_text][\/vc_column][\/vc_row][vc_row][vc_column][vc_empty_space][vc_column_text] LLAVEROS GEST PER L&#8217;ELA [\/vc_column_text][\/vc_column][\/vc_row][vc_row][vc_column width=\u00bb1\/2&#8243;][vc_single_image image=\u00bb4957&#8243; img_size=\u00bblarge\u00bb onclick=\u00bbcustom_link\u00bb link=\u00bbhttp:\/\/fundaciomiquelvalls.org\/contacte\/\u00bb][\/vc_column][vc_column width=\u00bb1\/2&#8243;][vc_column_text]Material: metal trabajado con relieve Mida: Llavero: 55 x 30 mm -[\/vc_column_text][\/vc_column][\/vc_row][vc_row][vc_column][vc_empty_space][vc_column_text] IMAN \u00abGEST PER L&#8217;ELA\u00ab [\/vc_column_text][\/vc_column][\/vc_row][vc_row][vc_column width=\u00bb1\/2&#8243;][vc_single_image image=\u00bb4322&#8243; img_size=\u00bblarge\u00bb onclick=\u00bbcustom_link\u00bb link=\u00bbhttp:\/\/fundaciomiquelvalls.org\/contacte\/\u00bb][\/vc_column][vc_column width=\u00bb1\/2&#8243;][vc_column_text]Material: Iman Medida: 70 x 45 mm[\/vc_column_text][\/vc_column][\/vc_row]<\/p>\n","protected":false},"author":1,"featured_media":0,"parent":4981,"menu_order":1,"comment_status":"closed","ping_status":"closed","template":"","meta":{"footnotes":""},"class_list":["post-4967","page","type-page","status-publish","hentry"],"yoast_head":"<!-- This site is optimized with the Yoast SEO plugin v26.9 - https:\/\/yoast.com\/product\/yoast-seo-wordpress\/ -->\n<title>Art\u00edculos solidarios de la Fundaci\u00f3n Catalana de ELA Miquel Valls - Fundaci\u00f3 Catalana d&#039;ELA Miquel Valls<\/title>\n<meta name=\"description\" content=\"En esta p\u00e1gina podr\u00e1s encontrar diferentes art\u00edculos solidarios por la lucha contra la ELA de la Fundaci\u00f3n Catalana de ELA Miquel Valls.\" \/>\n<meta name=\"robots\" content=\"index, follow, max-snippet:-1, max-image-preview:large, max-video-preview:-1\" \/>\n<link rel=\"canonical\" href=\"https:\/\/fundaciomiquelvalls.org\/es\/articulos_solidarios_contra_ela\/articulos_solidarios_ela_fcemv\/\" \/>\n<meta property=\"og:locale\" content=\"es_ES\" \/>\n<meta property=\"og:type\" content=\"article\" \/>\n<meta property=\"og:title\" content=\"Marxandatge solidari contra l&#039;ELA\" \/>\n<meta property=\"og:description\" content=\"No us quedeu sense els nostres articles solidaris amb els quals esteu donant suport i ajudant a les persones afectades d&#039;ELA i les seves fam\u00edlies!\" \/>\n<meta property=\"og:url\" content=\"https:\/\/fundaciomiquelvalls.org\/es\/articulos_solidarios_contra_ela\/articulos_solidarios_ela_fcemv\/\" \/>\n<meta property=\"og:site_name\" content=\"Fundaci\u00f3 Catalana d&#039;ELA Miquel Valls\" \/>\n<meta property=\"article:modified_time\" content=\"2025-03-06T14:43:52+00:00\" \/>\n<meta property=\"og:image\" content=\"https:\/\/fundaciomiquelvalls.org\/wp-content\/uploads\/2023\/04\/Blue-and-Cream-Travel-Vacation-Plans-Photo-Collage.png\" \/>\n\t<meta property=\"og:image:width\" content=\"2000\" \/>\n\t<meta property=\"og:image:height\" content=\"1600\" \/>\n\t<meta property=\"og:image:type\" content=\"image\/png\" \/>\n<meta name=\"twitter:card\" content=\"summary_large_image\" \/>\n<meta name=\"twitter:title\" content=\"Marxandatge solidari contra l&#039;ELA\" \/>\n<meta name=\"twitter:description\" content=\"No us quedeu sense els nostres articles solidaris amb els quals esteu donant suport i ajudant a les persones afectades d&#039;ELA i les seves fam\u00edlies!\" \/>\n<meta name=\"twitter:image\" content=\"https:\/\/fundaciomiquelvalls.org\/wp-content\/uploads\/2023\/04\/Blue-and-Cream-Travel-Vacation-Plans-Photo-Collage.png\" \/>\n<meta name=\"twitter:label1\" content=\"Tiempo de lectura\" \/>\n\t<meta name=\"twitter:data1\" content=\"2 minutos\" \/>\n<script type=\"application\/ld+json\" class=\"yoast-schema-graph\">{\"@context\":\"https:\/\/schema.org\",\"@graph\":[{\"@type\":\"WebPage\",\"@id\":\"https:\/\/fundaciomiquelvalls.org\/es\/articulos_solidarios_contra_ela\/articulos_solidarios_ela_fcemv\/\",\"url\":\"https:\/\/fundaciomiquelvalls.org\/es\/articulos_solidarios_contra_ela\/articulos_solidarios_ela_fcemv\/\",\"name\":\"Art\u00edculos solidarios de la Fundaci\u00f3n Catalana de ELA Miquel Valls - Fundaci\u00f3 Catalana d&#039;ELA Miquel Valls\",\"isPartOf\":{\"@id\":\"https:\/\/fundaciomiquelvalls.org\/#website\"},\"datePublished\":\"2022-12-01T16:41:01+00:00\",\"dateModified\":\"2025-03-06T14:43:52+00:00\",\"description\":\"En esta p\u00e1gina podr\u00e1s encontrar diferentes art\u00edculos solidarios por la lucha contra la ELA de la Fundaci\u00f3n Catalana de ELA Miquel Valls.\",\"breadcrumb\":{\"@id\":\"https:\/\/fundaciomiquelvalls.org\/es\/articulos_solidarios_contra_ela\/articulos_solidarios_ela_fcemv\/#breadcrumb\"},\"inLanguage\":\"es\",\"potentialAction\":[{\"@type\":\"ReadAction\",\"target\":[\"https:\/\/fundaciomiquelvalls.org\/es\/articulos_solidarios_contra_ela\/articulos_solidarios_ela_fcemv\/\"]}]},{\"@type\":\"BreadcrumbList\",\"@id\":\"https:\/\/fundaciomiquelvalls.org\/es\/articulos_solidarios_contra_ela\/articulos_solidarios_ela_fcemv\/#breadcrumb\",\"itemListElement\":[{\"@type\":\"ListItem\",\"position\":1,\"name\":\"Portada\",\"item\":\"https:\/\/fundaciomiquelvalls.org\/es\/\"},{\"@type\":\"ListItem\",\"position\":2,\"name\":\"Art\u00edculos solidarios contra la ELA\",\"item\":\"https:\/\/fundaciomiquelvalls.org\/es\/articulos_solidarios_contra_ela\/\"},{\"@type\":\"ListItem\",\"position\":3,\"name\":\"Art\u00edculos solidarios de la Fundaci\u00f3n Catalana de ELA Miquel Valls\"}]},{\"@type\":\"WebSite\",\"@id\":\"https:\/\/fundaciomiquelvalls.org\/#website\",\"url\":\"https:\/\/fundaciomiquelvalls.org\/\",\"name\":\"Fundaci\u00f3 Catalana d&#039;ELA Miquel Valls\",\"description\":\"Treballem per millorar la qualitat de vida de les persones afectades d&#039;ELA i Malaltia de Motoneurona\",\"potentialAction\":[{\"@type\":\"SearchAction\",\"target\":{\"@type\":\"EntryPoint\",\"urlTemplate\":\"https:\/\/fundaciomiquelvalls.org\/?s={search_term_string}\"},\"query-input\":{\"@type\":\"PropertyValueSpecification\",\"valueRequired\":true,\"valueName\":\"search_term_string\"}}],\"inLanguage\":\"es\"}]}<\/script>\n<!-- \/ Yoast SEO plugin. -->","yoast_head_json":{"title":"Art\u00edculos solidarios de la Fundaci\u00f3n Catalana de ELA Miquel Valls - Fundaci\u00f3 Catalana d&#039;ELA Miquel Valls","description":"En esta p\u00e1gina podr\u00e1s encontrar diferentes art\u00edculos solidarios por la lucha contra la ELA de la Fundaci\u00f3n Catalana de ELA Miquel Valls.","robots":{"index":"index","follow":"follow","max-snippet":"max-snippet:-1","max-image-preview":"max-image-preview:large","max-video-preview":"max-video-preview:-1"},"canonical":"https:\/\/fundaciomiquelvalls.org\/es\/articulos_solidarios_contra_ela\/articulos_solidarios_ela_fcemv\/","og_locale":"es_ES","og_type":"article","og_title":"Marxandatge solidari contra l'ELA","og_description":"No us quedeu sense els nostres articles solidaris amb els quals esteu donant suport i ajudant a les persones afectades d'ELA i les seves fam\u00edlies!","og_url":"https:\/\/fundaciomiquelvalls.org\/es\/articulos_solidarios_contra_ela\/articulos_solidarios_ela_fcemv\/","og_site_name":"Fundaci\u00f3 Catalana d&#039;ELA Miquel Valls","article_modified_time":"2025-03-06T14:43:52+00:00","og_image":[{"width":2000,"height":1600,"url":"https:\/\/fundaciomiquelvalls.org\/wp-content\/uploads\/2023\/04\/Blue-and-Cream-Travel-Vacation-Plans-Photo-Collage.png","type":"image\/png"}],"twitter_card":"summary_large_image","twitter_title":"Marxandatge solidari contra l'ELA","twitter_description":"No us quedeu sense els nostres articles solidaris amb els quals esteu donant suport i ajudant a les persones afectades d'ELA i les seves fam\u00edlies!","twitter_image":"https:\/\/fundaciomiquelvalls.org\/wp-content\/uploads\/2023\/04\/Blue-and-Cream-Travel-Vacation-Plans-Photo-Collage.png","twitter_misc":{"Tiempo de lectura":"2 minutos"},"schema":{"@context":"https:\/\/schema.org","@graph":[{"@type":"WebPage","@id":"https:\/\/fundaciomiquelvalls.org\/es\/articulos_solidarios_contra_ela\/articulos_solidarios_ela_fcemv\/","url":"https:\/\/fundaciomiquelvalls.org\/es\/articulos_solidarios_contra_ela\/articulos_solidarios_ela_fcemv\/","name":"Art\u00edculos solidarios de la Fundaci\u00f3n Catalana de ELA Miquel Valls - Fundaci\u00f3 Catalana d&#039;ELA Miquel Valls","isPartOf":{"@id":"https:\/\/fundaciomiquelvalls.org\/#website"},"datePublished":"2022-12-01T16:41:01+00:00","dateModified":"2025-03-06T14:43:52+00:00","description":"En esta p\u00e1gina podr\u00e1s encontrar diferentes art\u00edculos solidarios por la lucha contra la ELA de la Fundaci\u00f3n Catalana de ELA Miquel Valls.","breadcrumb":{"@id":"https:\/\/fundaciomiquelvalls.org\/es\/articulos_solidarios_contra_ela\/articulos_solidarios_ela_fcemv\/#breadcrumb"},"inLanguage":"es","potentialAction":[{"@type":"ReadAction","target":["https:\/\/fundaciomiquelvalls.org\/es\/articulos_solidarios_contra_ela\/articulos_solidarios_ela_fcemv\/"]}]},{"@type":"BreadcrumbList","@id":"https:\/\/fundaciomiquelvalls.org\/es\/articulos_solidarios_contra_ela\/articulos_solidarios_ela_fcemv\/#breadcrumb","itemListElement":[{"@type":"ListItem","position":1,"name":"Portada","item":"https:\/\/fundaciomiquelvalls.org\/es\/"},{"@type":"ListItem","position":2,"name":"Art\u00edculos solidarios contra la ELA","item":"https:\/\/fundaciomiquelvalls.org\/es\/articulos_solidarios_contra_ela\/"},{"@type":"ListItem","position":3,"name":"Art\u00edculos solidarios de la Fundaci\u00f3n Catalana de ELA Miquel Valls"}]},{"@type":"WebSite","@id":"https:\/\/fundaciomiquelvalls.org\/#website","url":"https:\/\/fundaciomiquelvalls.org\/","name":"Fundaci\u00f3 Catalana d&#039;ELA Miquel Valls","description":"Treballem per millorar la qualitat de vida de les persones afectades d&#039;ELA i Malaltia de Motoneurona","potentialAction":[{"@type":"SearchAction","target":{"@type":"EntryPoint","urlTemplate":"https:\/\/fundaciomiquelvalls.org\/?s={search_term_string}"},"query-input":{"@type":"PropertyValueSpecification","valueRequired":true,"valueName":"search_term_string"}}],"inLanguage":"es"}]}},"_links":{"self":[{"href":"https:\/\/fundaciomiquelvalls.org\/es\/wp-json\/wp\/v2\/pages\/4967","targetHints":{"allow":["GET"]}}],"collection":[{"href":"https:\/\/fundaciomiquelvalls.org\/es\/wp-json\/wp\/v2\/pages"}],"about":[{"href":"https:\/\/fundaciomiquelvalls.org\/es\/wp-json\/wp\/v2\/types\/page"}],"author":[{"embeddable":true,"href":"https:\/\/fundaciomiquelvalls.org\/es\/wp-json\/wp\/v2\/users\/1"}],"replies":[{"embeddable":true,"href":"https:\/\/fundaciomiquelvalls.org\/es\/wp-json\/wp\/v2\/comments?post=4967"}],"version-history":[{"count":8,"href":"https:\/\/fundaciomiquelvalls.org\/es\/wp-json\/wp\/v2\/pages\/4967\/revisions"}],"predecessor-version":[{"id":8157,"href":"https:\/\/fundaciomiquelvalls.org\/es\/wp-json\/wp\/v2\/pages\/4967\/revisions\/8157"}],"up":[{"embeddable":true,"href":"https:\/\/fundaciomiquelvalls.org\/es\/wp-json\/wp\/v2\/pages\/4981"}],"wp:attachment":[{"href":"https:\/\/fundaciomiquelvalls.org\/es\/wp-json\/wp\/v2\/media?parent=4967"}],"curies":[{"name":"wp","href":"https:\/\/api.w.org\/{rel}","templated":true}]}}