{"id":3315,"date":"2021-03-02T11:50:10","date_gmt":"2021-03-02T11:50:10","guid":{"rendered":"https:\/\/fundaciomiquelvalls.org\/sensibilitzacio-i-difusio\/"},"modified":"2022-05-02T12:29:44","modified_gmt":"2022-05-02T12:29:44","slug":"sensibilitzacio-i-difusio","status":"publish","type":"page","link":"https:\/\/fundaciomiquelvalls.org\/es\/sensibilitzacio-i-difusio\/","title":{"rendered":"Sensibilizaci\u00f3n y difusi\u00f3n"},"content":{"rendered":"<p>[vc_row][vc_column][vc_column_text]<\/p>\n<p style=\"text-align: center;\"><strong>La ELA es todav\u00eda una enfermedad poco conocida, por eso la difusi\u00f3n de \u00e9sta y de la labor de la Fundaci\u00f3n es indispensable para sensibilizar<\/strong> a la sociedad y<strong> conseguir una ciudadan\u00eda comprometida<\/strong> y activa respecto a las necesidades de las personas afectadas.<\/p>\n<p>[\/vc_column_text][vc_empty_space][vc_text_separator title=\u00bbActividades de sensibilizaci\u00f3n y difusi\u00f3n\u00bb color=\u00bbcustom\u00bb border_width=\u00bb2&#8243; el_width=\u00bb80&#8243; accent_color=\u00bb#bad735&#8243;][\/vc_column][\/vc_row][vc_row][vc_column width=\u00bb1\/3&#8243;][vc_single_image image=\u00bb2588&#8243; img_size=\u00bbmedium\u00bb alignment=\u00bbcenter\u00bb][vc_column_text]<strong>Sensibilizaci\u00f3n de las administraciones y estamentos p\u00fablicos<\/strong>. Sensibilizamos hacia las necesidades colectivas para dar a conocer la realidad de las personas afectadas de ELA\/EMN y sus familias y conseguir mejoras, tanto en las ayudas como en la atenci\u00f3n m\u00e9dica.[\/vc_column_text][\/vc_column][vc_column width=\u00bb1\/3&#8243;][vc_single_image image=\u00bb2590&#8243; img_size=\u00bbmedium\u00bb alignment=\u00bbcenter\u00bb][vc_column_text]<strong>Jornadas, reuniones y encuentros con servicios espec\u00edficos de la red p\u00fablica y privada<\/strong> con el objetivo de seguir mejorando la atenci\u00f3n a las personas afectadas de ELA\/EMN a trav\u00e9s de la atenci\u00f3n social y sanitaria aportando a otros profesionales conocimiento la enfermedad y sensibiliz\u00e1ndolos en el trato espec\u00edfico que requiere.[\/vc_column_text][\/vc_column][vc_column width=\u00bb1\/3&#8243;][vc_single_image image=\u00bb2593&#8243; img_size=\u00bb350&#215;225&#8243; alignment=\u00bbcenter\u00bb][vc_column_text]<a href=\"https:\/\/fundaciomiquelvalls.org\/es\/fes-un-gest-per-lela\/\"><strong>Haz un Gesto por la ELA.<\/strong><\/a> El Gesto por la ELA va acompa\u00f1ado de la sencilla imagen de una mano que forma, con la posici\u00f3n de sus dedos, la letra \u201cL\u201d (ELA en catal\u00e1n). Cada vez que conseguimos que una persona haga este gesto sirve para conocer la ELA un poco m\u00e1s. Adem\u00e1s, el 21 de junio, d\u00eda mundial de la ELA, ponemos en marcha la campa\u00f1a \u201cel 21 de junio \u200b\u200bHaz un Gesto por la ELA\u201d que consiste en subir a redes una fotograf\u00eda haciendo el Gesto.[\/vc_column_text][\/vc_column][\/vc_row][vc_row][vc_column width=\u00bb1\/3&#8243;][vc_single_image image=\u00bb2597&#8243; img_size=\u00bbmedium\u00bb alignment=\u00bbcenter\u00bb][vc_column_text]<strong>Actos solidarios.<\/strong> Actos culturales, actividades deportivas, conciertos, jornadas, celebraciones privadas, etc. Cualquier acto puede convertirse en solidario para sensibilizar sobre la ELA y que m\u00e1s gente conozca esta enfermedad.[\/vc_column_text][\/vc_column][vc_column width=\u00bb1\/3&#8243;][vc_single_image image=\u00bb2600&#8243; img_size=\u00bb300&#215;225&#8243; alignment=\u00bbcenter\u00bb][vc_column_text]<strong>Implicaci\u00f3n de personalidades p\u00fablicas.<\/strong> Si personas de la esfera p\u00fablica apoyan a la entidad conseguiremos hacer m\u00e1s visible la problem\u00e1tica de la ELA\/EMN, ya que con su proyecci\u00f3n nos ayudan a difundir la enfermedad y avalan la entidad y sus actuaciones.[\/vc_column_text][\/vc_column][vc_column width=\u00bb1\/3&#8243;][vc_single_image image=\u00bb2603&#8243; img_size=\u00bb300&#215;225&#8243; alignment=\u00bbcenter\u00bb][vc_column_text]<strong>Merchandising Solidario.<\/strong> Productos de merchandising de nuestra entidad y tambi\u00e9n otros materiales, todos solidarios. Tenemos disponibles camisetas, libros, llaveros, bolsas entre otros art\u00edculos con los que estar\u00e1 haciendo un Gesto por la ELA.[\/vc_column_text][\/vc_column][\/vc_row]<\/p>\n","protected":false},"excerpt":{"rendered":"<p>[vc_row][vc_column][vc_column_text] La ELA es todav\u00eda una enfermedad poco conocida, por eso la difusi\u00f3n de \u00e9sta y de la labor de la Fundaci\u00f3n es indispensable para sensibilizar a la sociedad y conseguir una ciudadan\u00eda comprometida y activa respecto a las necesidades de las personas afectadas. [\/vc_column_text][vc_empty_space][vc_text_separator title=\u00bbActividades de sensibilizaci\u00f3n y difusi\u00f3n\u00bb color=\u00bbcustom\u00bb border_width=\u00bb2&#8243; el_width=\u00bb80&#8243; accent_color=\u00bb#bad735&#8243;][\/vc_column][\/vc_row][vc_row][vc_column width=\u00bb1\/3&#8243;][vc_single_image image=\u00bb2588&#8243; img_size=\u00bbmedium\u00bb alignment=\u00bbcenter\u00bb][vc_column_text]Sensibilizaci\u00f3n de las administraciones y estamentos p\u00fablicos. Sensibilizamos hacia las necesidades colectivas para dar a conocer la realidad de las personas afectadas de ELA\/EMN y sus familias y conseguir mejoras, tanto en las ayudas como en la atenci\u00f3n m\u00e9dica.[\/vc_column_text][\/vc_column][vc_column width=\u00bb1\/3&#8243;][vc_single_image image=\u00bb2590&#8243; img_size=\u00bbmedium\u00bb alignment=\u00bbcenter\u00bb][vc_column_text]Jornadas, reuniones y encuentros con servicios espec\u00edficos de la red p\u00fablica y privada con el objetivo de seguir mejorando la atenci\u00f3n a las personas afectadas de ELA\/EMN a trav\u00e9s de la atenci\u00f3n social y sanitaria aportando a otros profesionales conocimiento la enfermedad y sensibiliz\u00e1ndolos en el trato espec\u00edfico que requiere.[\/vc_column_text][\/vc_column][vc_column width=\u00bb1\/3&#8243;][vc_single_image image=\u00bb2593&#8243; img_size=\u00bb350&#215;225&#8243; alignment=\u00bbcenter\u00bb][vc_column_text]Haz un Gesto por la ELA. El Gesto por la ELA va acompa\u00f1ado de la sencilla imagen de una mano que forma, con la posici\u00f3n de sus dedos, la letra \u201cL\u201d (ELA en catal\u00e1n). Cada vez que conseguimos que una persona haga este gesto sirve para conocer la ELA un poco m\u00e1s. Adem\u00e1s, el 21 de junio, d\u00eda mundial de la ELA, ponemos en marcha la campa\u00f1a \u201cel 21 de junio \u200b\u200bHaz un Gesto por la ELA\u201d que consiste en subir a redes una fotograf\u00eda haciendo el Gesto.[\/vc_column_text][\/vc_column][\/vc_row][vc_row][vc_column width=\u00bb1\/3&#8243;][vc_single_image image=\u00bb2597&#8243; img_size=\u00bbmedium\u00bb alignment=\u00bbcenter\u00bb][vc_column_text]Actos solidarios. Actos culturales, actividades deportivas, conciertos, jornadas, celebraciones privadas, etc. Cualquier acto puede convertirse en solidario para sensibilizar sobre la ELA y que m\u00e1s gente conozca esta enfermedad.[\/vc_column_text][\/vc_column][vc_column width=\u00bb1\/3&#8243;][vc_single_image image=\u00bb2600&#8243; img_size=\u00bb300&#215;225&#8243; alignment=\u00bbcenter\u00bb][vc_column_text]Implicaci\u00f3n de personalidades p\u00fablicas. Si personas de la esfera p\u00fablica apoyan a la entidad conseguiremos hacer m\u00e1s visible la problem\u00e1tica de la ELA\/EMN, ya que con su proyecci\u00f3n nos ayudan a difundir la enfermedad y avalan la entidad y sus actuaciones.[\/vc_column_text][\/vc_column][vc_column width=\u00bb1\/3&#8243;][vc_single_image image=\u00bb2603&#8243; img_size=\u00bb300&#215;225&#8243; alignment=\u00bbcenter\u00bb][vc_column_text]Merchandising Solidario. Productos de merchandising de nuestra entidad y tambi\u00e9n otros materiales, todos solidarios. Tenemos disponibles camisetas, libros, llaveros, bolsas entre otros art\u00edculos con los que estar\u00e1 haciendo un Gesto por la ELA.[\/vc_column_text][\/vc_column][\/vc_row]<\/p>\n","protected":false},"author":1,"featured_media":0,"parent":0,"menu_order":0,"comment_status":"closed","ping_status":"closed","template":"","meta":{"footnotes":""},"class_list":["post-3315","page","type-page","status-publish","hentry"],"yoast_head":"<!-- This site is optimized with the Yoast SEO plugin v26.9 - https:\/\/yoast.com\/product\/yoast-seo-wordpress\/ -->\n<title>Sensibilizaci\u00f3n y difusi\u00f3n - Fundaci\u00f3 Catalana d&#039;ELA Miquel Valls<\/title>\n<meta name=\"description\" content=\"La ELA es todav\u00eda una enfermedad poco conocida, por eso la difusi\u00f3n de \u00e9sta y de la labor de la Fundaci\u00f3n es indispensable para sensibilizar a la sociedad.\" \/>\n<meta name=\"robots\" content=\"index, follow, max-snippet:-1, max-image-preview:large, max-video-preview:-1\" \/>\n<link rel=\"canonical\" href=\"https:\/\/fundaciomiquelvalls.org\/es\/sensibilitzacio-i-difusio\/\" \/>\n<meta property=\"og:locale\" content=\"es_ES\" \/>\n<meta property=\"og:type\" content=\"article\" \/>\n<meta property=\"og:title\" content=\"Sensibilizaci\u00f3n y difusi\u00f3n - Fundaci\u00f3 Catalana d&#039;ELA Miquel Valls\" \/>\n<meta property=\"og:description\" content=\"La ELA es todav\u00eda una enfermedad poco conocida, por eso la difusi\u00f3n de \u00e9sta y de la labor de la Fundaci\u00f3n es indispensable para sensibilizar a la sociedad.\" \/>\n<meta property=\"og:url\" content=\"https:\/\/fundaciomiquelvalls.org\/es\/sensibilitzacio-i-difusio\/\" \/>\n<meta property=\"og:site_name\" content=\"Fundaci\u00f3 Catalana d&#039;ELA Miquel Valls\" \/>\n<meta property=\"article:modified_time\" content=\"2022-05-02T12:29:44+00:00\" \/>\n<meta name=\"twitter:card\" content=\"summary_large_image\" \/>\n<meta name=\"twitter:label1\" content=\"Tiempo de lectura\" \/>\n\t<meta name=\"twitter:data1\" content=\"2 minutos\" \/>\n<script type=\"application\/ld+json\" class=\"yoast-schema-graph\">{\"@context\":\"https:\/\/schema.org\",\"@graph\":[{\"@type\":\"WebPage\",\"@id\":\"https:\/\/fundaciomiquelvalls.org\/es\/sensibilitzacio-i-difusio\/\",\"url\":\"https:\/\/fundaciomiquelvalls.org\/es\/sensibilitzacio-i-difusio\/\",\"name\":\"Sensibilizaci\u00f3n y difusi\u00f3n - Fundaci\u00f3 Catalana d&#039;ELA Miquel Valls\",\"isPartOf\":{\"@id\":\"https:\/\/fundaciomiquelvalls.org\/#website\"},\"datePublished\":\"2021-03-02T11:50:10+00:00\",\"dateModified\":\"2022-05-02T12:29:44+00:00\",\"description\":\"La ELA es todav\u00eda una enfermedad poco conocida, por eso la difusi\u00f3n de \u00e9sta y de la labor de la Fundaci\u00f3n es indispensable para sensibilizar a la sociedad.\",\"breadcrumb\":{\"@id\":\"https:\/\/fundaciomiquelvalls.org\/es\/sensibilitzacio-i-difusio\/#breadcrumb\"},\"inLanguage\":\"es\",\"potentialAction\":[{\"@type\":\"ReadAction\",\"target\":[\"https:\/\/fundaciomiquelvalls.org\/es\/sensibilitzacio-i-difusio\/\"]}]},{\"@type\":\"BreadcrumbList\",\"@id\":\"https:\/\/fundaciomiquelvalls.org\/es\/sensibilitzacio-i-difusio\/#breadcrumb\",\"itemListElement\":[{\"@type\":\"ListItem\",\"position\":1,\"name\":\"Portada\",\"item\":\"https:\/\/fundaciomiquelvalls.org\/es\/\"},{\"@type\":\"ListItem\",\"position\":2,\"name\":\"Sensibilizaci\u00f3n y difusi\u00f3n\"}]},{\"@type\":\"WebSite\",\"@id\":\"https:\/\/fundaciomiquelvalls.org\/#website\",\"url\":\"https:\/\/fundaciomiquelvalls.org\/\",\"name\":\"Fundaci\u00f3 Catalana d&#039;ELA Miquel Valls\",\"description\":\"Treballem per millorar la qualitat de vida de les persones afectades d&#039;ELA i Malaltia de Motoneurona\",\"potentialAction\":[{\"@type\":\"SearchAction\",\"target\":{\"@type\":\"EntryPoint\",\"urlTemplate\":\"https:\/\/fundaciomiquelvalls.org\/?s={search_term_string}\"},\"query-input\":{\"@type\":\"PropertyValueSpecification\",\"valueRequired\":true,\"valueName\":\"search_term_string\"}}],\"inLanguage\":\"es\"}]}<\/script>\n<!-- \/ Yoast SEO plugin. -->","yoast_head_json":{"title":"Sensibilizaci\u00f3n y difusi\u00f3n - Fundaci\u00f3 Catalana d&#039;ELA Miquel Valls","description":"La ELA es todav\u00eda una enfermedad poco conocida, por eso la difusi\u00f3n de \u00e9sta y de la labor de la Fundaci\u00f3n es indispensable para sensibilizar a la sociedad.","robots":{"index":"index","follow":"follow","max-snippet":"max-snippet:-1","max-image-preview":"max-image-preview:large","max-video-preview":"max-video-preview:-1"},"canonical":"https:\/\/fundaciomiquelvalls.org\/es\/sensibilitzacio-i-difusio\/","og_locale":"es_ES","og_type":"article","og_title":"Sensibilizaci\u00f3n y difusi\u00f3n - Fundaci\u00f3 Catalana d&#039;ELA Miquel Valls","og_description":"La ELA es todav\u00eda una enfermedad poco conocida, por eso la difusi\u00f3n de \u00e9sta y de la labor de la Fundaci\u00f3n es indispensable para sensibilizar a la sociedad.","og_url":"https:\/\/fundaciomiquelvalls.org\/es\/sensibilitzacio-i-difusio\/","og_site_name":"Fundaci\u00f3 Catalana d&#039;ELA Miquel Valls","article_modified_time":"2022-05-02T12:29:44+00:00","twitter_card":"summary_large_image","twitter_misc":{"Tiempo de lectura":"2 minutos"},"schema":{"@context":"https:\/\/schema.org","@graph":[{"@type":"WebPage","@id":"https:\/\/fundaciomiquelvalls.org\/es\/sensibilitzacio-i-difusio\/","url":"https:\/\/fundaciomiquelvalls.org\/es\/sensibilitzacio-i-difusio\/","name":"Sensibilizaci\u00f3n y difusi\u00f3n - Fundaci\u00f3 Catalana d&#039;ELA Miquel Valls","isPartOf":{"@id":"https:\/\/fundaciomiquelvalls.org\/#website"},"datePublished":"2021-03-02T11:50:10+00:00","dateModified":"2022-05-02T12:29:44+00:00","description":"La ELA es todav\u00eda una enfermedad poco conocida, por eso la difusi\u00f3n de \u00e9sta y de la labor de la Fundaci\u00f3n es indispensable para sensibilizar a la sociedad.","breadcrumb":{"@id":"https:\/\/fundaciomiquelvalls.org\/es\/sensibilitzacio-i-difusio\/#breadcrumb"},"inLanguage":"es","potentialAction":[{"@type":"ReadAction","target":["https:\/\/fundaciomiquelvalls.org\/es\/sensibilitzacio-i-difusio\/"]}]},{"@type":"BreadcrumbList","@id":"https:\/\/fundaciomiquelvalls.org\/es\/sensibilitzacio-i-difusio\/#breadcrumb","itemListElement":[{"@type":"ListItem","position":1,"name":"Portada","item":"https:\/\/fundaciomiquelvalls.org\/es\/"},{"@type":"ListItem","position":2,"name":"Sensibilizaci\u00f3n y difusi\u00f3n"}]},{"@type":"WebSite","@id":"https:\/\/fundaciomiquelvalls.org\/#website","url":"https:\/\/fundaciomiquelvalls.org\/","name":"Fundaci\u00f3 Catalana d&#039;ELA Miquel Valls","description":"Treballem per millorar la qualitat de vida de les persones afectades d&#039;ELA i Malaltia de Motoneurona","potentialAction":[{"@type":"SearchAction","target":{"@type":"EntryPoint","urlTemplate":"https:\/\/fundaciomiquelvalls.org\/?s={search_term_string}"},"query-input":{"@type":"PropertyValueSpecification","valueRequired":true,"valueName":"search_term_string"}}],"inLanguage":"es"}]}},"_links":{"self":[{"href":"https:\/\/fundaciomiquelvalls.org\/es\/wp-json\/wp\/v2\/pages\/3315","targetHints":{"allow":["GET"]}}],"collection":[{"href":"https:\/\/fundaciomiquelvalls.org\/es\/wp-json\/wp\/v2\/pages"}],"about":[{"href":"https:\/\/fundaciomiquelvalls.org\/es\/wp-json\/wp\/v2\/types\/page"}],"author":[{"embeddable":true,"href":"https:\/\/fundaciomiquelvalls.org\/es\/wp-json\/wp\/v2\/users\/1"}],"replies":[{"embeddable":true,"href":"https:\/\/fundaciomiquelvalls.org\/es\/wp-json\/wp\/v2\/comments?post=3315"}],"version-history":[{"count":4,"href":"https:\/\/fundaciomiquelvalls.org\/es\/wp-json\/wp\/v2\/pages\/3315\/revisions"}],"predecessor-version":[{"id":3319,"href":"https:\/\/fundaciomiquelvalls.org\/es\/wp-json\/wp\/v2\/pages\/3315\/revisions\/3319"}],"wp:attachment":[{"href":"https:\/\/fundaciomiquelvalls.org\/es\/wp-json\/wp\/v2\/media?parent=3315"}],"curies":[{"name":"wp","href":"https:\/\/api.w.org\/{rel}","templated":true}]}}