{"id":3286,"date":"2022-02-22T13:50:31","date_gmt":"2022-02-22T13:50:31","guid":{"rendered":"https:\/\/fundaciomiquelvalls.org\/programa-atencio-integral-malalties-avancades\/"},"modified":"2022-09-26T12:09:13","modified_gmt":"2022-09-26T12:09:13","slug":"programa-atencio-integral-malalties-avancades","status":"publish","type":"page","link":"https:\/\/fundaciomiquelvalls.org\/es\/programa-atencio-integral-malalties-avancades\/","title":{"rendered":"Programa por la atenci\u00f3n integral a personas con enfermedades avanzadas"},"content":{"rendered":"<p>[vc_row][vc_column][vc_single_image image=\u00bb3874&#8243; img_size=\u00bblarge\u00bb alignment=\u00bbcenter\u00bb][\/vc_column][\/vc_row][vc_row][vc_column width=\u00bb1\/2&#8243;][vc_single_image image=\u00bb2181&#8243; img_size=\u00bbmedium\u00bb alignment=\u00bbcenter\u00bb][\/vc_column][vc_column width=\u00bb1\/2&#8243;][vc_single_image image=\u00bb3870&#8243; img_size=\u00bbmedium\u00bb alignment=\u00bbcenter\u00bb][\/vc_column][\/vc_row][vc_row][vc_column][vc_column_text]Desde el a\u00f1o 2008, la Fundaci\u00f3n \u00abla Caixa\u00bb, en colaboraci\u00f3n con el Ministerio de Sanidad y con el aval de la Organizaci\u00f3n Mundial de la Salud, desarrolla el Programa para la atenci\u00f3n integral a personas con enfermedades avanzadas.<\/p>\n<p><strong><a href=\"https:\/\/fundacionlacaixa.org\/es\/programas-sociales\/salud\/atencion-integral-personas-enfermedades-avanzadas\/lineas-de-actuacion\">Programa de Atenci\u00f3n integral a personas con enfermedades avanzadas.<\/a><\/strong><\/p>\n<p>El objetivo principal del Programa es <strong>mejorar la calidad de vida de las personas con enfermedades avanzadas y sus familiares, mediante la atenci\u00f3n a los aspectos emocionales, sociales y espirituales.<\/strong><\/p>\n<p>En el a\u00f1o 2014 se abri\u00f3 convocatoria para ampliar el alcance del Programa en varias provincias y la Fundaci\u00f3n Catalana de ELA Miquel Valls present\u00f3 una solicitud para la creaci\u00f3n de un equipo de atenci\u00f3n psicosocial (EAPS) dirigido espec\u00edficamente a las personas afectadas de ELA y sus familias. Desde la Fundaci\u00f3n \u00abla Caixa\u00bb se concedi\u00f3 una <strong>menci\u00f3n especial a la Fundaci\u00f3n Catalana de ELA Miquel Valls,<\/strong> destacando la calidad intr\u00ednseca del proyecto presentado y la atenci\u00f3n a un colectivo tan espec\u00edfico y se propuso la <strong>creaci\u00f3n de un equipo de atenci\u00f3n psicosocial especializado en Esclerosis Lateral Amiotr\u00f3fica para todo el territorio de Catalu\u00f1a.<\/strong><\/p>\n<p><strong>El EAPS-FMQV est\u00e1 formado por profesionales y voluntarios de la Fundaci\u00f3n<\/strong> Catalana de ELA Miquel Valls y ofrece atenci\u00f3n psicosocial-espiritual a las personas afectadas de ELA y sus familias, en colaboraci\u00f3n con los equipos de atenci\u00f3n a estas patolog\u00edas de organizaciones p\u00fablicas o concertadas (centros hospitalarios, centros sociosanitarios, PADES, etc), con el fin de ofrecer una atenci\u00f3n integral, cubriendo las necesidades y las demandas en las \u00e1reas de la atenci\u00f3n emocional, espiritual y social de los pacientes y sus familias, de la atenci\u00f3n al duelo y ofreciendo apoyo a los profesionales de los equipos sanitarios, complementando su actuaci\u00f3n y coordinando todas las intervenciones.<\/p>\n<p>Para m\u00e1s informaci\u00f3n sobre el programa para la atenci\u00f3n integral a personas con enfermedades avanzadas puede ir a\u00a0<strong><a href=\"https:\/\/fundacionlacaixa.org\/es\/programas-sociales\/salud\/atencion-integral-personas-enfermedades-avanzadas\/lineas-de-actuacion\">su web.<\/a><\/strong>[\/vc_column_text][\/vc_column][\/vc_row]<\/p>\n","protected":false},"excerpt":{"rendered":"<p>[vc_row][vc_column][vc_single_image image=\u00bb3874&#8243; img_size=\u00bblarge\u00bb alignment=\u00bbcenter\u00bb][\/vc_column][\/vc_row][vc_row][vc_column width=\u00bb1\/2&#8243;][vc_single_image image=\u00bb2181&#8243; img_size=\u00bbmedium\u00bb alignment=\u00bbcenter\u00bb][\/vc_column][vc_column width=\u00bb1\/2&#8243;][vc_single_image image=\u00bb3870&#8243; img_size=\u00bbmedium\u00bb alignment=\u00bbcenter\u00bb][\/vc_column][\/vc_row][vc_row][vc_column][vc_column_text]Desde el a\u00f1o 2008, la Fundaci\u00f3n \u00abla Caixa\u00bb, en colaboraci\u00f3n con el Ministerio de Sanidad y con el aval de la Organizaci\u00f3n Mundial de la Salud, desarrolla el Programa para la atenci\u00f3n integral a personas con enfermedades avanzadas. Programa de Atenci\u00f3n integral a personas con enfermedades avanzadas. El objetivo principal del Programa es mejorar la calidad de vida de las personas con enfermedades avanzadas y sus familiares, mediante la atenci\u00f3n a los aspectos emocionales, sociales y espirituales. En el a\u00f1o 2014 se abri\u00f3 convocatoria para ampliar el alcance del Programa en varias provincias y la Fundaci\u00f3n Catalana de ELA Miquel Valls present\u00f3 una solicitud para la creaci\u00f3n de un equipo de atenci\u00f3n psicosocial (EAPS) dirigido espec\u00edficamente a las personas afectadas de ELA y sus familias. Desde la Fundaci\u00f3n \u00abla Caixa\u00bb se concedi\u00f3 una menci\u00f3n especial a la Fundaci\u00f3n Catalana de ELA Miquel Valls, destacando la calidad intr\u00ednseca del proyecto presentado y la atenci\u00f3n a un colectivo tan espec\u00edfico y se propuso la creaci\u00f3n de un equipo de atenci\u00f3n psicosocial especializado en Esclerosis Lateral Amiotr\u00f3fica para todo el territorio de Catalu\u00f1a. El EAPS-FMQV est\u00e1 formado por profesionales y voluntarios de la Fundaci\u00f3n Catalana de ELA Miquel Valls y ofrece atenci\u00f3n psicosocial-espiritual a las personas afectadas de ELA y sus familias, en colaboraci\u00f3n con los equipos de atenci\u00f3n a estas patolog\u00edas de organizaciones p\u00fablicas o concertadas (centros hospitalarios, centros sociosanitarios, PADES, etc), con el fin de ofrecer una atenci\u00f3n integral, cubriendo las necesidades y las demandas en las \u00e1reas de la atenci\u00f3n emocional, espiritual y social de los pacientes y sus familias, de la atenci\u00f3n al duelo y ofreciendo apoyo a los profesionales de los equipos sanitarios, complementando su actuaci\u00f3n y coordinando todas las intervenciones. Para m\u00e1s informaci\u00f3n sobre el programa para la atenci\u00f3n integral a personas con enfermedades avanzadas puede ir a\u00a0su web.[\/vc_column_text][\/vc_column][\/vc_row]<\/p>\n","protected":false},"author":1,"featured_media":0,"parent":0,"menu_order":0,"comment_status":"closed","ping_status":"closed","template":"","meta":{"footnotes":""},"class_list":["post-3286","page","type-page","status-publish","hentry"],"yoast_head":"<!-- This site is optimized with the Yoast SEO plugin v26.9 - https:\/\/yoast.com\/product\/yoast-seo-wordpress\/ -->\n<title>Programa por la atenci\u00f3n integral a personas con enfermedades avanzadas - Fundaci\u00f3 Catalana d&#039;ELA Miquel Valls<\/title>\n<meta name=\"robots\" content=\"index, follow, max-snippet:-1, max-image-preview:large, max-video-preview:-1\" \/>\n<link rel=\"canonical\" href=\"https:\/\/fundaciomiquelvalls.org\/es\/programa-atencio-integral-malalties-avancades\/\" \/>\n<meta property=\"og:locale\" content=\"es_ES\" \/>\n<meta property=\"og:type\" content=\"article\" \/>\n<meta property=\"og:title\" content=\"Programa por la atenci\u00f3n integral a personas con enfermedades avanzadas - Fundaci\u00f3 Catalana d&#039;ELA Miquel Valls\" \/>\n<meta property=\"og:description\" content=\"[vc_row][vc_column][vc_single_image image=\u00bb3874&#8243; img_size=\u00bblarge\u00bb alignment=\u00bbcenter\u00bb][\/vc_column][\/vc_row][vc_row][vc_column width=\u00bb1\/2&#8243;][vc_single_image image=\u00bb2181&#8243; img_size=\u00bbmedium\u00bb alignment=\u00bbcenter\u00bb][\/vc_column][vc_column width=\u00bb1\/2&#8243;][vc_single_image image=\u00bb3870&#8243; img_size=\u00bbmedium\u00bb alignment=\u00bbcenter\u00bb][\/vc_column][\/vc_row][vc_row][vc_column][vc_column_text]Desde el a\u00f1o 2008, la Fundaci\u00f3n \u00abla Caixa\u00bb, en colaboraci\u00f3n con el Ministerio de Sanidad y con el aval de la Organizaci\u00f3n Mundial de la Salud, desarrolla el Programa para la atenci\u00f3n integral a personas con enfermedades avanzadas. Programa de Atenci\u00f3n integral a personas con enfermedades avanzadas. El objetivo principal del Programa es mejorar la calidad de vida de las personas con enfermedades avanzadas y sus familiares, mediante la atenci\u00f3n a los aspectos emocionales, sociales y espirituales. En el a\u00f1o 2014 se abri\u00f3 convocatoria para ampliar el alcance del Programa en varias provincias y la Fundaci\u00f3n Catalana de ELA Miquel Valls present\u00f3 una solicitud para la creaci\u00f3n de un equipo de atenci\u00f3n psicosocial (EAPS) dirigido espec\u00edficamente a las personas afectadas de ELA y sus familias. Desde la Fundaci\u00f3n \u00abla Caixa\u00bb se concedi\u00f3 una menci\u00f3n especial a la Fundaci\u00f3n Catalana de ELA Miquel Valls, destacando la calidad intr\u00ednseca del proyecto presentado y la atenci\u00f3n a un colectivo tan espec\u00edfico y se propuso la creaci\u00f3n de un equipo de atenci\u00f3n psicosocial especializado en Esclerosis Lateral Amiotr\u00f3fica para todo el territorio de Catalu\u00f1a. El EAPS-FMQV est\u00e1 formado por profesionales y voluntarios de la Fundaci\u00f3n Catalana de ELA Miquel Valls y ofrece atenci\u00f3n psicosocial-espiritual a las personas afectadas de ELA y sus familias, en colaboraci\u00f3n con los equipos de atenci\u00f3n a estas patolog\u00edas de organizaciones p\u00fablicas o concertadas (centros hospitalarios, centros sociosanitarios, PADES, etc), con el fin de ofrecer una atenci\u00f3n integral, cubriendo las necesidades y las demandas en las \u00e1reas de la atenci\u00f3n emocional, espiritual y social de los pacientes y sus familias, de la atenci\u00f3n al duelo y ofreciendo apoyo a los profesionales de los equipos sanitarios, complementando su actuaci\u00f3n y coordinando todas las intervenciones. Para m\u00e1s informaci\u00f3n sobre el programa para la atenci\u00f3n integral a personas con enfermedades avanzadas puede ir a\u00a0su web.[\/vc_column_text][\/vc_column][\/vc_row]\" \/>\n<meta property=\"og:url\" content=\"https:\/\/fundaciomiquelvalls.org\/es\/programa-atencio-integral-malalties-avancades\/\" \/>\n<meta property=\"og:site_name\" content=\"Fundaci\u00f3 Catalana d&#039;ELA Miquel Valls\" \/>\n<meta property=\"article:modified_time\" content=\"2022-09-26T12:09:13+00:00\" \/>\n<meta name=\"twitter:card\" content=\"summary_large_image\" \/>\n<meta name=\"twitter:label1\" content=\"Tiempo de lectura\" \/>\n\t<meta name=\"twitter:data1\" content=\"2 minutos\" \/>\n<script type=\"application\/ld+json\" class=\"yoast-schema-graph\">{\"@context\":\"https:\/\/schema.org\",\"@graph\":[{\"@type\":\"WebPage\",\"@id\":\"https:\/\/fundaciomiquelvalls.org\/es\/programa-atencio-integral-malalties-avancades\/\",\"url\":\"https:\/\/fundaciomiquelvalls.org\/es\/programa-atencio-integral-malalties-avancades\/\",\"name\":\"Programa por la atenci\u00f3n integral a personas con enfermedades avanzadas - Fundaci\u00f3 Catalana d&#039;ELA Miquel Valls\",\"isPartOf\":{\"@id\":\"https:\/\/fundaciomiquelvalls.org\/#website\"},\"datePublished\":\"2022-02-22T13:50:31+00:00\",\"dateModified\":\"2022-09-26T12:09:13+00:00\",\"breadcrumb\":{\"@id\":\"https:\/\/fundaciomiquelvalls.org\/es\/programa-atencio-integral-malalties-avancades\/#breadcrumb\"},\"inLanguage\":\"es\",\"potentialAction\":[{\"@type\":\"ReadAction\",\"target\":[\"https:\/\/fundaciomiquelvalls.org\/es\/programa-atencio-integral-malalties-avancades\/\"]}]},{\"@type\":\"BreadcrumbList\",\"@id\":\"https:\/\/fundaciomiquelvalls.org\/es\/programa-atencio-integral-malalties-avancades\/#breadcrumb\",\"itemListElement\":[{\"@type\":\"ListItem\",\"position\":1,\"name\":\"Portada\",\"item\":\"https:\/\/fundaciomiquelvalls.org\/es\/\"},{\"@type\":\"ListItem\",\"position\":2,\"name\":\"Programa por la atenci\u00f3n integral a personas con enfermedades avanzadas\"}]},{\"@type\":\"WebSite\",\"@id\":\"https:\/\/fundaciomiquelvalls.org\/#website\",\"url\":\"https:\/\/fundaciomiquelvalls.org\/\",\"name\":\"Fundaci\u00f3 Catalana d&#039;ELA Miquel Valls\",\"description\":\"Treballem per millorar la qualitat de vida de les persones afectades d&#039;ELA i Malaltia de Motoneurona\",\"potentialAction\":[{\"@type\":\"SearchAction\",\"target\":{\"@type\":\"EntryPoint\",\"urlTemplate\":\"https:\/\/fundaciomiquelvalls.org\/?s={search_term_string}\"},\"query-input\":{\"@type\":\"PropertyValueSpecification\",\"valueRequired\":true,\"valueName\":\"search_term_string\"}}],\"inLanguage\":\"es\"}]}<\/script>\n<!-- \/ Yoast SEO plugin. -->","yoast_head_json":{"title":"Programa por la atenci\u00f3n integral a personas con enfermedades avanzadas - Fundaci\u00f3 Catalana d&#039;ELA Miquel Valls","robots":{"index":"index","follow":"follow","max-snippet":"max-snippet:-1","max-image-preview":"max-image-preview:large","max-video-preview":"max-video-preview:-1"},"canonical":"https:\/\/fundaciomiquelvalls.org\/es\/programa-atencio-integral-malalties-avancades\/","og_locale":"es_ES","og_type":"article","og_title":"Programa por la atenci\u00f3n integral a personas con enfermedades avanzadas - Fundaci\u00f3 Catalana d&#039;ELA Miquel Valls","og_description":"[vc_row][vc_column][vc_single_image image=\u00bb3874&#8243; img_size=\u00bblarge\u00bb alignment=\u00bbcenter\u00bb][\/vc_column][\/vc_row][vc_row][vc_column width=\u00bb1\/2&#8243;][vc_single_image image=\u00bb2181&#8243; img_size=\u00bbmedium\u00bb alignment=\u00bbcenter\u00bb][\/vc_column][vc_column width=\u00bb1\/2&#8243;][vc_single_image image=\u00bb3870&#8243; img_size=\u00bbmedium\u00bb alignment=\u00bbcenter\u00bb][\/vc_column][\/vc_row][vc_row][vc_column][vc_column_text]Desde el a\u00f1o 2008, la Fundaci\u00f3n \u00abla Caixa\u00bb, en colaboraci\u00f3n con el Ministerio de Sanidad y con el aval de la Organizaci\u00f3n Mundial de la Salud, desarrolla el Programa para la atenci\u00f3n integral a personas con enfermedades avanzadas. Programa de Atenci\u00f3n integral a personas con enfermedades avanzadas. El objetivo principal del Programa es mejorar la calidad de vida de las personas con enfermedades avanzadas y sus familiares, mediante la atenci\u00f3n a los aspectos emocionales, sociales y espirituales. En el a\u00f1o 2014 se abri\u00f3 convocatoria para ampliar el alcance del Programa en varias provincias y la Fundaci\u00f3n Catalana de ELA Miquel Valls present\u00f3 una solicitud para la creaci\u00f3n de un equipo de atenci\u00f3n psicosocial (EAPS) dirigido espec\u00edficamente a las personas afectadas de ELA y sus familias. Desde la Fundaci\u00f3n \u00abla Caixa\u00bb se concedi\u00f3 una menci\u00f3n especial a la Fundaci\u00f3n Catalana de ELA Miquel Valls, destacando la calidad intr\u00ednseca del proyecto presentado y la atenci\u00f3n a un colectivo tan espec\u00edfico y se propuso la creaci\u00f3n de un equipo de atenci\u00f3n psicosocial especializado en Esclerosis Lateral Amiotr\u00f3fica para todo el territorio de Catalu\u00f1a. El EAPS-FMQV est\u00e1 formado por profesionales y voluntarios de la Fundaci\u00f3n Catalana de ELA Miquel Valls y ofrece atenci\u00f3n psicosocial-espiritual a las personas afectadas de ELA y sus familias, en colaboraci\u00f3n con los equipos de atenci\u00f3n a estas patolog\u00edas de organizaciones p\u00fablicas o concertadas (centros hospitalarios, centros sociosanitarios, PADES, etc), con el fin de ofrecer una atenci\u00f3n integral, cubriendo las necesidades y las demandas en las \u00e1reas de la atenci\u00f3n emocional, espiritual y social de los pacientes y sus familias, de la atenci\u00f3n al duelo y ofreciendo apoyo a los profesionales de los equipos sanitarios, complementando su actuaci\u00f3n y coordinando todas las intervenciones. Para m\u00e1s informaci\u00f3n sobre el programa para la atenci\u00f3n integral a personas con enfermedades avanzadas puede ir a\u00a0su web.[\/vc_column_text][\/vc_column][\/vc_row]","og_url":"https:\/\/fundaciomiquelvalls.org\/es\/programa-atencio-integral-malalties-avancades\/","og_site_name":"Fundaci\u00f3 Catalana d&#039;ELA Miquel Valls","article_modified_time":"2022-09-26T12:09:13+00:00","twitter_card":"summary_large_image","twitter_misc":{"Tiempo de lectura":"2 minutos"},"schema":{"@context":"https:\/\/schema.org","@graph":[{"@type":"WebPage","@id":"https:\/\/fundaciomiquelvalls.org\/es\/programa-atencio-integral-malalties-avancades\/","url":"https:\/\/fundaciomiquelvalls.org\/es\/programa-atencio-integral-malalties-avancades\/","name":"Programa por la atenci\u00f3n integral a personas con enfermedades avanzadas - Fundaci\u00f3 Catalana d&#039;ELA Miquel Valls","isPartOf":{"@id":"https:\/\/fundaciomiquelvalls.org\/#website"},"datePublished":"2022-02-22T13:50:31+00:00","dateModified":"2022-09-26T12:09:13+00:00","breadcrumb":{"@id":"https:\/\/fundaciomiquelvalls.org\/es\/programa-atencio-integral-malalties-avancades\/#breadcrumb"},"inLanguage":"es","potentialAction":[{"@type":"ReadAction","target":["https:\/\/fundaciomiquelvalls.org\/es\/programa-atencio-integral-malalties-avancades\/"]}]},{"@type":"BreadcrumbList","@id":"https:\/\/fundaciomiquelvalls.org\/es\/programa-atencio-integral-malalties-avancades\/#breadcrumb","itemListElement":[{"@type":"ListItem","position":1,"name":"Portada","item":"https:\/\/fundaciomiquelvalls.org\/es\/"},{"@type":"ListItem","position":2,"name":"Programa por la atenci\u00f3n integral a personas con enfermedades avanzadas"}]},{"@type":"WebSite","@id":"https:\/\/fundaciomiquelvalls.org\/#website","url":"https:\/\/fundaciomiquelvalls.org\/","name":"Fundaci\u00f3 Catalana d&#039;ELA Miquel Valls","description":"Treballem per millorar la qualitat de vida de les persones afectades d&#039;ELA i Malaltia de Motoneurona","potentialAction":[{"@type":"SearchAction","target":{"@type":"EntryPoint","urlTemplate":"https:\/\/fundaciomiquelvalls.org\/?s={search_term_string}"},"query-input":{"@type":"PropertyValueSpecification","valueRequired":true,"valueName":"search_term_string"}}],"inLanguage":"es"}]}},"_links":{"self":[{"href":"https:\/\/fundaciomiquelvalls.org\/es\/wp-json\/wp\/v2\/pages\/3286","targetHints":{"allow":["GET"]}}],"collection":[{"href":"https:\/\/fundaciomiquelvalls.org\/es\/wp-json\/wp\/v2\/pages"}],"about":[{"href":"https:\/\/fundaciomiquelvalls.org\/es\/wp-json\/wp\/v2\/types\/page"}],"author":[{"embeddable":true,"href":"https:\/\/fundaciomiquelvalls.org\/es\/wp-json\/wp\/v2\/users\/1"}],"replies":[{"embeddable":true,"href":"https:\/\/fundaciomiquelvalls.org\/es\/wp-json\/wp\/v2\/comments?post=3286"}],"version-history":[{"count":7,"href":"https:\/\/fundaciomiquelvalls.org\/es\/wp-json\/wp\/v2\/pages\/3286\/revisions"}],"predecessor-version":[{"id":3876,"href":"https:\/\/fundaciomiquelvalls.org\/es\/wp-json\/wp\/v2\/pages\/3286\/revisions\/3876"}],"wp:attachment":[{"href":"https:\/\/fundaciomiquelvalls.org\/es\/wp-json\/wp\/v2\/media?parent=3286"}],"curies":[{"name":"wp","href":"https:\/\/api.w.org\/{rel}","templated":true}]}}