{"id":3269,"date":"2021-03-01T09:33:04","date_gmt":"2021-03-01T09:33:04","guid":{"rendered":"https:\/\/fundaciomiquelvalls.org\/origen-i-antecedents\/"},"modified":"2026-05-06T14:47:47","modified_gmt":"2026-05-06T12:47:47","slug":"origen-i-antecedents","status":"publish","type":"page","link":"https:\/\/fundaciomiquelvalls.org\/es\/origen-i-antecedents\/","title":{"rendered":"Origen y antecedentes"},"content":{"rendered":"<p>[vc_row equal_height=\u00bbyes\u00bb content_placement=\u00bbmiddle\u00bb][vc_column width=\u00bb5\/12&#8243;][vc_column_text]<\/p>\n<h2 class=\"block-title\"><span style=\"font-family: arial, helvetica, sans-serif;\"><strong><span style=\"font-size: 14pt;\">Fundaci\u00f3 Catalana d\u2019ELA Miquel Valls,<\/span><\/strong><\/span><br \/>\n<span style=\"font-family: arial, helvetica, sans-serif;\"><strong><span style=\"font-size: 14pt;\">entidad sin \u00e1nimo de lucro.<\/span><\/strong><\/span><\/h2>\n<p>[\/vc_column_text][\/vc_column][vc_column width=\u00bb7\/12&#8243;][vc_column_text]<p class=\"\">La Fundaci\u00f3n fue impulsada en 2005 por Enric Valls, hijo de una persona afectada de ELA que muri\u00f3 a\u00f1os antes a causa de esta enfermedad, y que da nombre a nuestra entidad. Somos la \u00fanica entidad con el compromiso de trabajar para mejorar la calidad de vida de las personas afectadas, la defensa de sus derechos y la sensibilizaci\u00f3n de la enfermedad. Tambi\u00e9n fomentamos y apoyamos la investigaci\u00f3n a trav\u00e9s de los equipos de investigaci\u00f3n de referencia de Catalu\u00f1a.<\/p>[\/vc_column_text][vc_column_text]<p class=\"\">Acompa\u00f1amos a las personas afectadas a lo largo de todo el proceso de la enfermedad con un abordaje profesional y personalizado en el \u00e1mbito psicosocial y sanitario, tanto a domicilio como a las unidades hospitalarias de referencia. Lo hacemos de forma coordinada y en red con todos los servicios implicados en la atenci\u00f3n a las personas con ELA, tanto p\u00fablicos como privados.<\/p>[\/vc_column_text][\/vc_column][\/vc_row][vc_row][vc_column][vc_single_image image=\u00bb2182&#8243; img_size=\u00bb500&#215;250&#8243; alignment=\u00bbcenter\u00bb][\/vc_column][\/vc_row]<\/p>\n","protected":false},"excerpt":{"rendered":"<p>[vc_row equal_height=\u00bbyes\u00bb content_placement=\u00bbmiddle\u00bb][vc_column width=\u00bb5\/12&#8243;][vc_column_text] Fundaci\u00f3 Catalana d\u2019ELA Miquel Valls, entidad sin \u00e1nimo de lucro. [\/vc_column_text][\/vc_column][vc_column width=\u00bb7\/12&#8243;][vc_column_text][\/vc_column_text][vc_column_text][\/vc_column_text][\/vc_column][\/vc_row][vc_row][vc_column][vc_single_image image=\u00bb2182&#8243; img_size=\u00bb500&#215;250&#8243; alignment=\u00bbcenter\u00bb][\/vc_column][\/vc_row]<\/p>\n","protected":false},"author":1,"featured_media":0,"parent":0,"menu_order":0,"comment_status":"closed","ping_status":"closed","template":"","meta":{"footnotes":""},"class_list":["post-3269","page","type-page","status-publish","hentry"],"yoast_head":"<!-- This site is optimized with the Yoast SEO plugin v26.9 - https:\/\/yoast.com\/product\/yoast-seo-wordpress\/ -->\n<title>Origen y antecedentes - Fundaci\u00f3 Catalana d&#039;ELA Miquel Valls<\/title>\n<meta name=\"description\" content=\"La Fundaci\u00f3n nace en 2005 en Calella (Barcelona) como una fundaci\u00f3n privada y sin \u00e1nimo de lucro. Es impulsada por el Sr. Enric M. Valls, cuyo padre muri\u00f3 a causa de la Esclerosis Lateral Amiotr\u00f3fica y da nombre a nuestra entidad.\" \/>\n<meta name=\"robots\" content=\"index, follow, max-snippet:-1, max-image-preview:large, max-video-preview:-1\" \/>\n<link rel=\"canonical\" href=\"https:\/\/fundaciomiquelvalls.org\/es\/origen-i-antecedents\/\" \/>\n<meta property=\"og:locale\" content=\"es_ES\" \/>\n<meta property=\"og:type\" content=\"article\" \/>\n<meta property=\"og:title\" content=\"Origen y antecedentes - Fundaci\u00f3 Catalana d&#039;ELA Miquel Valls\" \/>\n<meta property=\"og:description\" content=\"La Fundaci\u00f3n nace en 2005 en Calella (Barcelona) como una fundaci\u00f3n privada y sin \u00e1nimo de lucro. Es impulsada por el Sr. Enric M. Valls, cuyo padre muri\u00f3 a causa de la Esclerosis Lateral Amiotr\u00f3fica y da nombre a nuestra entidad.\" \/>\n<meta property=\"og:url\" content=\"https:\/\/fundaciomiquelvalls.org\/es\/origen-i-antecedents\/\" \/>\n<meta property=\"og:site_name\" content=\"Fundaci\u00f3 Catalana d&#039;ELA Miquel Valls\" \/>\n<meta property=\"article:modified_time\" content=\"2026-05-06T12:47:47+00:00\" \/>\n<meta name=\"twitter:card\" content=\"summary_large_image\" \/>\n<meta name=\"twitter:label1\" content=\"Tiempo de lectura\" \/>\n\t<meta name=\"twitter:data1\" content=\"2 minutos\" \/>\n<script type=\"application\/ld+json\" class=\"yoast-schema-graph\">{\"@context\":\"https:\/\/schema.org\",\"@graph\":[{\"@type\":\"WebPage\",\"@id\":\"https:\/\/fundaciomiquelvalls.org\/es\/origen-i-antecedents\/\",\"url\":\"https:\/\/fundaciomiquelvalls.org\/es\/origen-i-antecedents\/\",\"name\":\"Origen y antecedentes - Fundaci\u00f3 Catalana d&#039;ELA Miquel Valls\",\"isPartOf\":{\"@id\":\"https:\/\/fundaciomiquelvalls.org\/#website\"},\"datePublished\":\"2021-03-01T09:33:04+00:00\",\"dateModified\":\"2026-05-06T12:47:47+00:00\",\"description\":\"La Fundaci\u00f3n nace en 2005 en Calella (Barcelona) como una fundaci\u00f3n privada y sin \u00e1nimo de lucro. Es impulsada por el Sr. Enric M. Valls, cuyo padre muri\u00f3 a causa de la Esclerosis Lateral Amiotr\u00f3fica y da nombre a nuestra entidad.\",\"breadcrumb\":{\"@id\":\"https:\/\/fundaciomiquelvalls.org\/es\/origen-i-antecedents\/#breadcrumb\"},\"inLanguage\":\"es\",\"potentialAction\":[{\"@type\":\"ReadAction\",\"target\":[\"https:\/\/fundaciomiquelvalls.org\/es\/origen-i-antecedents\/\"]}]},{\"@type\":\"BreadcrumbList\",\"@id\":\"https:\/\/fundaciomiquelvalls.org\/es\/origen-i-antecedents\/#breadcrumb\",\"itemListElement\":[{\"@type\":\"ListItem\",\"position\":1,\"name\":\"Portada\",\"item\":\"https:\/\/fundaciomiquelvalls.org\/es\/\"},{\"@type\":\"ListItem\",\"position\":2,\"name\":\"Origen y antecedentes\"}]},{\"@type\":\"WebSite\",\"@id\":\"https:\/\/fundaciomiquelvalls.org\/#website\",\"url\":\"https:\/\/fundaciomiquelvalls.org\/\",\"name\":\"Fundaci\u00f3 Catalana d&#039;ELA Miquel Valls\",\"description\":\"Treballem per millorar la qualitat de vida de les persones afectades d&#039;ELA i Malaltia de Motoneurona\",\"potentialAction\":[{\"@type\":\"SearchAction\",\"target\":{\"@type\":\"EntryPoint\",\"urlTemplate\":\"https:\/\/fundaciomiquelvalls.org\/?s={search_term_string}\"},\"query-input\":{\"@type\":\"PropertyValueSpecification\",\"valueRequired\":true,\"valueName\":\"search_term_string\"}}],\"inLanguage\":\"es\"}]}<\/script>\n<!-- \/ Yoast SEO plugin. -->","yoast_head_json":{"title":"Origen y antecedentes - Fundaci\u00f3 Catalana d&#039;ELA Miquel Valls","description":"La Fundaci\u00f3n nace en 2005 en Calella (Barcelona) como una fundaci\u00f3n privada y sin \u00e1nimo de lucro. Es impulsada por el Sr. Enric M. Valls, cuyo padre muri\u00f3 a causa de la Esclerosis Lateral Amiotr\u00f3fica y da nombre a nuestra entidad.","robots":{"index":"index","follow":"follow","max-snippet":"max-snippet:-1","max-image-preview":"max-image-preview:large","max-video-preview":"max-video-preview:-1"},"canonical":"https:\/\/fundaciomiquelvalls.org\/es\/origen-i-antecedents\/","og_locale":"es_ES","og_type":"article","og_title":"Origen y antecedentes - Fundaci\u00f3 Catalana d&#039;ELA Miquel Valls","og_description":"La Fundaci\u00f3n nace en 2005 en Calella (Barcelona) como una fundaci\u00f3n privada y sin \u00e1nimo de lucro. Es impulsada por el Sr. Enric M. Valls, cuyo padre muri\u00f3 a causa de la Esclerosis Lateral Amiotr\u00f3fica y da nombre a nuestra entidad.","og_url":"https:\/\/fundaciomiquelvalls.org\/es\/origen-i-antecedents\/","og_site_name":"Fundaci\u00f3 Catalana d&#039;ELA Miquel Valls","article_modified_time":"2026-05-06T12:47:47+00:00","twitter_card":"summary_large_image","twitter_misc":{"Tiempo de lectura":"2 minutos"},"schema":{"@context":"https:\/\/schema.org","@graph":[{"@type":"WebPage","@id":"https:\/\/fundaciomiquelvalls.org\/es\/origen-i-antecedents\/","url":"https:\/\/fundaciomiquelvalls.org\/es\/origen-i-antecedents\/","name":"Origen y antecedentes - Fundaci\u00f3 Catalana d&#039;ELA Miquel Valls","isPartOf":{"@id":"https:\/\/fundaciomiquelvalls.org\/#website"},"datePublished":"2021-03-01T09:33:04+00:00","dateModified":"2026-05-06T12:47:47+00:00","description":"La Fundaci\u00f3n nace en 2005 en Calella (Barcelona) como una fundaci\u00f3n privada y sin \u00e1nimo de lucro. Es impulsada por el Sr. Enric M. Valls, cuyo padre muri\u00f3 a causa de la Esclerosis Lateral Amiotr\u00f3fica y da nombre a nuestra entidad.","breadcrumb":{"@id":"https:\/\/fundaciomiquelvalls.org\/es\/origen-i-antecedents\/#breadcrumb"},"inLanguage":"es","potentialAction":[{"@type":"ReadAction","target":["https:\/\/fundaciomiquelvalls.org\/es\/origen-i-antecedents\/"]}]},{"@type":"BreadcrumbList","@id":"https:\/\/fundaciomiquelvalls.org\/es\/origen-i-antecedents\/#breadcrumb","itemListElement":[{"@type":"ListItem","position":1,"name":"Portada","item":"https:\/\/fundaciomiquelvalls.org\/es\/"},{"@type":"ListItem","position":2,"name":"Origen y antecedentes"}]},{"@type":"WebSite","@id":"https:\/\/fundaciomiquelvalls.org\/#website","url":"https:\/\/fundaciomiquelvalls.org\/","name":"Fundaci\u00f3 Catalana d&#039;ELA Miquel Valls","description":"Treballem per millorar la qualitat de vida de les persones afectades d&#039;ELA i Malaltia de Motoneurona","potentialAction":[{"@type":"SearchAction","target":{"@type":"EntryPoint","urlTemplate":"https:\/\/fundaciomiquelvalls.org\/?s={search_term_string}"},"query-input":{"@type":"PropertyValueSpecification","valueRequired":true,"valueName":"search_term_string"}}],"inLanguage":"es"}]}},"_links":{"self":[{"href":"https:\/\/fundaciomiquelvalls.org\/es\/wp-json\/wp\/v2\/pages\/3269","targetHints":{"allow":["GET"]}}],"collection":[{"href":"https:\/\/fundaciomiquelvalls.org\/es\/wp-json\/wp\/v2\/pages"}],"about":[{"href":"https:\/\/fundaciomiquelvalls.org\/es\/wp-json\/wp\/v2\/types\/page"}],"author":[{"embeddable":true,"href":"https:\/\/fundaciomiquelvalls.org\/es\/wp-json\/wp\/v2\/users\/1"}],"replies":[{"embeddable":true,"href":"https:\/\/fundaciomiquelvalls.org\/es\/wp-json\/wp\/v2\/comments?post=3269"}],"version-history":[{"count":8,"href":"https:\/\/fundaciomiquelvalls.org\/es\/wp-json\/wp\/v2\/pages\/3269\/revisions"}],"predecessor-version":[{"id":10222,"href":"https:\/\/fundaciomiquelvalls.org\/es\/wp-json\/wp\/v2\/pages\/3269\/revisions\/10222"}],"wp:attachment":[{"href":"https:\/\/fundaciomiquelvalls.org\/es\/wp-json\/wp\/v2\/media?parent=3269"}],"curies":[{"name":"wp","href":"https:\/\/api.w.org\/{rel}","templated":true}]}}