{"id":3246,"date":"2021-03-01T11:59:13","date_gmt":"2021-03-01T11:59:13","guid":{"rendered":"https:\/\/fundaciomiquelvalls.org\/missio-visio-i-valors\/"},"modified":"2023-03-27T10:54:34","modified_gmt":"2023-03-27T10:54:34","slug":"missio-visio-i-valors","status":"publish","type":"page","link":"https:\/\/fundaciomiquelvalls.org\/es\/missio-visio-i-valors\/","title":{"rendered":"Misi\u00f3n, visi\u00f3n y valores"},"content":{"rendered":"<p>[vc_row equal_height=\u00bbyes\u00bb content_placement=\u00bbmiddle\u00bb][vc_column][vc_column_text]<\/p>\n<h2 class=\"block-title\"><span style=\"font-family: arial, helvetica, sans-serif;\">Misi\u00f3n<\/span><\/h2>\n<p>[\/vc_column_text][vc_column_text]<span style=\"font-family: arial, helvetica, sans-serif;\">Somos un equipo de profesionales y voluntarios con vocaci\u00f3n de mejorar nuestra sociedad, que nace de la voluntad y experiencia de un familiar de afectado de Esclerosis Lateral Amiotr\u00f3fica, con el objetivo de mejorar la calidad de vida de las personas afectadas de ELA\/EMN y sus familias, y apoyar la investigaci\u00f3n para encontrar una cura o tratamiento de esta enfermedad.<\/span>[\/vc_column_text][\/vc_column][\/vc_row][vc_row equal_height=\u00bbyes\u00bb content_placement=\u00bbmiddle\u00bb css=\u00bb.vc_custom_1614599373654{padding-top: 32px !important;}\u00bb][vc_column][vc_column_text]<\/p>\n<h2 class=\"block-title\"><span style=\"font-family: arial, helvetica, sans-serif;\">Visi\u00f3n<\/span><\/h2>\n<p>[\/vc_column_text][vc_column_text]<span style=\"font-family: arial, helvetica, sans-serif;\">Para mejorar la calidad de vida de las personas afectadas de ELA\/EMN y sus familias creemos necesaria la atenci\u00f3n integral e interdisciplinar, con una visi\u00f3n humana y personalizada de los aspectos psicosociales, m\u00e9dicos y sanitarios. Es por este motivo que consideramos imprescindible una atenci\u00f3n tanto profesional como voluntaria, en el domicilio y en las unidades funcionales de ELA\/EMN, con la m\u00e1xima optimizaci\u00f3n de los recursos a trav\u00e9s de la eficiencia y la eficacia, dar importancia a la sensibilizaci\u00f3n de la enfermedad y la representaci\u00f3n del colectivo de personas afectadas de ELA\/EMN, as\u00ed como el apoyo a la investigaci\u00f3n para hacer posible la cura de la enfermedad.<\/span>[\/vc_column_text][\/vc_column][\/vc_row][vc_row css=\u00bb.vc_custom_1614599382064{padding-top: 32px !important;padding-bottom: 32px !important;}\u00bb][vc_column][vc_column_text]<\/p>\n<h2 class=\"block-title\"><span style=\"font-family: arial, helvetica, sans-serif;\">Valores<\/span><\/h2>\n<p>[\/vc_column_text][\/vc_column][\/vc_row][vc_row][vc_column width=\u00bb1\/3&#8243;][vc_column_text]<span style=\"font-family: arial, helvetica, sans-serif;\"><div class=\"icon-box   ibox-outline  \"><div class=\"ibox-icon\"><i class=\"fa fa-star\"><\/i><\/div><h3>Altruismo<\/h3><p>Voluntad de ayudar a las personas afectadas de ELA\/EMN y sus familias sin esperar nada a cambio. <\/p>\n\t\t\t\t\t<\/div><\/span>[\/vc_column_text][\/vc_column][vc_column width=\u00bb1\/3&#8243;][vc_column_text]<span style=\"font-family: arial, helvetica, sans-serif;\"><div class=\"icon-box   ibox-outline  \"><div class=\"ibox-icon\"><i class=\"fa fa-star\"><\/i><\/div><h3>Confianza<\/h3><p>La confianza es una condici\u00f3n b\u00e1sica de las relaciones de la Fundaci\u00f3n, ser merecedores de ello, en todo momento, debe guiar nuestra norma de conducta. <\/p>\n\t\t\t\t\t<\/div><\/span>[\/vc_column_text][\/vc_column][vc_column width=\u00bb1\/3&#8243;][vc_column_text]<span style=\"font-family: arial, helvetica, sans-serif;\"><div class=\"icon-box   ibox-outline  \"><div class=\"ibox-icon\"><i class=\"fa fa-star\"><\/i><\/div><h3>No maleficencia<\/h3><p>Principio \u00e9tico que implica la obligaci\u00f3n de no da\u00f1ar a las personas atendidas. <\/p>\n\t\t\t\t\t<\/div><\/span>[\/vc_column_text][\/vc_column][\/vc_row][vc_row css=\u00bb.vc_custom_1614599394616{padding-top: 32px !important;}\u00bb][vc_column width=\u00bb1\/2&#8243;][vc_column_text]<span style=\"font-family: arial, helvetica, sans-serif;\"><div class=\"icon-box   ibox-outline  \"><div class=\"ibox-icon\"><i class=\"fa fa-star\"><\/i><\/div><h3>Respeto<\/h3><p>Tener en cuenta la individualidad de cada una de las personas afectadas de ELA\/EMN y sus familias, utilizando los recursos y conocimientos de los que dispone la Fundaci\u00f3n seg\u00fan la voluntad de \u00e9stas. <\/p>\n\t\t\t\t\t<\/div><\/span>[\/vc_column_text][\/vc_column][vc_column width=\u00bb1\/2&#8243;][vc_column_text]<span style=\"font-family: arial, helvetica, sans-serif;\"><div class=\"icon-box   ibox-outline  \"><div class=\"ibox-icon\"><i class=\"fa fa-star\"><\/i><\/div><h3>Compromiso<\/h3><p>Llevar a cabo las acciones necesarias, dentro de las posibilidades, para conseguir los objetivos establecidos seg\u00fan la voluntad del fundador. <\/p>\n\t\t\t\t\t<\/div><\/span>[\/vc_column_text][\/vc_column][\/vc_row][vc_row css=\u00bb.vc_custom_1614599394616{padding-top: 32px !important;}\u00bb][vc_column width=\u00bb1\/2&#8243;][vc_column_text]<span style=\"font-family: arial, helvetica, sans-serif;\"><div class=\"icon-box   ibox-outline  \"><div class=\"ibox-icon\"><i class=\"fa fa-star\"><\/i><\/div><h3>Inconformismo<\/h3><p>Voluntad de actuar para mejorar la sociedad frente a la problem\u00e1tica que nos ocupa buscando soluciones a las carencias para cubrir las necesidades de las personas afectadas de ELA. <\/p>\n\t\t\t\t\t<\/div><\/span>[\/vc_column_text][\/vc_column][vc_column width=\u00bb1\/2&#8243;][vc_column_text]<span style=\"font-family: arial, helvetica, sans-serif;\"><div class=\"icon-box   ibox-outline  \"><div class=\"ibox-icon\"><i class=\"fa fa-star\"><\/i><\/div><h3>Transparencia<\/h3><p>Los resultados obtenidos y los medios empleados por la Fundaci\u00f3n deben ser claros por los usuarios y por la sociedad en general. Se garantizar\u00e1 la transparencia de la actividad y el derecho de los ciudadanos a la informaci\u00f3n y documentaci\u00f3n p\u00fablicas, a la vez que se establecen los principios de buen gobierno de acuerdo con los que deben actuar los altos cargos y personal de la administraci\u00f3n. <\/p>\n\t\t\t\t\t<\/div><\/span>[\/vc_column_text][\/vc_column][\/vc_row]<\/p>\n","protected":false},"excerpt":{"rendered":"<p>[vc_row equal_height=\u00bbyes\u00bb content_placement=\u00bbmiddle\u00bb][vc_column][vc_column_text] Misi\u00f3n [\/vc_column_text][vc_column_text]Somos un equipo de profesionales y voluntarios con vocaci\u00f3n de mejorar nuestra sociedad, que nace de la voluntad y experiencia de un familiar de afectado de Esclerosis Lateral Amiotr\u00f3fica, con el objetivo de mejorar la calidad de vida de las personas afectadas de ELA\/EMN y sus familias, y apoyar la investigaci\u00f3n para encontrar una cura o tratamiento de esta enfermedad.[\/vc_column_text][\/vc_column][\/vc_row][vc_row equal_height=\u00bbyes\u00bb content_placement=\u00bbmiddle\u00bb css=\u00bb.vc_custom_1614599373654{padding-top: 32px !important;}\u00bb][vc_column][vc_column_text] Visi\u00f3n [\/vc_column_text][vc_column_text]Para mejorar la calidad de vida de las personas afectadas de ELA\/EMN y sus familias creemos necesaria la atenci\u00f3n integral e interdisciplinar, con una visi\u00f3n humana y personalizada de los aspectos psicosociales, m\u00e9dicos y sanitarios. Es por este motivo que consideramos imprescindible una atenci\u00f3n tanto profesional como voluntaria, en el domicilio y en las unidades funcionales de ELA\/EMN, con la m\u00e1xima optimizaci\u00f3n de los recursos a trav\u00e9s de la eficiencia y la eficacia, dar importancia a la sensibilizaci\u00f3n de la enfermedad y la representaci\u00f3n del colectivo de personas afectadas de ELA\/EMN, as\u00ed como el apoyo a la investigaci\u00f3n para hacer posible la cura de la enfermedad.[\/vc_column_text][\/vc_column][\/vc_row][vc_row css=\u00bb.vc_custom_1614599382064{padding-top: 32px !important;padding-bottom: 32px !important;}\u00bb][vc_column][vc_column_text] Valores [\/vc_column_text][\/vc_column][\/vc_row][vc_row][vc_column width=\u00bb1\/3&#8243;][vc_column_text][\/vc_column_text][\/vc_column][vc_column width=\u00bb1\/3&#8243;][vc_column_text][\/vc_column_text][\/vc_column][vc_column width=\u00bb1\/3&#8243;][vc_column_text][\/vc_column_text][\/vc_column][\/vc_row][vc_row css=\u00bb.vc_custom_1614599394616{padding-top: 32px !important;}\u00bb][vc_column width=\u00bb1\/2&#8243;][vc_column_text][\/vc_column_text][\/vc_column][vc_column width=\u00bb1\/2&#8243;][vc_column_text][\/vc_column_text][\/vc_column][\/vc_row][vc_row css=\u00bb.vc_custom_1614599394616{padding-top: 32px !important;}\u00bb][vc_column width=\u00bb1\/2&#8243;][vc_column_text][\/vc_column_text][\/vc_column][vc_column width=\u00bb1\/2&#8243;][vc_column_text][\/vc_column_text][\/vc_column][\/vc_row]<\/p>\n","protected":false},"author":1,"featured_media":2546,"parent":0,"menu_order":0,"comment_status":"closed","ping_status":"closed","template":"","meta":{"footnotes":""},"class_list":["post-3246","page","type-page","status-publish","has-post-thumbnail","hentry"],"yoast_head":"<!-- This site is optimized with the Yoast SEO plugin v26.9 - https:\/\/yoast.com\/product\/yoast-seo-wordpress\/ -->\n<title>Misi\u00f3n, visi\u00f3n y valores - Fundaci\u00f3 Catalana d&#039;ELA Miquel Valls<\/title>\n<meta name=\"description\" content=\"Misi\u00f3n, visi\u00f3n y valores de la Fundaci\u00f3n Catalana d&#039;ELA Miquel Valls.\" \/>\n<meta name=\"robots\" content=\"index, follow, max-snippet:-1, max-image-preview:large, max-video-preview:-1\" \/>\n<link rel=\"canonical\" href=\"https:\/\/fundaciomiquelvalls.org\/es\/missio-visio-i-valors\/\" \/>\n<meta property=\"og:locale\" content=\"es_ES\" \/>\n<meta property=\"og:type\" content=\"article\" \/>\n<meta property=\"og:title\" content=\"Misi\u00f3n, visi\u00f3n y valores - Fundaci\u00f3 Catalana d&#039;ELA Miquel Valls\" \/>\n<meta property=\"og:description\" content=\"Misi\u00f3n, visi\u00f3n y valores de la Fundaci\u00f3n Catalana d&#039;ELA Miquel Valls.\" \/>\n<meta property=\"og:url\" content=\"https:\/\/fundaciomiquelvalls.org\/es\/missio-visio-i-valors\/\" \/>\n<meta property=\"og:site_name\" content=\"Fundaci\u00f3 Catalana d&#039;ELA Miquel Valls\" \/>\n<meta property=\"article:modified_time\" content=\"2023-03-27T10:54:34+00:00\" \/>\n<meta property=\"og:image\" content=\"https:\/\/fundaciomiquelvalls.org\/wp-content\/uploads\/2021\/10\/FMQV_Moises_23-scaled-e1634121152608.jpg\" \/>\n\t<meta property=\"og:image:width\" content=\"2560\" \/>\n\t<meta property=\"og:image:height\" content=\"1704\" \/>\n\t<meta property=\"og:image:type\" content=\"image\/jpeg\" \/>\n<meta name=\"twitter:card\" content=\"summary_large_image\" \/>\n<meta name=\"twitter:label1\" content=\"Tiempo de lectura\" \/>\n\t<meta name=\"twitter:data1\" content=\"3 minutos\" \/>\n<script type=\"application\/ld+json\" class=\"yoast-schema-graph\">{\"@context\":\"https:\/\/schema.org\",\"@graph\":[{\"@type\":\"WebPage\",\"@id\":\"https:\/\/fundaciomiquelvalls.org\/es\/missio-visio-i-valors\/\",\"url\":\"https:\/\/fundaciomiquelvalls.org\/es\/missio-visio-i-valors\/\",\"name\":\"Misi\u00f3n, visi\u00f3n y valores - Fundaci\u00f3 Catalana d&#039;ELA Miquel Valls\",\"isPartOf\":{\"@id\":\"https:\/\/fundaciomiquelvalls.org\/#website\"},\"primaryImageOfPage\":{\"@id\":\"https:\/\/fundaciomiquelvalls.org\/es\/missio-visio-i-valors\/#primaryimage\"},\"image\":{\"@id\":\"https:\/\/fundaciomiquelvalls.org\/es\/missio-visio-i-valors\/#primaryimage\"},\"thumbnailUrl\":\"https:\/\/fundaciomiquelvalls.org\/wp-content\/uploads\/2021\/10\/FMQV_Moises_23-scaled-e1634121152608.jpg\",\"datePublished\":\"2021-03-01T11:59:13+00:00\",\"dateModified\":\"2023-03-27T10:54:34+00:00\",\"description\":\"Misi\u00f3n, visi\u00f3n y valores de la Fundaci\u00f3n Catalana d'ELA Miquel Valls.\",\"breadcrumb\":{\"@id\":\"https:\/\/fundaciomiquelvalls.org\/es\/missio-visio-i-valors\/#breadcrumb\"},\"inLanguage\":\"es\",\"potentialAction\":[{\"@type\":\"ReadAction\",\"target\":[\"https:\/\/fundaciomiquelvalls.org\/es\/missio-visio-i-valors\/\"]}]},{\"@type\":\"ImageObject\",\"inLanguage\":\"es\",\"@id\":\"https:\/\/fundaciomiquelvalls.org\/es\/missio-visio-i-valors\/#primaryimage\",\"url\":\"https:\/\/fundaciomiquelvalls.org\/wp-content\/uploads\/2021\/10\/FMQV_Moises_23-scaled-e1634121152608.jpg\",\"contentUrl\":\"https:\/\/fundaciomiquelvalls.org\/wp-content\/uploads\/2021\/10\/FMQV_Moises_23-scaled-e1634121152608.jpg\",\"width\":2560,\"height\":1704},{\"@type\":\"BreadcrumbList\",\"@id\":\"https:\/\/fundaciomiquelvalls.org\/es\/missio-visio-i-valors\/#breadcrumb\",\"itemListElement\":[{\"@type\":\"ListItem\",\"position\":1,\"name\":\"Portada\",\"item\":\"https:\/\/fundaciomiquelvalls.org\/es\/\"},{\"@type\":\"ListItem\",\"position\":2,\"name\":\"Misi\u00f3n, visi\u00f3n y valores\"}]},{\"@type\":\"WebSite\",\"@id\":\"https:\/\/fundaciomiquelvalls.org\/#website\",\"url\":\"https:\/\/fundaciomiquelvalls.org\/\",\"name\":\"Fundaci\u00f3 Catalana d&#039;ELA Miquel Valls\",\"description\":\"Treballem per millorar la qualitat de vida de les persones afectades d&#039;ELA i Malaltia de Motoneurona\",\"potentialAction\":[{\"@type\":\"SearchAction\",\"target\":{\"@type\":\"EntryPoint\",\"urlTemplate\":\"https:\/\/fundaciomiquelvalls.org\/?s={search_term_string}\"},\"query-input\":{\"@type\":\"PropertyValueSpecification\",\"valueRequired\":true,\"valueName\":\"search_term_string\"}}],\"inLanguage\":\"es\"}]}<\/script>\n<!-- \/ Yoast SEO plugin. -->","yoast_head_json":{"title":"Misi\u00f3n, visi\u00f3n y valores - Fundaci\u00f3 Catalana d&#039;ELA Miquel Valls","description":"Misi\u00f3n, visi\u00f3n y valores de la Fundaci\u00f3n Catalana d'ELA Miquel Valls.","robots":{"index":"index","follow":"follow","max-snippet":"max-snippet:-1","max-image-preview":"max-image-preview:large","max-video-preview":"max-video-preview:-1"},"canonical":"https:\/\/fundaciomiquelvalls.org\/es\/missio-visio-i-valors\/","og_locale":"es_ES","og_type":"article","og_title":"Misi\u00f3n, visi\u00f3n y valores - Fundaci\u00f3 Catalana d&#039;ELA Miquel Valls","og_description":"Misi\u00f3n, visi\u00f3n y valores de la Fundaci\u00f3n Catalana d'ELA Miquel Valls.","og_url":"https:\/\/fundaciomiquelvalls.org\/es\/missio-visio-i-valors\/","og_site_name":"Fundaci\u00f3 Catalana d&#039;ELA Miquel Valls","article_modified_time":"2023-03-27T10:54:34+00:00","og_image":[{"width":2560,"height":1704,"url":"https:\/\/fundaciomiquelvalls.org\/wp-content\/uploads\/2021\/10\/FMQV_Moises_23-scaled-e1634121152608.jpg","type":"image\/jpeg"}],"twitter_card":"summary_large_image","twitter_misc":{"Tiempo de lectura":"3 minutos"},"schema":{"@context":"https:\/\/schema.org","@graph":[{"@type":"WebPage","@id":"https:\/\/fundaciomiquelvalls.org\/es\/missio-visio-i-valors\/","url":"https:\/\/fundaciomiquelvalls.org\/es\/missio-visio-i-valors\/","name":"Misi\u00f3n, visi\u00f3n y valores - Fundaci\u00f3 Catalana d&#039;ELA Miquel Valls","isPartOf":{"@id":"https:\/\/fundaciomiquelvalls.org\/#website"},"primaryImageOfPage":{"@id":"https:\/\/fundaciomiquelvalls.org\/es\/missio-visio-i-valors\/#primaryimage"},"image":{"@id":"https:\/\/fundaciomiquelvalls.org\/es\/missio-visio-i-valors\/#primaryimage"},"thumbnailUrl":"https:\/\/fundaciomiquelvalls.org\/wp-content\/uploads\/2021\/10\/FMQV_Moises_23-scaled-e1634121152608.jpg","datePublished":"2021-03-01T11:59:13+00:00","dateModified":"2023-03-27T10:54:34+00:00","description":"Misi\u00f3n, visi\u00f3n y valores de la Fundaci\u00f3n Catalana d'ELA Miquel Valls.","breadcrumb":{"@id":"https:\/\/fundaciomiquelvalls.org\/es\/missio-visio-i-valors\/#breadcrumb"},"inLanguage":"es","potentialAction":[{"@type":"ReadAction","target":["https:\/\/fundaciomiquelvalls.org\/es\/missio-visio-i-valors\/"]}]},{"@type":"ImageObject","inLanguage":"es","@id":"https:\/\/fundaciomiquelvalls.org\/es\/missio-visio-i-valors\/#primaryimage","url":"https:\/\/fundaciomiquelvalls.org\/wp-content\/uploads\/2021\/10\/FMQV_Moises_23-scaled-e1634121152608.jpg","contentUrl":"https:\/\/fundaciomiquelvalls.org\/wp-content\/uploads\/2021\/10\/FMQV_Moises_23-scaled-e1634121152608.jpg","width":2560,"height":1704},{"@type":"BreadcrumbList","@id":"https:\/\/fundaciomiquelvalls.org\/es\/missio-visio-i-valors\/#breadcrumb","itemListElement":[{"@type":"ListItem","position":1,"name":"Portada","item":"https:\/\/fundaciomiquelvalls.org\/es\/"},{"@type":"ListItem","position":2,"name":"Misi\u00f3n, visi\u00f3n y valores"}]},{"@type":"WebSite","@id":"https:\/\/fundaciomiquelvalls.org\/#website","url":"https:\/\/fundaciomiquelvalls.org\/","name":"Fundaci\u00f3 Catalana d&#039;ELA Miquel Valls","description":"Treballem per millorar la qualitat de vida de les persones afectades d&#039;ELA i Malaltia de Motoneurona","potentialAction":[{"@type":"SearchAction","target":{"@type":"EntryPoint","urlTemplate":"https:\/\/fundaciomiquelvalls.org\/?s={search_term_string}"},"query-input":{"@type":"PropertyValueSpecification","valueRequired":true,"valueName":"search_term_string"}}],"inLanguage":"es"}]}},"_links":{"self":[{"href":"https:\/\/fundaciomiquelvalls.org\/es\/wp-json\/wp\/v2\/pages\/3246","targetHints":{"allow":["GET"]}}],"collection":[{"href":"https:\/\/fundaciomiquelvalls.org\/es\/wp-json\/wp\/v2\/pages"}],"about":[{"href":"https:\/\/fundaciomiquelvalls.org\/es\/wp-json\/wp\/v2\/types\/page"}],"author":[{"embeddable":true,"href":"https:\/\/fundaciomiquelvalls.org\/es\/wp-json\/wp\/v2\/users\/1"}],"replies":[{"embeddable":true,"href":"https:\/\/fundaciomiquelvalls.org\/es\/wp-json\/wp\/v2\/comments?post=3246"}],"version-history":[{"count":5,"href":"https:\/\/fundaciomiquelvalls.org\/es\/wp-json\/wp\/v2\/pages\/3246\/revisions"}],"predecessor-version":[{"id":4758,"href":"https:\/\/fundaciomiquelvalls.org\/es\/wp-json\/wp\/v2\/pages\/3246\/revisions\/4758"}],"wp:featuredmedia":[{"embeddable":true,"href":"https:\/\/fundaciomiquelvalls.org\/es\/wp-json\/wp\/v2\/media\/2546"}],"wp:attachment":[{"href":"https:\/\/fundaciomiquelvalls.org\/es\/wp-json\/wp\/v2\/media?parent=3246"}],"curies":[{"name":"wp","href":"https:\/\/api.w.org\/{rel}","templated":true}]}}