{"id":3219,"date":"2021-03-04T14:10:16","date_gmt":"2021-03-04T14:10:16","guid":{"rendered":"https:\/\/fundaciomiquelvalls.org\/la-fundacio-als-mitjans\/"},"modified":"2025-04-08T12:26:09","modified_gmt":"2025-04-08T12:26:09","slug":"la-fundacio-als-mitjans","status":"publish","type":"page","link":"https:\/\/fundaciomiquelvalls.org\/es\/la-fundacio-als-mitjans\/","title":{"rendered":"La Fundaci\u00f3n en los medios"},"content":{"rendered":"<p>[vc_row][vc_column width=\u00bb1\/6&#8243;][\/vc_column][vc_column width=\u00bb2\/3&#8243;][vc_column_text]<\/p>\n<h2 class=\"block-title block-title-center\" style=\"text-align: center;\">La Fundaci\u00f3 Catalana d&#8217;ELA Miquel Valls en los medios de comunicaci\u00f3n<\/h2>\n<p>[\/vc_column_text][\/vc_column][vc_column width=\u00bb1\/6&#8243;][\/vc_column][\/vc_row][vc_row][vc_column][vc_empty_space][vc_column_text]<\/p>\n<div style=\"text-align: justify;\">\n<p>A\u00f1o a a\u00f1o desde la Fundaci\u00f3n potenciamos la difusi\u00f3n de nuestros proyectos a trav\u00e9s de la presencia en los medios de comunicaci\u00f3n: prensa escrita, radio, televisi\u00f3n y medios digitales en sus diferentes formatos (art\u00edculos, noticias, entrevistas y reportajes).<\/p>\n<p>En estas intervenciones se habla de la enfermedad, de la tarea de la Fundaci\u00f3n, y de las iniciativas y actos que se han realizado a favor de la entidad, a trav\u00e9s de entrevistas a nuestros profesionales, afectados y familiares atendidos y voluntarios.<\/p>\n<p>A continuaci\u00f3n se puede encontrar de manera detallada a todos los medios en el que hemos aparecido durante los \u00faltimos a\u00f1os:<\/p>\n<\/div>\n<p>[\/vc_column_text][\/vc_column][\/vc_row][vc_row][vc_column][vc_empty_space][\/vc_column][\/vc_row][vc_row][vc_column width=\u00bb1\/4&#8243;][vc_icon type=\u00bbopeniconic\u00bb icon_openiconic=\u00bbvc-oi vc-oi-doc\u00bb color=\u00bbcustom\u00bb align=\u00bbcenter\u00bb custom_color=\u00bb#bad735&#8243;][vc_column_text]<\/p>\n<p style=\"text-align: center;\"><a href=\"https:\/\/fundaciomiquelvalls.org\/wp-content\/uploads\/2025\/04\/PARTICIPACIO-ALS-MITJANS-2024_FCEMV.pdf\"><strong><b>A\u00f1o 2024<\/b><\/strong><\/a><\/p>\n<p>[\/vc_column_text][\/vc_column][vc_column width=\u00bb1\/4&#8243;][vc_icon type=\u00bbopeniconic\u00bb icon_openiconic=\u00bbvc-oi vc-oi-doc\u00bb color=\u00bbcustom\u00bb align=\u00bbcenter\u00bb custom_color=\u00bb#bad735&#8243;][vc_column_text]<\/p>\n<p style=\"text-align: center;\"><a href=\"https:\/\/fundaciomiquelvalls.org\/wp-content\/uploads\/2025\/04\/PARTICIPACIO-ALS-MITJANS-2023.pdf\"><strong><b>A\u00f1o 2023<\/b><\/strong><\/a><\/p>\n<p>[\/vc_column_text][\/vc_column][vc_column width=\u00bb1\/4&#8243;][vc_icon type=\u00bbopeniconic\u00bb icon_openiconic=\u00bbvc-oi vc-oi-doc\u00bb color=\u00bbcustom\u00bb align=\u00bbcenter\u00bb custom_color=\u00bb#bad735&#8243;][vc_column_text]<\/p>\n<p style=\"text-align: center;\"><a href=\"https:\/\/fundaciomiquelvalls.org\/wp-content\/uploads\/2023\/03\/PARTICIPACIO_ALS_MITJANS_2022_FCEMV.pdf\"><strong><b>A\u00f1o 2022<\/b><\/strong><\/a><\/p>\n<p>[\/vc_column_text][\/vc_column][vc_column width=\u00bb1\/4&#8243;][vc_icon type=\u00bbopeniconic\u00bb icon_openiconic=\u00bbvc-oi vc-oi-doc\u00bb color=\u00bbcustom\u00bb align=\u00bbcenter\u00bb custom_color=\u00bb#bad735&#8243;][vc_column_text]<\/p>\n<p style=\"text-align: center;\"><a href=\"https:\/\/fundaciomiquelvalls.org\/wp-content\/uploads\/2023\/03\/PARTICIPACIO_MITJANS_FMQV_2021.pdf\"><strong><b>A\u00f1o 2021<\/b><\/strong><\/a><\/p>\n<p>[\/vc_column_text][\/vc_column][\/vc_row][vc_row][vc_column width=\u00bb1\/4&#8243;][vc_icon type=\u00bbopeniconic\u00bb icon_openiconic=\u00bbvc-oi vc-oi-doc\u00bb color=\u00bbcustom\u00bb align=\u00bbcenter\u00bb custom_color=\u00bb#bad735&#8243;][vc_column_text]<\/p>\n<p style=\"text-align: center;\"><a href=\"https:\/\/fundaciomiquelvalls.org\/wp-content\/uploads\/2022\/07\/FMQV-en-mitjans-de-comunicacio-2020.pdf\"><strong><b>A\u00f1o 2020<\/b><\/strong><\/a><\/p>\n<p>[\/vc_column_text][\/vc_column][vc_column width=\u00bb1\/4&#8243;][vc_icon type=\u00bbopeniconic\u00bb icon_openiconic=\u00bbvc-oi vc-oi-doc\u00bb color=\u00bbcustom\u00bb align=\u00bbcenter\u00bb custom_color=\u00bb#bad735&#8243;][vc_column_text]<\/p>\n<p style=\"text-align: center;\"><a href=\"https:\/\/fundaciomiquelvalls.org\/wp-content\/uploads\/2022\/07\/FMQV-en-mitjans-de-comunicacio-2019.pdf\"><strong><b>A\u00f1o 2019<\/b><\/strong><\/a><\/p>\n<p>[\/vc_column_text][\/vc_column][vc_column width=\u00bb1\/4&#8243;][vc_icon type=\u00bbopeniconic\u00bb icon_openiconic=\u00bbvc-oi vc-oi-doc\u00bb color=\u00bbcustom\u00bb align=\u00bbcenter\u00bb custom_color=\u00bb#bad735&#8243;][vc_column_text]<\/p>\n<p style=\"text-align: center;\"><a href=\"https:\/\/fundaciomiquelvalls.org\/wp-content\/uploads\/2022\/07\/FMQV-participacio-als-mitjans-2018.pdf\"><strong><b>A\u00f1o 2018<\/b><\/strong><\/a><\/p>\n<p>[\/vc_column_text][\/vc_column][vc_column width=\u00bb1\/4&#8243;][vc_icon type=\u00bbopeniconic\u00bb icon_openiconic=\u00bbvc-oi vc-oi-doc\u00bb color=\u00bbcustom\u00bb align=\u00bbcenter\u00bb custom_color=\u00bb#bad735&#8243;][vc_column_text]<\/p>\n<p style=\"text-align: center;\"><a href=\"https:\/\/fundaciomiquelvalls.org\/wp-content\/uploads\/2022\/07\/FMQV-participacio-als-mitjans-2017.pdf\"><strong><b>A\u00f1o 2017<\/b><\/strong><\/a><\/p>\n<p>[\/vc_column_text][\/vc_column][\/vc_row][vc_row][vc_column width=\u00bb1\/4&#8243;][vc_icon type=\u00bbopeniconic\u00bb icon_openiconic=\u00bbvc-oi vc-oi-doc\u00bb color=\u00bbcustom\u00bb align=\u00bbcenter\u00bb custom_color=\u00bb#bad735&#8243;][vc_column_text]<\/p>\n<p style=\"text-align: center;\"><a href=\"https:\/\/fundaciomiquelvalls.org\/wp-content\/uploads\/2022\/07\/LA-FMQV-ALS-MITJANS-2016.pdf\"><strong><b>A\u00f1o 2016<\/b><\/strong><\/a><\/p>\n<p>[\/vc_column_text][\/vc_column][vc_column width=\u00bb1\/4&#8243;][vc_icon type=\u00bbopeniconic\u00bb icon_openiconic=\u00bbvc-oi vc-oi-doc\u00bb color=\u00bbcustom\u00bb align=\u00bbcenter\u00bb custom_color=\u00bb#bad735&#8243;][vc_column_text]<\/p>\n<p style=\"text-align: center;\"><a href=\"https:\/\/fundaciomiquelvalls.org\/wp-content\/uploads\/2022\/07\/LA-FMQV-ALS-MITJANS-2015.pdf\"><strong><b>A\u00f1o 2015<\/b><\/strong><\/a><\/p>\n<p>[\/vc_column_text][\/vc_column][vc_column width=\u00bb1\/4&#8243;][vc_icon type=\u00bbopeniconic\u00bb icon_openiconic=\u00bbvc-oi vc-oi-doc\u00bb color=\u00bbcustom\u00bb align=\u00bbcenter\u00bb custom_color=\u00bb#bad735&#8243;][vc_column_text]<\/p>\n<p style=\"text-align: center;\"><a href=\"https:\/\/fundaciomiquelvalls.org\/wp-content\/uploads\/2022\/07\/LA-FMQV-ALS-MITJANS-2013.pdf\"><strong><b>A\u00f1o 2013<\/b><\/strong><\/a><\/p>\n<p>[\/vc_column_text][\/vc_column][vc_column width=\u00bb1\/4&#8243;][vc_icon type=\u00bbopeniconic\u00bb icon_openiconic=\u00bbvc-oi vc-oi-doc\u00bb color=\u00bbcustom\u00bb align=\u00bbcenter\u00bb custom_color=\u00bb#bad735&#8243;][vc_column_text]<\/p>\n<p style=\"text-align: center;\"><a href=\"https:\/\/fundaciomiquelvalls.org\/wp-content\/uploads\/2022\/07\/LA-FMQV-ALS-MITJANS-2014.pdf\"><strong><b>A\u00f1o 2014<\/b><\/strong><\/a><\/p>\n<p>[\/vc_column_text][\/vc_column][\/vc_row]<\/p>\n","protected":false},"excerpt":{"rendered":"<p>[vc_row][vc_column width=\u00bb1\/6&#8243;][\/vc_column][vc_column width=\u00bb2\/3&#8243;][vc_column_text] La Fundaci\u00f3 Catalana d&#8217;ELA Miquel Valls en los medios de comunicaci\u00f3n [\/vc_column_text][\/vc_column][vc_column width=\u00bb1\/6&#8243;][\/vc_column][\/vc_row][vc_row][vc_column][vc_empty_space][vc_column_text] A\u00f1o a a\u00f1o desde la Fundaci\u00f3n potenciamos la difusi\u00f3n de nuestros proyectos a trav\u00e9s de la presencia en los medios de comunicaci\u00f3n: prensa escrita, radio, televisi\u00f3n y medios digitales en sus diferentes formatos (art\u00edculos, noticias, entrevistas y reportajes). En estas intervenciones se habla de la enfermedad, de la tarea de la Fundaci\u00f3n, y de las iniciativas y actos que se han realizado a favor de la entidad, a trav\u00e9s de entrevistas a nuestros profesionales, afectados y familiares atendidos y voluntarios. A continuaci\u00f3n se puede encontrar de manera detallada a todos los medios en el que hemos aparecido durante los \u00faltimos a\u00f1os: [\/vc_column_text][\/vc_column][\/vc_row][vc_row][vc_column][vc_empty_space][\/vc_column][\/vc_row][vc_row][vc_column width=\u00bb1\/4&#8243;][vc_icon type=\u00bbopeniconic\u00bb icon_openiconic=\u00bbvc-oi vc-oi-doc\u00bb color=\u00bbcustom\u00bb align=\u00bbcenter\u00bb custom_color=\u00bb#bad735&#8243;][vc_column_text] A\u00f1o 2024 [\/vc_column_text][\/vc_column][vc_column width=\u00bb1\/4&#8243;][vc_icon type=\u00bbopeniconic\u00bb icon_openiconic=\u00bbvc-oi vc-oi-doc\u00bb color=\u00bbcustom\u00bb align=\u00bbcenter\u00bb custom_color=\u00bb#bad735&#8243;][vc_column_text] A\u00f1o 2023 [\/vc_column_text][\/vc_column][vc_column width=\u00bb1\/4&#8243;][vc_icon type=\u00bbopeniconic\u00bb icon_openiconic=\u00bbvc-oi vc-oi-doc\u00bb color=\u00bbcustom\u00bb align=\u00bbcenter\u00bb custom_color=\u00bb#bad735&#8243;][vc_column_text] A\u00f1o 2022 [\/vc_column_text][\/vc_column][vc_column width=\u00bb1\/4&#8243;][vc_icon type=\u00bbopeniconic\u00bb icon_openiconic=\u00bbvc-oi vc-oi-doc\u00bb color=\u00bbcustom\u00bb align=\u00bbcenter\u00bb custom_color=\u00bb#bad735&#8243;][vc_column_text] A\u00f1o 2021 [\/vc_column_text][\/vc_column][\/vc_row][vc_row][vc_column width=\u00bb1\/4&#8243;][vc_icon type=\u00bbopeniconic\u00bb icon_openiconic=\u00bbvc-oi vc-oi-doc\u00bb color=\u00bbcustom\u00bb align=\u00bbcenter\u00bb custom_color=\u00bb#bad735&#8243;][vc_column_text] A\u00f1o 2020 [\/vc_column_text][\/vc_column][vc_column width=\u00bb1\/4&#8243;][vc_icon type=\u00bbopeniconic\u00bb icon_openiconic=\u00bbvc-oi vc-oi-doc\u00bb color=\u00bbcustom\u00bb align=\u00bbcenter\u00bb custom_color=\u00bb#bad735&#8243;][vc_column_text] A\u00f1o 2019 [\/vc_column_text][\/vc_column][vc_column width=\u00bb1\/4&#8243;][vc_icon type=\u00bbopeniconic\u00bb icon_openiconic=\u00bbvc-oi vc-oi-doc\u00bb color=\u00bbcustom\u00bb align=\u00bbcenter\u00bb custom_color=\u00bb#bad735&#8243;][vc_column_text] A\u00f1o 2018 [\/vc_column_text][\/vc_column][vc_column width=\u00bb1\/4&#8243;][vc_icon type=\u00bbopeniconic\u00bb icon_openiconic=\u00bbvc-oi vc-oi-doc\u00bb color=\u00bbcustom\u00bb align=\u00bbcenter\u00bb custom_color=\u00bb#bad735&#8243;][vc_column_text] A\u00f1o 2017 [\/vc_column_text][\/vc_column][\/vc_row][vc_row][vc_column width=\u00bb1\/4&#8243;][vc_icon type=\u00bbopeniconic\u00bb icon_openiconic=\u00bbvc-oi vc-oi-doc\u00bb color=\u00bbcustom\u00bb align=\u00bbcenter\u00bb custom_color=\u00bb#bad735&#8243;][vc_column_text] A\u00f1o 2016 [\/vc_column_text][\/vc_column][vc_column width=\u00bb1\/4&#8243;][vc_icon type=\u00bbopeniconic\u00bb icon_openiconic=\u00bbvc-oi vc-oi-doc\u00bb color=\u00bbcustom\u00bb align=\u00bbcenter\u00bb custom_color=\u00bb#bad735&#8243;][vc_column_text] A\u00f1o 2015 [\/vc_column_text][\/vc_column][vc_column width=\u00bb1\/4&#8243;][vc_icon type=\u00bbopeniconic\u00bb icon_openiconic=\u00bbvc-oi vc-oi-doc\u00bb color=\u00bbcustom\u00bb align=\u00bbcenter\u00bb custom_color=\u00bb#bad735&#8243;][vc_column_text] A\u00f1o 2013 [\/vc_column_text][\/vc_column][vc_column width=\u00bb1\/4&#8243;][vc_icon type=\u00bbopeniconic\u00bb icon_openiconic=\u00bbvc-oi vc-oi-doc\u00bb color=\u00bbcustom\u00bb align=\u00bbcenter\u00bb custom_color=\u00bb#bad735&#8243;][vc_column_text] A\u00f1o 2014 [\/vc_column_text][\/vc_column][\/vc_row]<\/p>\n","protected":false},"author":1,"featured_media":0,"parent":0,"menu_order":0,"comment_status":"closed","ping_status":"closed","template":"","meta":{"footnotes":""},"class_list":["post-3219","page","type-page","status-publish","hentry"],"yoast_head":"<!-- This site is optimized with the Yoast SEO plugin v26.9 - https:\/\/yoast.com\/product\/yoast-seo-wordpress\/ -->\n<title>La Fundaci\u00f3n en los medios - Fundaci\u00f3 Catalana d&#039;ELA Miquel Valls<\/title>\n<meta name=\"description\" content=\"La Fundaci\u00f3 Catalana d&#039;ELA Miquel Valls en los medios\" \/>\n<meta name=\"robots\" content=\"index, follow, max-snippet:-1, max-image-preview:large, max-video-preview:-1\" \/>\n<link rel=\"canonical\" href=\"https:\/\/fundaciomiquelvalls.org\/es\/la-fundacio-als-mitjans\/\" \/>\n<meta property=\"og:locale\" content=\"es_ES\" \/>\n<meta property=\"og:type\" content=\"article\" \/>\n<meta property=\"og:title\" content=\"La Fundaci\u00f3n en los medios - Fundaci\u00f3 Catalana d&#039;ELA Miquel Valls\" \/>\n<meta property=\"og:description\" content=\"La Fundaci\u00f3 Catalana d&#039;ELA Miquel Valls en los medios\" \/>\n<meta property=\"og:url\" content=\"https:\/\/fundaciomiquelvalls.org\/es\/la-fundacio-als-mitjans\/\" \/>\n<meta property=\"og:site_name\" content=\"Fundaci\u00f3 Catalana d&#039;ELA Miquel Valls\" \/>\n<meta property=\"article:modified_time\" content=\"2025-04-08T12:26:09+00:00\" \/>\n<meta name=\"twitter:card\" content=\"summary_large_image\" \/>\n<meta name=\"twitter:label1\" content=\"Tiempo de lectura\" \/>\n\t<meta name=\"twitter:data1\" content=\"2 minutos\" \/>\n<script type=\"application\/ld+json\" class=\"yoast-schema-graph\">{\"@context\":\"https:\/\/schema.org\",\"@graph\":[{\"@type\":\"WebPage\",\"@id\":\"https:\/\/fundaciomiquelvalls.org\/es\/la-fundacio-als-mitjans\/\",\"url\":\"https:\/\/fundaciomiquelvalls.org\/es\/la-fundacio-als-mitjans\/\",\"name\":\"La Fundaci\u00f3n en los medios - Fundaci\u00f3 Catalana d&#039;ELA Miquel Valls\",\"isPartOf\":{\"@id\":\"https:\/\/fundaciomiquelvalls.org\/#website\"},\"datePublished\":\"2021-03-04T14:10:16+00:00\",\"dateModified\":\"2025-04-08T12:26:09+00:00\",\"description\":\"La Fundaci\u00f3 Catalana d'ELA Miquel Valls en los medios\",\"breadcrumb\":{\"@id\":\"https:\/\/fundaciomiquelvalls.org\/es\/la-fundacio-als-mitjans\/#breadcrumb\"},\"inLanguage\":\"es\",\"potentialAction\":[{\"@type\":\"ReadAction\",\"target\":[\"https:\/\/fundaciomiquelvalls.org\/es\/la-fundacio-als-mitjans\/\"]}]},{\"@type\":\"BreadcrumbList\",\"@id\":\"https:\/\/fundaciomiquelvalls.org\/es\/la-fundacio-als-mitjans\/#breadcrumb\",\"itemListElement\":[{\"@type\":\"ListItem\",\"position\":1,\"name\":\"Portada\",\"item\":\"https:\/\/fundaciomiquelvalls.org\/es\/\"},{\"@type\":\"ListItem\",\"position\":2,\"name\":\"La Fundaci\u00f3n en los medios\"}]},{\"@type\":\"WebSite\",\"@id\":\"https:\/\/fundaciomiquelvalls.org\/#website\",\"url\":\"https:\/\/fundaciomiquelvalls.org\/\",\"name\":\"Fundaci\u00f3 Catalana d&#039;ELA Miquel Valls\",\"description\":\"Treballem per millorar la qualitat de vida de les persones afectades d&#039;ELA i Malaltia de Motoneurona\",\"potentialAction\":[{\"@type\":\"SearchAction\",\"target\":{\"@type\":\"EntryPoint\",\"urlTemplate\":\"https:\/\/fundaciomiquelvalls.org\/?s={search_term_string}\"},\"query-input\":{\"@type\":\"PropertyValueSpecification\",\"valueRequired\":true,\"valueName\":\"search_term_string\"}}],\"inLanguage\":\"es\"}]}<\/script>\n<!-- \/ Yoast SEO plugin. -->","yoast_head_json":{"title":"La Fundaci\u00f3n en los medios - Fundaci\u00f3 Catalana d&#039;ELA Miquel Valls","description":"La Fundaci\u00f3 Catalana d'ELA Miquel Valls en los medios","robots":{"index":"index","follow":"follow","max-snippet":"max-snippet:-1","max-image-preview":"max-image-preview:large","max-video-preview":"max-video-preview:-1"},"canonical":"https:\/\/fundaciomiquelvalls.org\/es\/la-fundacio-als-mitjans\/","og_locale":"es_ES","og_type":"article","og_title":"La Fundaci\u00f3n en los medios - Fundaci\u00f3 Catalana d&#039;ELA Miquel Valls","og_description":"La Fundaci\u00f3 Catalana d'ELA Miquel Valls en los medios","og_url":"https:\/\/fundaciomiquelvalls.org\/es\/la-fundacio-als-mitjans\/","og_site_name":"Fundaci\u00f3 Catalana d&#039;ELA Miquel Valls","article_modified_time":"2025-04-08T12:26:09+00:00","twitter_card":"summary_large_image","twitter_misc":{"Tiempo de lectura":"2 minutos"},"schema":{"@context":"https:\/\/schema.org","@graph":[{"@type":"WebPage","@id":"https:\/\/fundaciomiquelvalls.org\/es\/la-fundacio-als-mitjans\/","url":"https:\/\/fundaciomiquelvalls.org\/es\/la-fundacio-als-mitjans\/","name":"La Fundaci\u00f3n en los medios - Fundaci\u00f3 Catalana d&#039;ELA Miquel Valls","isPartOf":{"@id":"https:\/\/fundaciomiquelvalls.org\/#website"},"datePublished":"2021-03-04T14:10:16+00:00","dateModified":"2025-04-08T12:26:09+00:00","description":"La Fundaci\u00f3 Catalana d'ELA Miquel Valls en los medios","breadcrumb":{"@id":"https:\/\/fundaciomiquelvalls.org\/es\/la-fundacio-als-mitjans\/#breadcrumb"},"inLanguage":"es","potentialAction":[{"@type":"ReadAction","target":["https:\/\/fundaciomiquelvalls.org\/es\/la-fundacio-als-mitjans\/"]}]},{"@type":"BreadcrumbList","@id":"https:\/\/fundaciomiquelvalls.org\/es\/la-fundacio-als-mitjans\/#breadcrumb","itemListElement":[{"@type":"ListItem","position":1,"name":"Portada","item":"https:\/\/fundaciomiquelvalls.org\/es\/"},{"@type":"ListItem","position":2,"name":"La Fundaci\u00f3n en los medios"}]},{"@type":"WebSite","@id":"https:\/\/fundaciomiquelvalls.org\/#website","url":"https:\/\/fundaciomiquelvalls.org\/","name":"Fundaci\u00f3 Catalana d&#039;ELA Miquel Valls","description":"Treballem per millorar la qualitat de vida de les persones afectades d&#039;ELA i Malaltia de Motoneurona","potentialAction":[{"@type":"SearchAction","target":{"@type":"EntryPoint","urlTemplate":"https:\/\/fundaciomiquelvalls.org\/?s={search_term_string}"},"query-input":{"@type":"PropertyValueSpecification","valueRequired":true,"valueName":"search_term_string"}}],"inLanguage":"es"}]}},"_links":{"self":[{"href":"https:\/\/fundaciomiquelvalls.org\/es\/wp-json\/wp\/v2\/pages\/3219","targetHints":{"allow":["GET"]}}],"collection":[{"href":"https:\/\/fundaciomiquelvalls.org\/es\/wp-json\/wp\/v2\/pages"}],"about":[{"href":"https:\/\/fundaciomiquelvalls.org\/es\/wp-json\/wp\/v2\/types\/page"}],"author":[{"embeddable":true,"href":"https:\/\/fundaciomiquelvalls.org\/es\/wp-json\/wp\/v2\/users\/1"}],"replies":[{"embeddable":true,"href":"https:\/\/fundaciomiquelvalls.org\/es\/wp-json\/wp\/v2\/comments?post=3219"}],"version-history":[{"count":8,"href":"https:\/\/fundaciomiquelvalls.org\/es\/wp-json\/wp\/v2\/pages\/3219\/revisions"}],"predecessor-version":[{"id":8364,"href":"https:\/\/fundaciomiquelvalls.org\/es\/wp-json\/wp\/v2\/pages\/3219\/revisions\/8364"}],"wp:attachment":[{"href":"https:\/\/fundaciomiquelvalls.org\/es\/wp-json\/wp\/v2\/media?parent=3219"}],"curies":[{"name":"wp","href":"https:\/\/api.w.org\/{rel}","templated":true}]}}