{"id":3211,"date":"2021-07-12T08:51:43","date_gmt":"2021-07-12T08:51:43","guid":{"rendered":"https:\/\/fundaciomiquelvalls.org\/fes-una-donacio\/"},"modified":"2025-10-15T11:28:55","modified_gmt":"2025-10-15T09:28:55","slug":"dona","status":"publish","type":"page","link":"https:\/\/fundaciomiquelvalls.org\/es\/dona\/","title":{"rendered":"Ay\u00fadanos a seguir"},"content":{"rendered":"<p>[vc_row][vc_column width=\u00bb1\/2&#8243;][vc_column_text]<div class=\"give-embed-form-wrapper\" id=\"give-69e347663e23d\"><iframe\n\t\t\t\tname=\"give-embed-form\"\n\t\t\t\tsrc=\"https:\/\/fundaciomiquelvalls.org\/es\/give\/donation-form\/?giveDonationFormInIframe=1\"\n\t\t\t\t\n\t\t\t\tdata-autoScroll=\"0\"\n\t\t\t\tonload=\"if( 'undefined' !== typeof Give ) { Give.initializeIframeResize(this) }\"\n\t\t\t\tstyle=\"border: 0;visibility: hidden;min-height: 598px;\"><\/iframe><div class=\"iframe-loader\">\n<div style=\"\n\t\theight: calc(100% - 28px);\n\t\twidth: calc(100% - 20px);\n\t\tmax-width: 552px;\n\t\tmargin: 10px auto 10px auto;\n\t\tbackground: #fff;\n\t\tborder-radius: 6px;\n\t\tdisplay: flex;\n\t\talign-items: center;\n\t\tjustify-content: center;\n\t\t-webkit-box-shadow: 0 2px 2px 0 rgba(0, 0, 0, 0.14),\n\t\t\t0 3px 1px -2px rgba(0, 0, 0, 0.2),\n\t\t\t0 1px 5px 0 rgba(0, 0, 0, 0.12);\n\t\tbox-shadow: 0 2px 2px 0 rgba(0, 0, 0, 0.14),\n\t\t\t0 3px 1px -2px rgba(0, 0, 0, 0.2),\n\t\t\t0 1px 5px 0 rgba(0, 0, 0, 0.12);\n\t\">\n    <div style=\"\n        pointer-events: none;\n        height: 90px;\n        width: 90px;\n        background-image: url(&quot;data:image\/svg+xml;charset=utf8,%3C?xml version='1.0' encoding='utf-8'?%3E%3C!-- Generator: Adobe Illustrator 24.1.0, SVG Export Plug-In . SVG Version: 6.00 Build 0) --%3E%3Csvg version='1.1' id='Layer_1' xmlns='http:\/\/www.w3.org\/2000\/svg' xmlns:xlink='http:\/\/www.w3.org\/1999\/xlink' x='0px' y='0px' viewBox='0 0 349 348' style='enable-background:new 0 0 349 348;' xml:space='preserve'%3E%3Cstyle type='text\/css'%3E .st0{fill:%23bad735;} %3C\/style%3E%3Cpath class='st0' d='M25.1,204.57c-13.38,0-24.47-10.6-24.97-24.08C0.04,178.09,0,175.97,0,174C0,77.78,78.28-0.5,174.5-0.5 c13.81,0,25,11.19,25,25s-11.19,25-25,25C105.85,49.5,50,105.35,50,174c0,1.37,0.03,2.85,0.1,4.65c0.51,13.8-10.27,25.39-24.07,25.9 C25.72,204.56,25.41,204.57,25.1,204.57z'\/%3E%3Cpath class='st0' d='M174.5,348.5c-13.81,0-25-11.19-25-25c0-13.81,11.19-25,25-25c68.65,0,124.5-55.85,124.5-124.5 c0-1.38-0.03-2.85-0.1-4.65c-0.51-13.8,10.26-25.4,24.06-25.91c13.83-0.53,25.4,10.26,25.91,24.06c0.09,2.39,0.13,4.51,0.13,6.49 C349,270.22,270.72,348.5,174.5,348.5z'\/%3E%3C\/svg%3E&quot;);\n        animation: spin 0.6s linear infinite;\n        \"><\/div>\n<\/div>\n<\/div><\/div>[\/vc_column_text][\/vc_column][vc_column width=\u00bb1\/2&#8243; css=\u00bb.vc_custom_1693216878856{background-color: #dbdbdb !important;}\u00bb][vc_column_text]<\/p>\n<h3 style=\"text-align: center;\"><strong>Haz una aportaci\u00f3n peri\u00f3dica<\/strong><\/h3>\n<p>[\/vc_column_text][vc_separator color=\u00bbcustom\u00bb border_width=\u00bb5&#8243; el_width=\u00bb20&#8243; accent_color=\u00bb#bad735&#8243;][vc_column_text]<\/p>\n<p style=\"text-align: center;\"><span style=\"font-size: 13pt;\">Si quieres apoyar de forma regular los proyectos que tenemos para ayudar a las personas afectadas de ELA y sus familias, tambi\u00e9n puedes hacerte colaborador de la Fundaci\u00f3n, eso s\u00ed, siempre a tu ritmo.<\/span><\/p>\n<p>[\/vc_column_text][vc_single_image image=\u00bb5697&#8243; img_size=\u00bbfull\u00bb alignment=\u00bbcenter\u00bb][vc_empty_space height=\u00bb30px\u00bb][vc_btn title=\u00bbHazte colaborador &gt;\u00bb style=\u00bbcustom\u00bb custom_background=\u00bb#bad735&#8243; custom_text=\u00bb#ffffff\u00bb size=\u00bblg\u00bb align=\u00bbcenter\u00bb link=\u00bburl:https%3A%2F%2Ffundaciomiquelvalls.org%2Fes%2Fvull-ajudar%2F\u00bb css=\u00bb.vc_custom_1705486917234{border-radius: 5px !important;}\u00bb][vc_empty_space height=\u00bb125px\u00bb][\/vc_column][\/vc_row][vc_row][vc_column][vc_empty_space][\/vc_column][\/vc_row][vc_row][vc_column][vc_column_text]<\/p>\n<p style=\"text-align: center;\"><span style=\"font-family: arial, helvetica, sans-serif; font-size: 18pt; color: #000000;\"><strong>Tambi\u00e9n puedes hacer tu donativo mediante:<\/strong><\/span><\/p>\n<p>[\/vc_column_text][\/vc_column][\/vc_row][vc_row][vc_column width=\u00bb1\/2&#8243;][vc_icon icon_fontawesome=\u00bbfas fa-exchange-alt\u00bb color=\u00bbcustom\u00bb align=\u00bbcenter\u00bb custom_color=\u00bb#bad735&#8243;][vc_separator color=\u00bbcustom\u00bb border_width=\u00bb5&#8243; el_width=\u00bb20&#8243; accent_color=\u00bb#bad735&#8243;][vc_column_text]<\/p>\n<p style=\"text-align: center;\"><strong><u>Transferencia <\/u><\/strong>a uno de los siguientes n\u00fameros de cuenta de nuestra entidad:<\/p>\n<p style=\"text-align: center;\"><span style=\"font-size: 10pt;\"><em>\u201cla Caixa\u201d: ES0821003422162210103820<\/em><\/span><\/p>\n<p style=\"text-align: center;\"><span style=\"font-size: 10pt;\"><em>BBVA: ES1501821615200201900410<\/em><\/span><\/p>\n<p>[\/vc_column_text][\/vc_column][vc_column width=\u00bb1\/2&#8243;][vc_icon icon_fontawesome=\u00bbfas fa-mobile-alt\u00bb color=\u00bbcustom\u00bb align=\u00bbcenter\u00bb custom_color=\u00bb#bad735&#8243;][vc_separator color=\u00bbcustom\u00bb border_width=\u00bb5&#8243; el_width=\u00bb20&#8243; accent_color=\u00bb#bad735&#8243;][vc_column_text]<\/p>\n<p style=\"text-align: center;\"><strong><u>Bizum solidario, <\/u><\/strong>haciendo un donativo al n\u00famero <strong>02621<\/strong><\/p>\n<p>[\/vc_column_text][\/vc_column][\/vc_row][vc_row][vc_column][\/vc_column][\/vc_row][vc_row][vc_column][vc_message message_box_color=\u00bbgrey\u00bb]A principios de a\u00f1o la Fundaci\u00f3n comunica a Hacienda vuestras donaciones recibidas en el a\u00f1o anterior si tenemos todos los datos fiscales. Por este motivo, si has realizado una aportaci\u00f3n por transferencia o bizum te pedimos que nos informes de tus datos fiscales (nombre completo, dni y provincia de residencia) a <strong><a href=\"mailto:ela@fundaciomiquelvalls.org\">ela@fundaciomiquelvalls.org<\/a><\/strong>. Asimismo si deseas que te enviemos un certificado de donaci\u00f3n oficial tambi\u00e9n te pedimos que te ponga en contacto con nosotros y te lo haremos llegar lo antes posible.<\/p>\n<p>Todas las aportaciones aplican <strong><a href=\"https:\/\/fundaciomiquelvalls.org\/es\/vull-ajudar\/#ventajasfiscales\">deducciones fiscales directas<\/a><\/strong> seg\u00fan establece la Ley 49\/2002, de 23 de diciembre, de r\u00e9gimen fiscal de entidades sin \u00e1nimo de lucro e incentivos fiscales al mecenazgo, modificada por el Real Decreto-Ley 6\/2023, de 19 de diciembre .[\/vc_message][\/vc_column][\/vc_row][vc_row][vc_column][vc_column_text]<\/p>\n<p style=\"text-align: left;\"><span style=\"font-family: arial, helvetica, sans-serif; font-size: 12pt; color: #808080;\"><strong>Las principales deducciones fiscales son:<\/strong><\/span><\/p>\n<p>[\/vc_column_text][\/vc_column][\/vc_row][vc_row][vc_column width=\u00bb1\/2&#8243;][vc_single_image image=\u00bb6360&#8243; img_size=\u00bblarge\u00bb][\/vc_column][vc_column width=\u00bb1\/2&#8243;][vc_single_image image=\u00bb6362&#8243; img_size=\u00bblarge\u00bb alignment=\u00bbright\u00bb][\/vc_column][\/vc_row]<\/p>\n","protected":false},"excerpt":{"rendered":"<p>[vc_row][vc_column width=\u00bb1\/2&#8243;][vc_column_text][\/vc_column_text][\/vc_column][vc_column width=\u00bb1\/2&#8243; css=\u00bb.vc_custom_1693216878856{background-color: #dbdbdb !important;}\u00bb][vc_column_text] Haz una aportaci\u00f3n peri\u00f3dica [\/vc_column_text][vc_separator color=\u00bbcustom\u00bb border_width=\u00bb5&#8243; el_width=\u00bb20&#8243; accent_color=\u00bb#bad735&#8243;][vc_column_text] Si quieres apoyar de forma regular los proyectos que tenemos para ayudar a las personas afectadas de ELA y sus familias, tambi\u00e9n puedes hacerte colaborador de la Fundaci\u00f3n, eso s\u00ed, siempre a tu ritmo. [\/vc_column_text][vc_single_image image=\u00bb5697&#8243; img_size=\u00bbfull\u00bb alignment=\u00bbcenter\u00bb][vc_empty_space height=\u00bb30px\u00bb][vc_btn title=\u00bbHazte colaborador &gt;\u00bb style=\u00bbcustom\u00bb custom_background=\u00bb#bad735&#8243; custom_text=\u00bb#ffffff\u00bb size=\u00bblg\u00bb align=\u00bbcenter\u00bb link=\u00bburl:https%3A%2F%2Ffundaciomiquelvalls.org%2Fes%2Fvull-ajudar%2F\u00bb css=\u00bb.vc_custom_1705486917234{border-radius: 5px !important;}\u00bb][vc_empty_space height=\u00bb125px\u00bb][\/vc_column][\/vc_row][vc_row][vc_column][vc_empty_space][\/vc_column][\/vc_row][vc_row][vc_column][vc_column_text] Tambi\u00e9n puedes hacer tu donativo mediante: [\/vc_column_text][\/vc_column][\/vc_row][vc_row][vc_column width=\u00bb1\/2&#8243;][vc_icon icon_fontawesome=\u00bbfas fa-exchange-alt\u00bb color=\u00bbcustom\u00bb align=\u00bbcenter\u00bb custom_color=\u00bb#bad735&#8243;][vc_separator color=\u00bbcustom\u00bb border_width=\u00bb5&#8243; el_width=\u00bb20&#8243; accent_color=\u00bb#bad735&#8243;][vc_column_text] Transferencia a uno de los siguientes n\u00fameros de cuenta de nuestra entidad: \u201cla Caixa\u201d: ES0821003422162210103820 BBVA: ES1501821615200201900410 [\/vc_column_text][\/vc_column][vc_column width=\u00bb1\/2&#8243;][vc_icon icon_fontawesome=\u00bbfas fa-mobile-alt\u00bb color=\u00bbcustom\u00bb align=\u00bbcenter\u00bb custom_color=\u00bb#bad735&#8243;][vc_separator color=\u00bbcustom\u00bb border_width=\u00bb5&#8243; el_width=\u00bb20&#8243; accent_color=\u00bb#bad735&#8243;][vc_column_text] Bizum solidario, haciendo un donativo al n\u00famero 02621 [\/vc_column_text][\/vc_column][\/vc_row][vc_row][vc_column][\/vc_column][\/vc_row][vc_row][vc_column][vc_message message_box_color=\u00bbgrey\u00bb]A principios de a\u00f1o la Fundaci\u00f3n comunica a Hacienda vuestras donaciones recibidas en el a\u00f1o anterior si tenemos todos los datos fiscales. Por este motivo, si has realizado una aportaci\u00f3n por transferencia o bizum te pedimos que nos informes de tus datos fiscales (nombre completo, dni y provincia de residencia) a ela@fundaciomiquelvalls.org. Asimismo si deseas que te enviemos un certificado de donaci\u00f3n oficial tambi\u00e9n te pedimos que te ponga en contacto con nosotros y te lo haremos llegar lo antes posible. Todas las aportaciones aplican deducciones fiscales directas seg\u00fan establece la Ley 49\/2002, de 23 de diciembre, de r\u00e9gimen fiscal de entidades sin \u00e1nimo de lucro e incentivos fiscales al mecenazgo, modificada por el Real Decreto-Ley 6\/2023, de 19 de diciembre .[\/vc_message][\/vc_column][\/vc_row][vc_row][vc_column][vc_column_text] Las principales deducciones fiscales son: [\/vc_column_text][\/vc_column][\/vc_row][vc_row][vc_column width=\u00bb1\/2&#8243;][vc_single_image image=\u00bb6360&#8243; img_size=\u00bblarge\u00bb][\/vc_column][vc_column width=\u00bb1\/2&#8243;][vc_single_image image=\u00bb6362&#8243; img_size=\u00bblarge\u00bb alignment=\u00bbright\u00bb][\/vc_column][\/vc_row]<\/p>\n","protected":false},"author":1,"featured_media":0,"parent":0,"menu_order":0,"comment_status":"closed","ping_status":"closed","template":"","meta":{"footnotes":""},"class_list":["post-3211","page","type-page","status-publish","hentry"],"yoast_head":"<!-- This site is optimized with the Yoast SEO plugin v26.9 - https:\/\/yoast.com\/product\/yoast-seo-wordpress\/ -->\n<title>Ay\u00fadanos a seguir - Fundaci\u00f3 Catalana d&#039;ELA Miquel Valls<\/title>\n<meta name=\"description\" content=\"Haz una donaci\u00f3n para ayudar a las personas afectadas de ELA y sus familias.\" \/>\n<meta name=\"robots\" content=\"index, follow, max-snippet:-1, max-image-preview:large, max-video-preview:-1\" \/>\n<link rel=\"canonical\" href=\"https:\/\/fundaciomiquelvalls.org\/es\/dona\/\" \/>\n<meta property=\"og:locale\" content=\"es_ES\" \/>\n<meta property=\"og:type\" content=\"article\" \/>\n<meta property=\"og:title\" content=\"Ay\u00fadanos a seguir - Fundaci\u00f3 Catalana d&#039;ELA Miquel Valls\" \/>\n<meta property=\"og:description\" content=\"Haz una donaci\u00f3n para ayudar a las personas afectadas de ELA y sus familias.\" \/>\n<meta property=\"og:url\" content=\"https:\/\/fundaciomiquelvalls.org\/es\/dona\/\" \/>\n<meta property=\"og:site_name\" content=\"Fundaci\u00f3 Catalana d&#039;ELA Miquel Valls\" \/>\n<meta property=\"article:modified_time\" content=\"2025-10-15T09:28:55+00:00\" \/>\n<meta name=\"twitter:card\" content=\"summary_large_image\" \/>\n<meta name=\"twitter:label1\" content=\"Tiempo de lectura\" \/>\n\t<meta name=\"twitter:data1\" content=\"2 minutos\" \/>\n<script type=\"application\/ld+json\" class=\"yoast-schema-graph\">{\"@context\":\"https:\/\/schema.org\",\"@graph\":[{\"@type\":\"WebPage\",\"@id\":\"https:\/\/fundaciomiquelvalls.org\/es\/dona\/\",\"url\":\"https:\/\/fundaciomiquelvalls.org\/es\/dona\/\",\"name\":\"Ay\u00fadanos a seguir - Fundaci\u00f3 Catalana d&#039;ELA Miquel Valls\",\"isPartOf\":{\"@id\":\"https:\/\/fundaciomiquelvalls.org\/#website\"},\"datePublished\":\"2021-07-12T08:51:43+00:00\",\"dateModified\":\"2025-10-15T09:28:55+00:00\",\"description\":\"Haz una donaci\u00f3n para ayudar a las personas afectadas de ELA y sus familias.\",\"breadcrumb\":{\"@id\":\"https:\/\/fundaciomiquelvalls.org\/es\/dona\/#breadcrumb\"},\"inLanguage\":\"es\",\"potentialAction\":[{\"@type\":\"ReadAction\",\"target\":[\"https:\/\/fundaciomiquelvalls.org\/es\/dona\/\"]}]},{\"@type\":\"BreadcrumbList\",\"@id\":\"https:\/\/fundaciomiquelvalls.org\/es\/dona\/#breadcrumb\",\"itemListElement\":[{\"@type\":\"ListItem\",\"position\":1,\"name\":\"Portada\",\"item\":\"https:\/\/fundaciomiquelvalls.org\/es\/\"},{\"@type\":\"ListItem\",\"position\":2,\"name\":\"Ay\u00fadanos a seguir\"}]},{\"@type\":\"WebSite\",\"@id\":\"https:\/\/fundaciomiquelvalls.org\/#website\",\"url\":\"https:\/\/fundaciomiquelvalls.org\/\",\"name\":\"Fundaci\u00f3 Catalana d&#039;ELA Miquel Valls\",\"description\":\"Treballem per millorar la qualitat de vida de les persones afectades d&#039;ELA i Malaltia de Motoneurona\",\"potentialAction\":[{\"@type\":\"SearchAction\",\"target\":{\"@type\":\"EntryPoint\",\"urlTemplate\":\"https:\/\/fundaciomiquelvalls.org\/?s={search_term_string}\"},\"query-input\":{\"@type\":\"PropertyValueSpecification\",\"valueRequired\":true,\"valueName\":\"search_term_string\"}}],\"inLanguage\":\"es\"}]}<\/script>\n<!-- \/ Yoast SEO plugin. -->","yoast_head_json":{"title":"Ay\u00fadanos a seguir - Fundaci\u00f3 Catalana d&#039;ELA Miquel Valls","description":"Haz una donaci\u00f3n para ayudar a las personas afectadas de ELA y sus familias.","robots":{"index":"index","follow":"follow","max-snippet":"max-snippet:-1","max-image-preview":"max-image-preview:large","max-video-preview":"max-video-preview:-1"},"canonical":"https:\/\/fundaciomiquelvalls.org\/es\/dona\/","og_locale":"es_ES","og_type":"article","og_title":"Ay\u00fadanos a seguir - Fundaci\u00f3 Catalana d&#039;ELA Miquel Valls","og_description":"Haz una donaci\u00f3n para ayudar a las personas afectadas de ELA y sus familias.","og_url":"https:\/\/fundaciomiquelvalls.org\/es\/dona\/","og_site_name":"Fundaci\u00f3 Catalana d&#039;ELA Miquel Valls","article_modified_time":"2025-10-15T09:28:55+00:00","twitter_card":"summary_large_image","twitter_misc":{"Tiempo de lectura":"2 minutos"},"schema":{"@context":"https:\/\/schema.org","@graph":[{"@type":"WebPage","@id":"https:\/\/fundaciomiquelvalls.org\/es\/dona\/","url":"https:\/\/fundaciomiquelvalls.org\/es\/dona\/","name":"Ay\u00fadanos a seguir - Fundaci\u00f3 Catalana d&#039;ELA Miquel Valls","isPartOf":{"@id":"https:\/\/fundaciomiquelvalls.org\/#website"},"datePublished":"2021-07-12T08:51:43+00:00","dateModified":"2025-10-15T09:28:55+00:00","description":"Haz una donaci\u00f3n para ayudar a las personas afectadas de ELA y sus familias.","breadcrumb":{"@id":"https:\/\/fundaciomiquelvalls.org\/es\/dona\/#breadcrumb"},"inLanguage":"es","potentialAction":[{"@type":"ReadAction","target":["https:\/\/fundaciomiquelvalls.org\/es\/dona\/"]}]},{"@type":"BreadcrumbList","@id":"https:\/\/fundaciomiquelvalls.org\/es\/dona\/#breadcrumb","itemListElement":[{"@type":"ListItem","position":1,"name":"Portada","item":"https:\/\/fundaciomiquelvalls.org\/es\/"},{"@type":"ListItem","position":2,"name":"Ay\u00fadanos a seguir"}]},{"@type":"WebSite","@id":"https:\/\/fundaciomiquelvalls.org\/#website","url":"https:\/\/fundaciomiquelvalls.org\/","name":"Fundaci\u00f3 Catalana d&#039;ELA Miquel Valls","description":"Treballem per millorar la qualitat de vida de les persones afectades d&#039;ELA i Malaltia de Motoneurona","potentialAction":[{"@type":"SearchAction","target":{"@type":"EntryPoint","urlTemplate":"https:\/\/fundaciomiquelvalls.org\/?s={search_term_string}"},"query-input":{"@type":"PropertyValueSpecification","valueRequired":true,"valueName":"search_term_string"}}],"inLanguage":"es"}]}},"_links":{"self":[{"href":"https:\/\/fundaciomiquelvalls.org\/es\/wp-json\/wp\/v2\/pages\/3211","targetHints":{"allow":["GET"]}}],"collection":[{"href":"https:\/\/fundaciomiquelvalls.org\/es\/wp-json\/wp\/v2\/pages"}],"about":[{"href":"https:\/\/fundaciomiquelvalls.org\/es\/wp-json\/wp\/v2\/types\/page"}],"author":[{"embeddable":true,"href":"https:\/\/fundaciomiquelvalls.org\/es\/wp-json\/wp\/v2\/users\/1"}],"replies":[{"embeddable":true,"href":"https:\/\/fundaciomiquelvalls.org\/es\/wp-json\/wp\/v2\/comments?post=3211"}],"version-history":[{"count":13,"href":"https:\/\/fundaciomiquelvalls.org\/es\/wp-json\/wp\/v2\/pages\/3211\/revisions"}],"predecessor-version":[{"id":9177,"href":"https:\/\/fundaciomiquelvalls.org\/es\/wp-json\/wp\/v2\/pages\/3211\/revisions\/9177"}],"wp:attachment":[{"href":"https:\/\/fundaciomiquelvalls.org\/es\/wp-json\/wp\/v2\/media?parent=3211"}],"curies":[{"name":"wp","href":"https:\/\/api.w.org\/{rel}","templated":true}]}}