{"id":3141,"date":"2021-03-01T14:13:11","date_gmt":"2021-03-01T14:13:11","guid":{"rendered":"https:\/\/fundaciomiquelvalls.org\/equip\/"},"modified":"2025-08-25T12:24:53","modified_gmt":"2025-08-25T10:24:53","slug":"equipo","status":"publish","type":"page","link":"https:\/\/fundaciomiquelvalls.org\/es\/equipo\/","title":{"rendered":"Equipo"},"content":{"rendered":"<p>[vc_row][vc_column][vc_column_text]La Fundaci\u00f3n Catalana de ELA Miquel Valls cuenta con un <strong>equipo de profesionales<\/strong> especializados en la atenci\u00f3n a las personas afectadas de ELA y en las necesidades que se derivan de la enfermedad, que con su esfuerzo y dedicaci\u00f3n han permitido seguir garantizando la continuidad del proyecto, ofreciendo una atenci\u00f3n de calidad.[\/vc_column_text][vc_empty_space][\/vc_column][\/vc_row][vc_row][vc_column][vc_text_separator title=\u00bbDIRECCI\u00d3N\u00bb title_align=\u00bbseparator_align_left\u00bb color=\u00bbcustom\u00bb accent_color=\u00bb#bad735&#8243;][\/vc_column][\/vc_row][vc_row][vc_column width=\u00bb1\/5&#8243;][vc_single_image image=\u00bb2186&#8243; img_size=\u00bbfull\u00bb alignment=\u00bbcenter\u00bb style=\u00bbvc_box_circle_2&#8243;][vc_column_text]<\/p>\n<p style=\"text-align: center;\"><strong><span style=\"font-size: 12pt; color: #000000;\">ESTHER SELL\u00c9S<\/span><\/strong><\/p>\n<p style=\"text-align: center;\"><em>Directora General<\/em><\/p>\n<p>[\/vc_column_text][\/vc_column][vc_column width=\u00bb1\/5&#8243;][vc_single_image image=\u00bb3144&#8243; img_size=\u00bbfull\u00bb alignment=\u00bbcenter\u00bb style=\u00bbvc_box_circle_2&#8243;][vc_column_text]<\/p>\n<p style=\"text-align: center;\"><strong><span style=\"font-size: 12pt; color: #000000;\">LAURA GONZ\u00c1LEZ<\/span><\/strong><\/p>\n<p style=\"text-align: center;\"><em>Directora Asistencial<\/em><\/p>\n<p>[\/vc_column_text][\/vc_column][vc_column width=\u00bb1\/5&#8243;][\/vc_column][vc_column width=\u00bb1\/5&#8243;][\/vc_column][vc_column width=\u00bb1\/5&#8243;][\/vc_column][\/vc_row][vc_row][vc_column][vc_empty_space][vc_text_separator title=\u00bbTRABAJO SOCIAL\u00bb title_align=\u00bbseparator_align_left\u00bb color=\u00bbcustom\u00bb accent_color=\u00bb#bad735&#8243;][\/vc_column][\/vc_row][vc_row][vc_column width=\u00bb1\/5&#8243;][vc_single_image image=\u00bb6153&#8243; img_size=\u00bbfull\u00bb alignment=\u00bbcenter\u00bb style=\u00bbvc_box_circle_2&#8243;][vc_column_text]<\/p>\n<p style=\"text-align: center;\"><strong><span style=\"font-size: 12pt; color: #000000;\">TATIANA GUBERT<\/span><\/strong><\/p>\n<p style=\"text-align: center;\"><em>Trabajadora Social<\/em><\/p>\n<p>[\/vc_column_text][\/vc_column][vc_column width=\u00bb1\/5&#8243;][vc_single_image image=\u00bb2385&#8243; img_size=\u00bbfull\u00bb alignment=\u00bbcenter\u00bb style=\u00bbvc_box_circle_2&#8243;][vc_column_text]<\/p>\n<p style=\"text-align: center;\"><strong><span style=\"font-size: 12pt; color: #000000;\">ANA\u00cfS S\u00c1NCHEZ<\/span><\/strong><\/p>\n<p style=\"text-align: center;\"><em>Trabajadora Social<\/em><\/p>\n<p>[\/vc_column_text][\/vc_column][vc_column width=\u00bb1\/5&#8243;][vc_single_image image=\u00bb3879&#8243; img_size=\u00bbfull\u00bb alignment=\u00bbcenter\u00bb style=\u00bbvc_box_circle_2&#8243;][vc_column_text]<\/p>\n<p style=\"text-align: center;\"><strong><span style=\"font-size: 12pt; color: #000000;\">N\u00daRIA MASSUET<\/span><\/strong><\/p>\n<p style=\"text-align: center;\"><em>Trabajadora Social<\/em><\/p>\n<p>[\/vc_column_text][\/vc_column][vc_column width=\u00bb1\/5&#8243;][vc_single_image image=\u00bb6151&#8243; img_size=\u00bbfull\u00bb alignment=\u00bbcenter\u00bb style=\u00bbvc_box_circle_2&#8243;][vc_column_text]<\/p>\n<p style=\"text-align: center;\"><strong><span style=\"font-size: 12pt; color: #000000;\">MARINA TORRENT\u00d3<\/span><\/strong><\/p>\n<p style=\"text-align: center;\"><em>Trabajadora Social<\/em><\/p>\n<p>[\/vc_column_text][\/vc_column][vc_column width=\u00bb1\/5&#8243;][vc_single_image image=\u00bb8283&#8243; img_size=\u00bbfull\u00bb alignment=\u00bbcenter\u00bb style=\u00bbvc_box_circle_2&#8243;][vc_column_text]<\/p>\n<p style=\"text-align: center;\"><strong><span style=\"font-size: 12pt; color: #000000;\">ALBA VILANOVA<\/span><\/strong><\/p>\n<p style=\"text-align: center;\"><em>Trabajadora Social<\/em><\/p>\n<p>[\/vc_column_text][\/vc_column][\/vc_row][vc_row][vc_column][vc_empty_space][vc_text_separator title=\u00bbTERAPIA OCUPACIONAL\u00bb title_align=\u00bbseparator_align_left\u00bb color=\u00bbcustom\u00bb accent_color=\u00bb#bad735&#8243;][\/vc_column][\/vc_row][vc_row][vc_column width=\u00bb1\/5&#8243;][vc_single_image image=\u00bb2420&#8243; img_size=\u00bbfull\u00bb alignment=\u00bbcenter\u00bb style=\u00bbvc_box_circle_2&#8243;][vc_column_text]<\/p>\n<p style=\"text-align: center;\"><strong><span style=\"font-size: 12pt; color: #000000;\">N\u00daRIA QUINTANA<\/span><\/strong><\/p>\n<p style=\"text-align: center;\"><em>Terapeuta Ocupacional<\/em><\/p>\n<p>[\/vc_column_text][\/vc_column][vc_column width=\u00bb1\/5&#8243;][vc_single_image image=\u00bb5929&#8243; img_size=\u00bbfull\u00bb alignment=\u00bbcenter\u00bb style=\u00bbvc_box_circle_2&#8243;][vc_column_text]<\/p>\n<p style=\"text-align: center;\"><strong><span style=\"font-size: 12pt; color: #000000;\">LAURA LUMBRERAS<\/span><\/strong><\/p>\n<p style=\"text-align: center;\"><em>Terapeuta Ocupacional<\/em><\/p>\n<p>[\/vc_column_text][\/vc_column][vc_column width=\u00bb1\/5&#8243;][vc_single_image image=\u00bb7488&#8243; img_size=\u00bbfull\u00bb alignment=\u00bbcenter\u00bb style=\u00bbvc_box_circle_2&#8243;][vc_column_text]<\/p>\n<p style=\"text-align: center;\"><strong><span style=\"font-size: 12pt; color: #000000;\">CRISTINA IGLESIAS<\/span><\/strong><\/p>\n<p style=\"text-align: center;\"><em>Terapeuta Ocupacional<\/em><\/p>\n<p>[\/vc_column_text][\/vc_column][vc_column width=\u00bb1\/5&#8243;][vc_single_image image=\u00bb8249&#8243; img_size=\u00bbfull\u00bb alignment=\u00bbcenter\u00bb style=\u00bbvc_box_circle_2&#8243;][vc_column_text]<\/p>\n<p style=\"text-align: center;\"><strong><span style=\"font-size: 12pt; color: #000000;\">MIREIA ESTRAGU\u00c9S<\/span><\/strong><\/p>\n<p style=\"text-align: center;\"><em>Terapeuta Ocupacional<\/em><\/p>\n<p>[\/vc_column_text][\/vc_column][vc_column width=\u00bb1\/5&#8243;][\/vc_column][\/vc_row][vc_row][vc_column][vc_empty_space][vc_text_separator title=\u00bbBANCO DE PRODUCTOS DE APOYO\u00bb title_align=\u00bbseparator_align_left\u00bb color=\u00bbcustom\u00bb accent_color=\u00bb#bad735&#8243;][\/vc_column][\/vc_row][vc_row][vc_column width=\u00bb1\/5&#8243;][vc_single_image image=\u00bb2393&#8243; img_size=\u00bbfull\u00bb alignment=\u00bbcenter\u00bb style=\u00bbvc_box_circle_2&#8243;][vc_column_text]<\/p>\n<p style=\"text-align: center;\"><strong><span style=\"font-size: 12pt; color: #000000;\">DANIEL MARESMA<\/span><\/strong><\/p>\n<p style=\"text-align: center;\"><em>Banco de Productos de Apoyo<\/em><\/p>\n<p>[\/vc_column_text][\/vc_column][vc_column width=\u00bb1\/5&#8243;][vc_single_image image=\u00bb7490&#8243; img_size=\u00bbfull\u00bb alignment=\u00bbcenter\u00bb style=\u00bbvc_box_circle_2&#8243;][vc_column_text]<\/p>\n<p style=\"text-align: center;\"><strong><span style=\"font-size: 12pt; color: #000000;\">JOHN GALINDO<\/span><\/strong><\/p>\n<p style=\"text-align: center;\"><em>Banco de Productos de Apoyo<\/em><\/p>\n<p>[\/vc_column_text][\/vc_column][vc_column width=\u00bb1\/5&#8243;][\/vc_column][vc_column width=\u00bb1\/5&#8243;][\/vc_column][vc_column width=\u00bb1\/5&#8243;][\/vc_column][\/vc_row][vc_row][vc_column][vc_empty_space][vc_text_separator title=\u00bbPSICOLOGIA\u00bb title_align=\u00bbseparator_align_left\u00bb color=\u00bbcustom\u00bb accent_color=\u00bb#bad735&#8243;][\/vc_column][\/vc_row][vc_row][vc_column width=\u00bb1\/5&#8243;][vc_single_image image=\u00bb2397&#8243; img_size=\u00bbfull\u00bb alignment=\u00bbcenter\u00bb style=\u00bbvc_box_circle_2&#8243;][vc_column_text]<\/p>\n<p style=\"text-align: center;\"><strong><span style=\"font-size: 12pt; color: #000000;\">SANDRA BLAVI<\/span><\/strong><\/p>\n<p style=\"text-align: center;\"><em>Psic\u00f3loga<\/em><\/p>\n<p>[\/vc_column_text][\/vc_column][vc_column width=\u00bb1\/5&#8243;][vc_single_image image=\u00bb3877&#8243; img_size=\u00bbfull\u00bb alignment=\u00bbcenter\u00bb style=\u00bbvc_box_circle_2&#8243;][vc_column_text]<\/p>\n<p style=\"text-align: center;\"><strong><span style=\"font-size: 12pt; color: #000000;\">MONTSE GIM\u00c9NEZ<\/span><\/strong><\/p>\n<p style=\"text-align: center;\"><em>Psic\u00f3loga<\/em><\/p>\n<p>[\/vc_column_text][\/vc_column][vc_column width=\u00bb1\/5&#8243;][vc_single_image image=\u00bb5074&#8243; img_size=\u00bbfull\u00bb alignment=\u00bbcenter\u00bb style=\u00bbvc_box_circle_2&#8243;][vc_column_text]<\/p>\n<p style=\"text-align: center;\"><strong><span style=\"font-size: 12pt; color: #000000;\">MARIA DALMAU<\/span><\/strong><\/p>\n<p style=\"text-align: center;\"><em>Psic\u00f3loga<\/em><\/p>\n<p>[\/vc_column_text][\/vc_column][vc_column width=\u00bb1\/5&#8243;][vc_single_image image=\u00bb8904&#8243; img_size=\u00bbfull\u00bb alignment=\u00bbcenter\u00bb style=\u00bbvc_box_circle_2&#8243;][vc_column_text]<\/p>\n<p style=\"text-align: center;\"><strong><span style=\"font-size: 12pt; color: #000000;\">DAIANE DA SILVA<\/span><\/strong><\/p>\n<p style=\"text-align: center;\"><em>Psic\u00f3loga<\/em><\/p>\n<p>[\/vc_column_text][\/vc_column][vc_column width=\u00bb1\/5&#8243;][\/vc_column][\/vc_row][vc_row][vc_column][vc_empty_space][vc_text_separator title=\u00bbRECURSOS Y COMUNICACI\u00d3N\u00bb color=\u00bbcustom\u00bb accent_color=\u00bb#bad735&#8243;][\/vc_column][\/vc_row][vc_row][vc_column width=\u00bb1\/5&#8243;][vc_single_image image=\u00bb3160&#8243; img_size=\u00bbfull\u00bb alignment=\u00bbcenter\u00bb style=\u00bbvc_box_circle_2&#8243;][vc_column_text]<\/p>\n<p style=\"text-align: center;\"><strong><span style=\"font-size: 12pt; color: #000000;\">ANNA RIGOLA<\/span><\/strong><\/p>\n<p style=\"text-align: center;\"><em>Comunicaci\u00f3n y Captaci\u00f3n de Fondos<\/em><\/p>\n<p>[\/vc_column_text][\/vc_column][vc_column width=\u00bb1\/5&#8243;][vc_single_image image=\u00bb3156&#8243; img_size=\u00bbfull\u00bb alignment=\u00bbcenter\u00bb style=\u00bbvc_box_circle_2&#8243;][vc_column_text]<\/p>\n<p style=\"text-align: center;\"><strong><span style=\"font-size: 12pt; color: #000000;\">CRISTINA TORRAS<\/span><\/strong><\/p>\n<p style=\"text-align: center;\"><em>Subvenciones y Captaci\u00f3n de Fondos<\/em><\/p>\n<p>[\/vc_column_text][\/vc_column][vc_column width=\u00bb1\/5&#8243;][vc_single_image image=\u00bb4246&#8243; img_size=\u00bbfull\u00bb alignment=\u00bbcenter\u00bb style=\u00bbvc_box_circle_2&#8243;][vc_column_text]<\/p>\n<p style=\"text-align: center;\"><strong><span style=\"font-size: 12pt; color: #000000;\">MARTA LLAUGER<\/span><\/strong><\/p>\n<p style=\"text-align: center;\"><em>Administraci\u00f3n y Contabilidad<\/em><\/p>\n<p>[\/vc_column_text][\/vc_column][vc_column width=\u00bb1\/5&#8243;][vc_single_image image=\u00bb4248&#8243; img_size=\u00bbfull\u00bb alignment=\u00bbcenter\u00bb style=\u00bbvc_box_circle_2&#8243;][vc_column_text]<\/p>\n<p style=\"text-align: center;\"><strong><span style=\"font-size: 12pt; color: #000000;\">M\u00d2NICA PABLO<\/span><\/strong><\/p>\n<p style=\"text-align: center;\"><em>Calidad y Evaluaci\u00f3n<\/em><\/p>\n<p>[\/vc_column_text][\/vc_column][vc_column width=\u00bb1\/5&#8243;][vc_single_image image=\u00bb8356&#8243; img_size=\u00bbfull\u00bb alignment=\u00bbcenter\u00bb style=\u00bbvc_box_circle_2&#8243;][vc_column_text]<\/p>\n<p style=\"text-align: center;\"><strong><span style=\"font-size: 12pt; color: #000000;\">MARTA ROCA<\/span><\/strong><\/p>\n<p style=\"text-align: center;\"><em>Administraci\u00f3n y Captaci\u00f3n de fondos<\/em><\/p>\n<p>[\/vc_column_text][\/vc_column][\/vc_row]<\/p>\n","protected":false},"excerpt":{"rendered":"<p>[vc_row][vc_column][vc_column_text]La Fundaci\u00f3n Catalana de ELA Miquel Valls cuenta con un equipo de profesionales especializados en la atenci\u00f3n a las personas afectadas de ELA y en las necesidades que se derivan de la enfermedad, que con su esfuerzo y dedicaci\u00f3n han permitido seguir garantizando la continuidad del proyecto, ofreciendo una atenci\u00f3n de calidad.[\/vc_column_text][vc_empty_space][\/vc_column][\/vc_row][vc_row][vc_column][vc_text_separator title=\u00bbDIRECCI\u00d3N\u00bb title_align=\u00bbseparator_align_left\u00bb color=\u00bbcustom\u00bb accent_color=\u00bb#bad735&#8243;][\/vc_column][\/vc_row][vc_row][vc_column width=\u00bb1\/5&#8243;][vc_single_image image=\u00bb2186&#8243; img_size=\u00bbfull\u00bb alignment=\u00bbcenter\u00bb style=\u00bbvc_box_circle_2&#8243;][vc_column_text] ESTHER SELL\u00c9S Directora General [\/vc_column_text][\/vc_column][vc_column width=\u00bb1\/5&#8243;][vc_single_image image=\u00bb3144&#8243; img_size=\u00bbfull\u00bb alignment=\u00bbcenter\u00bb style=\u00bbvc_box_circle_2&#8243;][vc_column_text] LAURA GONZ\u00c1LEZ Directora Asistencial [\/vc_column_text][\/vc_column][vc_column width=\u00bb1\/5&#8243;][\/vc_column][vc_column width=\u00bb1\/5&#8243;][\/vc_column][vc_column width=\u00bb1\/5&#8243;][\/vc_column][\/vc_row][vc_row][vc_column][vc_empty_space][vc_text_separator title=\u00bbTRABAJO SOCIAL\u00bb title_align=\u00bbseparator_align_left\u00bb color=\u00bbcustom\u00bb accent_color=\u00bb#bad735&#8243;][\/vc_column][\/vc_row][vc_row][vc_column width=\u00bb1\/5&#8243;][vc_single_image image=\u00bb6153&#8243; img_size=\u00bbfull\u00bb alignment=\u00bbcenter\u00bb style=\u00bbvc_box_circle_2&#8243;][vc_column_text] TATIANA GUBERT Trabajadora Social [\/vc_column_text][\/vc_column][vc_column width=\u00bb1\/5&#8243;][vc_single_image image=\u00bb2385&#8243; img_size=\u00bbfull\u00bb alignment=\u00bbcenter\u00bb style=\u00bbvc_box_circle_2&#8243;][vc_column_text] ANA\u00cfS S\u00c1NCHEZ Trabajadora Social [\/vc_column_text][\/vc_column][vc_column width=\u00bb1\/5&#8243;][vc_single_image image=\u00bb3879&#8243; img_size=\u00bbfull\u00bb alignment=\u00bbcenter\u00bb style=\u00bbvc_box_circle_2&#8243;][vc_column_text] N\u00daRIA MASSUET Trabajadora Social [\/vc_column_text][\/vc_column][vc_column width=\u00bb1\/5&#8243;][vc_single_image image=\u00bb6151&#8243; img_size=\u00bbfull\u00bb alignment=\u00bbcenter\u00bb style=\u00bbvc_box_circle_2&#8243;][vc_column_text] MARINA TORRENT\u00d3 Trabajadora Social [\/vc_column_text][\/vc_column][vc_column width=\u00bb1\/5&#8243;][vc_single_image image=\u00bb8283&#8243; img_size=\u00bbfull\u00bb alignment=\u00bbcenter\u00bb style=\u00bbvc_box_circle_2&#8243;][vc_column_text] ALBA VILANOVA Trabajadora Social [\/vc_column_text][\/vc_column][\/vc_row][vc_row][vc_column][vc_empty_space][vc_text_separator title=\u00bbTERAPIA OCUPACIONAL\u00bb title_align=\u00bbseparator_align_left\u00bb color=\u00bbcustom\u00bb accent_color=\u00bb#bad735&#8243;][\/vc_column][\/vc_row][vc_row][vc_column width=\u00bb1\/5&#8243;][vc_single_image image=\u00bb2420&#8243; img_size=\u00bbfull\u00bb alignment=\u00bbcenter\u00bb style=\u00bbvc_box_circle_2&#8243;][vc_column_text] N\u00daRIA QUINTANA Terapeuta Ocupacional [\/vc_column_text][\/vc_column][vc_column width=\u00bb1\/5&#8243;][vc_single_image image=\u00bb5929&#8243; img_size=\u00bbfull\u00bb alignment=\u00bbcenter\u00bb style=\u00bbvc_box_circle_2&#8243;][vc_column_text] LAURA LUMBRERAS Terapeuta Ocupacional [\/vc_column_text][\/vc_column][vc_column width=\u00bb1\/5&#8243;][vc_single_image image=\u00bb7488&#8243; img_size=\u00bbfull\u00bb alignment=\u00bbcenter\u00bb style=\u00bbvc_box_circle_2&#8243;][vc_column_text] CRISTINA IGLESIAS Terapeuta Ocupacional [\/vc_column_text][\/vc_column][vc_column width=\u00bb1\/5&#8243;][vc_single_image image=\u00bb8249&#8243; img_size=\u00bbfull\u00bb alignment=\u00bbcenter\u00bb style=\u00bbvc_box_circle_2&#8243;][vc_column_text] MIREIA ESTRAGU\u00c9S Terapeuta Ocupacional [\/vc_column_text][\/vc_column][vc_column width=\u00bb1\/5&#8243;][\/vc_column][\/vc_row][vc_row][vc_column][vc_empty_space][vc_text_separator title=\u00bbBANCO DE PRODUCTOS DE APOYO\u00bb title_align=\u00bbseparator_align_left\u00bb color=\u00bbcustom\u00bb accent_color=\u00bb#bad735&#8243;][\/vc_column][\/vc_row][vc_row][vc_column width=\u00bb1\/5&#8243;][vc_single_image image=\u00bb2393&#8243; img_size=\u00bbfull\u00bb alignment=\u00bbcenter\u00bb style=\u00bbvc_box_circle_2&#8243;][vc_column_text] DANIEL MARESMA Banco de Productos de Apoyo [\/vc_column_text][\/vc_column][vc_column width=\u00bb1\/5&#8243;][vc_single_image image=\u00bb7490&#8243; img_size=\u00bbfull\u00bb alignment=\u00bbcenter\u00bb style=\u00bbvc_box_circle_2&#8243;][vc_column_text] JOHN GALINDO Banco de Productos de Apoyo [\/vc_column_text][\/vc_column][vc_column width=\u00bb1\/5&#8243;][\/vc_column][vc_column width=\u00bb1\/5&#8243;][\/vc_column][vc_column width=\u00bb1\/5&#8243;][\/vc_column][\/vc_row][vc_row][vc_column][vc_empty_space][vc_text_separator title=\u00bbPSICOLOGIA\u00bb title_align=\u00bbseparator_align_left\u00bb color=\u00bbcustom\u00bb accent_color=\u00bb#bad735&#8243;][\/vc_column][\/vc_row][vc_row][vc_column width=\u00bb1\/5&#8243;][vc_single_image image=\u00bb2397&#8243; img_size=\u00bbfull\u00bb alignment=\u00bbcenter\u00bb style=\u00bbvc_box_circle_2&#8243;][vc_column_text] SANDRA BLAVI Psic\u00f3loga [\/vc_column_text][\/vc_column][vc_column width=\u00bb1\/5&#8243;][vc_single_image image=\u00bb3877&#8243; img_size=\u00bbfull\u00bb alignment=\u00bbcenter\u00bb style=\u00bbvc_box_circle_2&#8243;][vc_column_text] MONTSE GIM\u00c9NEZ Psic\u00f3loga [\/vc_column_text][\/vc_column][vc_column width=\u00bb1\/5&#8243;][vc_single_image image=\u00bb5074&#8243; img_size=\u00bbfull\u00bb alignment=\u00bbcenter\u00bb style=\u00bbvc_box_circle_2&#8243;][vc_column_text] MARIA DALMAU Psic\u00f3loga [\/vc_column_text][\/vc_column][vc_column width=\u00bb1\/5&#8243;][vc_single_image image=\u00bb8904&#8243; img_size=\u00bbfull\u00bb alignment=\u00bbcenter\u00bb style=\u00bbvc_box_circle_2&#8243;][vc_column_text] DAIANE DA SILVA Psic\u00f3loga [\/vc_column_text][\/vc_column][vc_column width=\u00bb1\/5&#8243;][\/vc_column][\/vc_row][vc_row][vc_column][vc_empty_space][vc_text_separator title=\u00bbRECURSOS Y COMUNICACI\u00d3N\u00bb color=\u00bbcustom\u00bb accent_color=\u00bb#bad735&#8243;][\/vc_column][\/vc_row][vc_row][vc_column width=\u00bb1\/5&#8243;][vc_single_image image=\u00bb3160&#8243; img_size=\u00bbfull\u00bb alignment=\u00bbcenter\u00bb style=\u00bbvc_box_circle_2&#8243;][vc_column_text] ANNA RIGOLA Comunicaci\u00f3n y Captaci\u00f3n de Fondos [\/vc_column_text][\/vc_column][vc_column width=\u00bb1\/5&#8243;][vc_single_image image=\u00bb3156&#8243; img_size=\u00bbfull\u00bb alignment=\u00bbcenter\u00bb style=\u00bbvc_box_circle_2&#8243;][vc_column_text] CRISTINA TORRAS Subvenciones y Captaci\u00f3n de Fondos [\/vc_column_text][\/vc_column][vc_column width=\u00bb1\/5&#8243;][vc_single_image image=\u00bb4246&#8243; img_size=\u00bbfull\u00bb alignment=\u00bbcenter\u00bb style=\u00bbvc_box_circle_2&#8243;][vc_column_text] MARTA LLAUGER Administraci\u00f3n y Contabilidad [\/vc_column_text][\/vc_column][vc_column width=\u00bb1\/5&#8243;][vc_single_image image=\u00bb4248&#8243; img_size=\u00bbfull\u00bb alignment=\u00bbcenter\u00bb style=\u00bbvc_box_circle_2&#8243;][vc_column_text] M\u00d2NICA PABLO Calidad y Evaluaci\u00f3n [\/vc_column_text][\/vc_column][vc_column width=\u00bb1\/5&#8243;][vc_single_image image=\u00bb8356&#8243; img_size=\u00bbfull\u00bb alignment=\u00bbcenter\u00bb style=\u00bbvc_box_circle_2&#8243;][vc_column_text] MARTA ROCA Administraci\u00f3n y Captaci\u00f3n de fondos [\/vc_column_text][\/vc_column][\/vc_row]<\/p>\n","protected":false},"author":1,"featured_media":0,"parent":0,"menu_order":0,"comment_status":"closed","ping_status":"closed","template":"","meta":{"footnotes":""},"class_list":["post-3141","page","type-page","status-publish","hentry"],"yoast_head":"<!-- This site is optimized with the Yoast SEO plugin v26.9 - https:\/\/yoast.com\/product\/yoast-seo-wordpress\/ -->\n<title>Equipo - Fundaci\u00f3 Catalana d&#039;ELA Miquel Valls<\/title>\n<meta name=\"description\" content=\"La Fundaci\u00f3 Catalana d\u2019ELA Miquel Valls cuenta con un equipo de profesionales especializados en la atenci\u00f3n a las personas afectadas de ELA y en las necesidades que se derivan de la enfermedad.\" \/>\n<meta name=\"robots\" content=\"index, follow, max-snippet:-1, max-image-preview:large, max-video-preview:-1\" \/>\n<link rel=\"canonical\" href=\"https:\/\/fundaciomiquelvalls.org\/es\/equipo\/\" \/>\n<meta property=\"og:locale\" content=\"es_ES\" \/>\n<meta property=\"og:type\" content=\"article\" \/>\n<meta property=\"og:title\" content=\"Equipo - Fundaci\u00f3 Catalana d&#039;ELA Miquel Valls\" \/>\n<meta property=\"og:description\" content=\"La Fundaci\u00f3 Catalana d\u2019ELA Miquel Valls cuenta con un equipo de profesionales especializados en la atenci\u00f3n a las personas afectadas de ELA y en las necesidades que se derivan de la enfermedad.\" \/>\n<meta property=\"og:url\" content=\"https:\/\/fundaciomiquelvalls.org\/es\/equipo\/\" \/>\n<meta property=\"og:site_name\" content=\"Fundaci\u00f3 Catalana d&#039;ELA Miquel Valls\" \/>\n<meta property=\"article:modified_time\" content=\"2025-08-25T10:24:53+00:00\" \/>\n<meta name=\"twitter:card\" content=\"summary_large_image\" \/>\n<meta name=\"twitter:label1\" content=\"Tiempo de lectura\" \/>\n\t<meta name=\"twitter:data1\" content=\"2 minutos\" \/>\n<script type=\"application\/ld+json\" class=\"yoast-schema-graph\">{\"@context\":\"https:\/\/schema.org\",\"@graph\":[{\"@type\":\"WebPage\",\"@id\":\"https:\/\/fundaciomiquelvalls.org\/es\/equipo\/\",\"url\":\"https:\/\/fundaciomiquelvalls.org\/es\/equipo\/\",\"name\":\"Equipo - Fundaci\u00f3 Catalana d&#039;ELA Miquel Valls\",\"isPartOf\":{\"@id\":\"https:\/\/fundaciomiquelvalls.org\/#website\"},\"datePublished\":\"2021-03-01T14:13:11+00:00\",\"dateModified\":\"2025-08-25T10:24:53+00:00\",\"description\":\"La Fundaci\u00f3 Catalana d\u2019ELA Miquel Valls cuenta con un equipo de profesionales especializados en la atenci\u00f3n a las personas afectadas de ELA y en las necesidades que se derivan de la enfermedad.\",\"breadcrumb\":{\"@id\":\"https:\/\/fundaciomiquelvalls.org\/es\/equipo\/#breadcrumb\"},\"inLanguage\":\"es\",\"potentialAction\":[{\"@type\":\"ReadAction\",\"target\":[\"https:\/\/fundaciomiquelvalls.org\/es\/equipo\/\"]}]},{\"@type\":\"BreadcrumbList\",\"@id\":\"https:\/\/fundaciomiquelvalls.org\/es\/equipo\/#breadcrumb\",\"itemListElement\":[{\"@type\":\"ListItem\",\"position\":1,\"name\":\"Portada\",\"item\":\"https:\/\/fundaciomiquelvalls.org\/es\/\"},{\"@type\":\"ListItem\",\"position\":2,\"name\":\"Equipo\"}]},{\"@type\":\"WebSite\",\"@id\":\"https:\/\/fundaciomiquelvalls.org\/#website\",\"url\":\"https:\/\/fundaciomiquelvalls.org\/\",\"name\":\"Fundaci\u00f3 Catalana d&#039;ELA Miquel Valls\",\"description\":\"Treballem per millorar la qualitat de vida de les persones afectades d&#039;ELA i Malaltia de Motoneurona\",\"potentialAction\":[{\"@type\":\"SearchAction\",\"target\":{\"@type\":\"EntryPoint\",\"urlTemplate\":\"https:\/\/fundaciomiquelvalls.org\/?s={search_term_string}\"},\"query-input\":{\"@type\":\"PropertyValueSpecification\",\"valueRequired\":true,\"valueName\":\"search_term_string\"}}],\"inLanguage\":\"es\"}]}<\/script>\n<!-- \/ Yoast SEO plugin. -->","yoast_head_json":{"title":"Equipo - Fundaci\u00f3 Catalana d&#039;ELA Miquel Valls","description":"La Fundaci\u00f3 Catalana d\u2019ELA Miquel Valls cuenta con un equipo de profesionales especializados en la atenci\u00f3n a las personas afectadas de ELA y en las necesidades que se derivan de la enfermedad.","robots":{"index":"index","follow":"follow","max-snippet":"max-snippet:-1","max-image-preview":"max-image-preview:large","max-video-preview":"max-video-preview:-1"},"canonical":"https:\/\/fundaciomiquelvalls.org\/es\/equipo\/","og_locale":"es_ES","og_type":"article","og_title":"Equipo - Fundaci\u00f3 Catalana d&#039;ELA Miquel Valls","og_description":"La Fundaci\u00f3 Catalana d\u2019ELA Miquel Valls cuenta con un equipo de profesionales especializados en la atenci\u00f3n a las personas afectadas de ELA y en las necesidades que se derivan de la enfermedad.","og_url":"https:\/\/fundaciomiquelvalls.org\/es\/equipo\/","og_site_name":"Fundaci\u00f3 Catalana d&#039;ELA Miquel Valls","article_modified_time":"2025-08-25T10:24:53+00:00","twitter_card":"summary_large_image","twitter_misc":{"Tiempo de lectura":"2 minutos"},"schema":{"@context":"https:\/\/schema.org","@graph":[{"@type":"WebPage","@id":"https:\/\/fundaciomiquelvalls.org\/es\/equipo\/","url":"https:\/\/fundaciomiquelvalls.org\/es\/equipo\/","name":"Equipo - Fundaci\u00f3 Catalana d&#039;ELA Miquel Valls","isPartOf":{"@id":"https:\/\/fundaciomiquelvalls.org\/#website"},"datePublished":"2021-03-01T14:13:11+00:00","dateModified":"2025-08-25T10:24:53+00:00","description":"La Fundaci\u00f3 Catalana d\u2019ELA Miquel Valls cuenta con un equipo de profesionales especializados en la atenci\u00f3n a las personas afectadas de ELA y en las necesidades que se derivan de la enfermedad.","breadcrumb":{"@id":"https:\/\/fundaciomiquelvalls.org\/es\/equipo\/#breadcrumb"},"inLanguage":"es","potentialAction":[{"@type":"ReadAction","target":["https:\/\/fundaciomiquelvalls.org\/es\/equipo\/"]}]},{"@type":"BreadcrumbList","@id":"https:\/\/fundaciomiquelvalls.org\/es\/equipo\/#breadcrumb","itemListElement":[{"@type":"ListItem","position":1,"name":"Portada","item":"https:\/\/fundaciomiquelvalls.org\/es\/"},{"@type":"ListItem","position":2,"name":"Equipo"}]},{"@type":"WebSite","@id":"https:\/\/fundaciomiquelvalls.org\/#website","url":"https:\/\/fundaciomiquelvalls.org\/","name":"Fundaci\u00f3 Catalana d&#039;ELA Miquel Valls","description":"Treballem per millorar la qualitat de vida de les persones afectades d&#039;ELA i Malaltia de Motoneurona","potentialAction":[{"@type":"SearchAction","target":{"@type":"EntryPoint","urlTemplate":"https:\/\/fundaciomiquelvalls.org\/?s={search_term_string}"},"query-input":{"@type":"PropertyValueSpecification","valueRequired":true,"valueName":"search_term_string"}}],"inLanguage":"es"}]}},"_links":{"self":[{"href":"https:\/\/fundaciomiquelvalls.org\/es\/wp-json\/wp\/v2\/pages\/3141","targetHints":{"allow":["GET"]}}],"collection":[{"href":"https:\/\/fundaciomiquelvalls.org\/es\/wp-json\/wp\/v2\/pages"}],"about":[{"href":"https:\/\/fundaciomiquelvalls.org\/es\/wp-json\/wp\/v2\/types\/page"}],"author":[{"embeddable":true,"href":"https:\/\/fundaciomiquelvalls.org\/es\/wp-json\/wp\/v2\/users\/1"}],"replies":[{"embeddable":true,"href":"https:\/\/fundaciomiquelvalls.org\/es\/wp-json\/wp\/v2\/comments?post=3141"}],"version-history":[{"count":40,"href":"https:\/\/fundaciomiquelvalls.org\/es\/wp-json\/wp\/v2\/pages\/3141\/revisions"}],"predecessor-version":[{"id":8906,"href":"https:\/\/fundaciomiquelvalls.org\/es\/wp-json\/wp\/v2\/pages\/3141\/revisions\/8906"}],"wp:attachment":[{"href":"https:\/\/fundaciomiquelvalls.org\/es\/wp-json\/wp\/v2\/media?parent=3141"}],"curies":[{"name":"wp","href":"https:\/\/api.w.org\/{rel}","templated":true}]}}