{"id":3137,"date":"2021-04-07T07:06:07","date_gmt":"2021-04-07T07:06:07","guid":{"rendered":"https:\/\/fundaciomiquelvalls.org\/en-parlem_ela\/"},"modified":"2025-07-15T09:50:46","modified_gmt":"2025-07-15T07:50:46","slug":"en-parlem_ela","status":"publish","type":"page","link":"https:\/\/fundaciomiquelvalls.org\/es\/en-parlem_ela\/","title":{"rendered":"En parlem?"},"content":{"rendered":"\n<p><em>Explica una hist\u00f2ria que un home va ser convidat a un sopar en una gran mansi\u00f3. Era una reuni\u00f3 en la qual hi havia molts assistents i la conversa entre els uns i els altres resultava molt animada. Quan va arribar el moment de passar al menjador, es van trobar davant una taula allargada, ornamentada amb un gust exquisit. No obstant aix\u00f2, just en el centre d&#8217;aquest moble, dempeus, es trobava un magn\u00edfic cavall.<\/em><\/p>\n\n\n\n<p><em>Els comensals, sorpresos, van buscar la seva ubicaci\u00f3 per al sopar en silenci.<\/em><\/p>\n\n\n\n<p><em>Tots miraven de re\u00fcll a l&#8217;animal, per\u00f2 com els amfitrions no comentaven res en absolut sobre aquesta original presentaci\u00f3 de l&#8217;\u00e0gape, ning\u00fa s&#8217;atrevia a prendre la iniciativa i preguntar sobre l&#8217;assumpte. L&#8217;ambient es va anar fent cada vegada m\u00e9s pesat i les converses van anar diluint-se. Al final, es va menjar r\u00e0pid<\/em>, p<em>reponderava el desig de sortir fugint.<\/em><\/p>\n\n\n\n<p><em>Uns dies despr\u00e9s el nostre protagonista li va relatar l&#8217;an\u00e8cdota a un amic. \u00abHauries d\u2019haver preguntat. Segur que hi havia una explicaci\u00f3 per a aix\u00f2. No crec que fora del gust dels amos de la casa incomodar-vos\u00bb, li va comentar. L&#8217;home va pensar que tenia ra\u00f3 i, aix\u00ed, quan uns mesos despr\u00e9s va rebre de nou una invitaci\u00f3, va decidir dur a terme la proposta del seu company. Les escenes es van repetir com si fossin un calc de l&#8217;anterior ocasi\u00f3<\/em>, d<em>&#8216;aquesta manera, el silenci es va instaurar quan van entrar tots al menjador i van veure al cavall damunt de la taula. No obstant aix\u00f2, aquesta vegada, el nostre home va comentar en veu alta: \u00abHi ha un cavall damunt de la taula&#8230;\u00bb. Immediatament, l&#8217;amfitri\u00f3 va prendre la iniciativa i va comen\u00e7ar a relatar la hist\u00f2ria que acompanyava aquesta peculiaritat. La tensi\u00f3 es va trencar i el sopar va ser d&#8217;all\u00f2 m\u00e9s agradable.<\/em><\/p>\n\n\n\n<p><em>Aquest dia, el nostre protagonista va aprendre que no hi ha res com parlar sobre les coses perqu\u00e8 les relacions siguin fluides i satisfact\u00f2ries.<\/em><\/p>\n\n\n\n<p>Aquesta hist\u00f2ria est\u00e0 extreta de \u201cHERRAMIENTAS DE TERAPIA FAMILIAR. T\u00e9cnicas narrativo-experienciales para un enfoque sist\u00e9mico integrador\u201d de la Dra. Mar\u00eda Jos\u00e9 Pubill. (2018)<\/p>\n\n\n\n<p>Potser les paraules d&#8217;aquesta hist\u00f2ria t&#8217;hagin fet reflexionar. Es tracta d&#8217;una met\u00e0fora que vol representar l&#8217;impacte que pot tenir parlar d\u2019un problema amb les persones estimades. Diguem-ne que el cavall a sobre de la taula pot ser la malaltia d\u2019ELA\/MMN. A partir d&#8217;un diagn\u00f2stic tan dur, freq\u00fcentment les persones senten que tot canvia al seu voltant amb massa intensitat i rapidesa i \u00e9s natural no saber ben b\u00e9 com fer-hi front. Aquests canvis poden ser a l\u2019hora d\u2019adaptar-se al ritme que ens va marcant la malaltia, desconeixement sobre quins s\u00f3n els recursos existents, o com es poden estar sentint la resta de membres als esdeveniments que van apareixent, d\u2019entre moltes altres necessitats que es puguin considerar a l\u2019hora de tractar. Per\u00f2 \u00e9s clar, per aix\u00f2 parlar del cavall permet donar a con\u00e8ixer com cadasc\u00fa veu la situaci\u00f3, des del lloc on est\u00e0 assegut, des de la seva perspectiva.&nbsp;<\/p>\n\n\n\n<p>Cada fam\u00edlia i cada membre tindr\u00e0 la seva manera particular de comunicar-se, no hi ha una manera \u00fanica de parlar sobre aquells temes que considerem importants, i la millor manera seria fer-ho en la l\u00ednia de com s\u2019ha fet de manera habitual.<\/p>\n\n\n\n<p>\u00c9s natural que parlar de certs temes generen malestar i no resultin agradables de tractar, per\u00f2 es clar, no parlar-ne no fa que el problema desapareixi. En ocasions, amb la intenci\u00f3 de protegir-nos i voler evitar un patiment en els altres, callem moltes coses que voldr\u00edem compartir per por de com ser\u00e0 acollida aquesta inquietud. Al final, ens adonem que aquest silenci ens genera m\u00e9s malestar tant a nosaltres com l\u2019altre ja que no ens permet saber que en pensem, com ens sentim i quines necessitats tenim davant d\u2019aquesta realitat compartida.&nbsp;<\/p>\n\n\n\n<p>Respecte a qualsevol dificultat a l\u2019hora de poder abordar la situaci\u00f3, us podeu posar en contacte amb el departament de psicologia de la Fundaci\u00f3 Catalana d\u2019ELA Miquel Valls, equip emmarcat dins el Programa per a l\u2019Atenci\u00f3 integral a persones amb malalties avan\u00e7ades de l\u2019Obra Social \u201cla Caixa\u201d,i atendrem les vostres necessitats.&nbsp;&nbsp;<\/p>\n\n\n\n<p><em>\u201cQui \u00e9s capa\u00e7 d&#8217;escoltar pot sentir moltes coses que mai van ser dites<\/em>\u201d (Jennings)<\/p>\n\n\n\n<p class=\"has-text-align-right has-small-font-size\"><em>Departament de Psicologia de la Fundaci\u00f3 Catalana d&#8217;ELA Miquel Valls<\/em><\/p>\n\n\n\n<div class=\"wp-block-image is-style-default\"><figure class=\"aligncenter size-large\"><img loading=\"lazy\" decoding=\"async\" width=\"450\" height=\"253\" src=\"https:\/\/fundaciomiquelvalls.org\/wp-content\/uploads\/2021\/04\/enparlem_ELAlogo.jpg\" alt=\"\" class=\"wp-image-1955\" srcset=\"https:\/\/fundaciomiquelvalls.org\/wp-content\/uploads\/2021\/04\/enparlem_ELAlogo.jpg 450w, https:\/\/fundaciomiquelvalls.org\/wp-content\/uploads\/2021\/04\/enparlem_ELAlogo-300x169.jpg 300w, https:\/\/fundaciomiquelvalls.org\/wp-content\/uploads\/2021\/04\/enparlem_ELAlogo-242x136.jpg 242w\"  sizes=\"(max-width: 450px) 100vw, 450px\" \/><\/figure><\/div>\n","protected":false},"excerpt":{"rendered":"<p>Explica una hist\u00f2ria que un home va ser convidat a un sopar en una gran mansi\u00f3. Era una reuni\u00f3 en la qual hi havia molts assistents i la conversa entre els uns i els altres resultava molt animada. Quan va arribar el moment de passar al menjador, es van trobar davant una taula allargada, ornamentada amb un gust exquisit. No obstant aix\u00f2, just en el centre d&#8217;aquest moble, dempeus, es trobava un magn\u00edfic cavall. Els comensals, sorpresos, van buscar la seva ubicaci\u00f3 per al sopar en silenci. Tots miraven de re\u00fcll a l&#8217;animal, per\u00f2 com els amfitrions no comentaven res en absolut sobre aquesta original presentaci\u00f3 de l&#8217;\u00e0gape, ning\u00fa s&#8217;atrevia a prendre la iniciativa i preguntar sobre l&#8217;assumpte. L&#8217;ambient es va anar fent cada vegada m\u00e9s pesat i les converses van anar diluint-se. Al final, es va menjar r\u00e0pid, preponderava el desig de sortir fugint. Uns dies despr\u00e9s el nostre protagonista li va relatar l&#8217;an\u00e8cdota a un amic. \u00abHauries d\u2019haver preguntat. Segur que hi havia una explicaci\u00f3 per a aix\u00f2. No crec que fora del gust dels amos de la casa incomodar-vos\u00bb, li va comentar. L&#8217;home va pensar que tenia ra\u00f3 i, aix\u00ed, quan uns mesos despr\u00e9s va rebre de nou una invitaci\u00f3, va decidir dur a terme la proposta del seu company. Les escenes es van repetir com si fossin un calc de l&#8217;anterior ocasi\u00f3, d&#8216;aquesta manera, el silenci es va instaurar quan van entrar tots al menjador i van veure al cavall damunt de la taula. No obstant aix\u00f2, aquesta vegada, el nostre home va comentar en veu alta: \u00abHi ha un cavall damunt de la taula&#8230;\u00bb. Immediatament, l&#8217;amfitri\u00f3 va prendre la iniciativa i va comen\u00e7ar a relatar la hist\u00f2ria que acompanyava aquesta peculiaritat. La tensi\u00f3 es va trencar i el sopar va ser d&#8217;all\u00f2 m\u00e9s agradable. Aquest dia, el nostre protagonista va aprendre que no hi ha res com parlar sobre les coses perqu\u00e8 les relacions siguin fluides i satisfact\u00f2ries. Aquesta hist\u00f2ria est\u00e0 extreta de \u201cHERRAMIENTAS DE TERAPIA FAMILIAR. T\u00e9cnicas narrativo-experienciales para un enfoque sist\u00e9mico integrador\u201d de la Dra. Mar\u00eda Jos\u00e9 Pubill. (2018) Potser les paraules d&#8217;aquesta hist\u00f2ria t&#8217;hagin fet reflexionar. Es tracta d&#8217;una met\u00e0fora que vol representar l&#8217;impacte que pot tenir parlar d\u2019un problema amb les persones estimades. Diguem-ne que el cavall a sobre de la taula pot ser la malaltia d\u2019ELA\/MMN. A partir d&#8217;un diagn\u00f2stic tan dur, freq\u00fcentment les persones senten que tot canvia al seu voltant amb massa intensitat i rapidesa i \u00e9s natural no saber ben b\u00e9 com fer-hi front. Aquests canvis poden ser a l\u2019hora d\u2019adaptar-se al ritme que ens va marcant la malaltia, desconeixement sobre quins s\u00f3n els recursos existents, o com es poden estar sentint la resta de membres als esdeveniments que van apareixent, d\u2019entre moltes altres necessitats que es puguin considerar a l\u2019hora de tractar. Per\u00f2 \u00e9s clar, per aix\u00f2 parlar del cavall permet donar a con\u00e8ixer com cadasc\u00fa veu la situaci\u00f3, des del lloc on est\u00e0 assegut, des de la seva perspectiva.&nbsp; Cada fam\u00edlia i cada membre tindr\u00e0 la seva manera particular de comunicar-se, no hi ha una manera \u00fanica de parlar sobre aquells temes que considerem importants, [&hellip;]<\/p>\n","protected":false},"author":1,"featured_media":2180,"parent":0,"menu_order":0,"comment_status":"closed","ping_status":"closed","template":"","meta":{"footnotes":""},"class_list":["post-3137","page","type-page","status-publish","has-post-thumbnail","hentry"],"yoast_head":"<!-- This site is optimized with the Yoast SEO plugin v26.9 - https:\/\/yoast.com\/product\/yoast-seo-wordpress\/ -->\n<title>En parlem? - Fundaci\u00f3 Catalana d&#039;ELA Miquel Valls<\/title>\n<meta name=\"description\" content=\"Cada fam\u00edlia i cada membre tindr\u00e0 la seva manera particular de comunicar l&#039;ELA als altres, no hi ha una manera \u00fanica de parlar sobre aquells temes que considerem importants, i la millor manera seria fer-ho en la l\u00ednia de com s\u2019ha fet de manera habitual.\" \/>\n<meta name=\"robots\" content=\"index, follow, max-snippet:-1, max-image-preview:large, max-video-preview:-1\" \/>\n<link rel=\"canonical\" href=\"https:\/\/fundaciomiquelvalls.org\/es\/en-parlem_ela\/\" \/>\n<meta property=\"og:locale\" content=\"es_ES\" \/>\n<meta property=\"og:type\" content=\"article\" \/>\n<meta property=\"og:title\" content=\"En parlem? - Fundaci\u00f3 Catalana d&#039;ELA Miquel Valls\" \/>\n<meta property=\"og:description\" content=\"Cada fam\u00edlia i cada membre tindr\u00e0 la seva manera particular de comunicar l&#039;ELA als altres, no hi ha una manera \u00fanica de parlar sobre aquells temes que considerem importants, i la millor manera seria fer-ho en la l\u00ednia de com s\u2019ha fet de manera habitual.\" \/>\n<meta property=\"og:url\" content=\"https:\/\/fundaciomiquelvalls.org\/es\/en-parlem_ela\/\" \/>\n<meta property=\"og:site_name\" content=\"Fundaci\u00f3 Catalana d&#039;ELA Miquel Valls\" \/>\n<meta property=\"article:modified_time\" content=\"2025-07-15T07:50:46+00:00\" \/>\n<meta property=\"og:image\" content=\"https:\/\/fundaciomiquelvalls.org\/wp-content\/uploads\/2021\/04\/enparlem_ELAlogo.jpg\" \/>\n\t<meta property=\"og:image:width\" content=\"450\" \/>\n\t<meta property=\"og:image:height\" content=\"253\" \/>\n\t<meta property=\"og:image:type\" content=\"image\/jpeg\" \/>\n<meta name=\"twitter:card\" content=\"summary_large_image\" \/>\n<meta name=\"twitter:label1\" content=\"Tiempo de lectura\" \/>\n\t<meta name=\"twitter:data1\" content=\"4 minutos\" \/>\n<script type=\"application\/ld+json\" class=\"yoast-schema-graph\">{\"@context\":\"https:\/\/schema.org\",\"@graph\":[{\"@type\":\"WebPage\",\"@id\":\"https:\/\/fundaciomiquelvalls.org\/es\/en-parlem_ela\/\",\"url\":\"https:\/\/fundaciomiquelvalls.org\/es\/en-parlem_ela\/\",\"name\":\"En parlem? - Fundaci\u00f3 Catalana d&#039;ELA Miquel Valls\",\"isPartOf\":{\"@id\":\"https:\/\/fundaciomiquelvalls.org\/#website\"},\"primaryImageOfPage\":{\"@id\":\"https:\/\/fundaciomiquelvalls.org\/es\/en-parlem_ela\/#primaryimage\"},\"image\":{\"@id\":\"https:\/\/fundaciomiquelvalls.org\/es\/en-parlem_ela\/#primaryimage\"},\"thumbnailUrl\":\"https:\/\/fundaciomiquelvalls.org\/wp-content\/uploads\/2021\/04\/enparlem_ELAlogo.jpg\",\"datePublished\":\"2021-04-07T07:06:07+00:00\",\"dateModified\":\"2025-07-15T07:50:46+00:00\",\"description\":\"Cada fam\u00edlia i cada membre tindr\u00e0 la seva manera particular de comunicar l'ELA als altres, no hi ha una manera \u00fanica de parlar sobre aquells temes que considerem importants, i la millor manera seria fer-ho en la l\u00ednia de com s\u2019ha fet de manera habitual.\",\"breadcrumb\":{\"@id\":\"https:\/\/fundaciomiquelvalls.org\/es\/en-parlem_ela\/#breadcrumb\"},\"inLanguage\":\"es\",\"potentialAction\":[{\"@type\":\"ReadAction\",\"target\":[\"https:\/\/fundaciomiquelvalls.org\/es\/en-parlem_ela\/\"]}]},{\"@type\":\"ImageObject\",\"inLanguage\":\"es\",\"@id\":\"https:\/\/fundaciomiquelvalls.org\/es\/en-parlem_ela\/#primaryimage\",\"url\":\"https:\/\/fundaciomiquelvalls.org\/wp-content\/uploads\/2021\/04\/enparlem_ELAlogo.jpg\",\"contentUrl\":\"https:\/\/fundaciomiquelvalls.org\/wp-content\/uploads\/2021\/04\/enparlem_ELAlogo.jpg\",\"width\":450,\"height\":253},{\"@type\":\"BreadcrumbList\",\"@id\":\"https:\/\/fundaciomiquelvalls.org\/es\/en-parlem_ela\/#breadcrumb\",\"itemListElement\":[{\"@type\":\"ListItem\",\"position\":1,\"name\":\"Portada\",\"item\":\"https:\/\/fundaciomiquelvalls.org\/es\/\"},{\"@type\":\"ListItem\",\"position\":2,\"name\":\"En parlem?\"}]},{\"@type\":\"WebSite\",\"@id\":\"https:\/\/fundaciomiquelvalls.org\/#website\",\"url\":\"https:\/\/fundaciomiquelvalls.org\/\",\"name\":\"Fundaci\u00f3 Catalana d&#039;ELA Miquel Valls\",\"description\":\"Treballem per millorar la qualitat de vida de les persones afectades d&#039;ELA i Malaltia de Motoneurona\",\"potentialAction\":[{\"@type\":\"SearchAction\",\"target\":{\"@type\":\"EntryPoint\",\"urlTemplate\":\"https:\/\/fundaciomiquelvalls.org\/?s={search_term_string}\"},\"query-input\":{\"@type\":\"PropertyValueSpecification\",\"valueRequired\":true,\"valueName\":\"search_term_string\"}}],\"inLanguage\":\"es\"}]}<\/script>\n<!-- \/ Yoast SEO plugin. -->","yoast_head_json":{"title":"En parlem? - Fundaci\u00f3 Catalana d&#039;ELA Miquel Valls","description":"Cada fam\u00edlia i cada membre tindr\u00e0 la seva manera particular de comunicar l'ELA als altres, no hi ha una manera \u00fanica de parlar sobre aquells temes que considerem importants, i la millor manera seria fer-ho en la l\u00ednia de com s\u2019ha fet de manera habitual.","robots":{"index":"index","follow":"follow","max-snippet":"max-snippet:-1","max-image-preview":"max-image-preview:large","max-video-preview":"max-video-preview:-1"},"canonical":"https:\/\/fundaciomiquelvalls.org\/es\/en-parlem_ela\/","og_locale":"es_ES","og_type":"article","og_title":"En parlem? - Fundaci\u00f3 Catalana d&#039;ELA Miquel Valls","og_description":"Cada fam\u00edlia i cada membre tindr\u00e0 la seva manera particular de comunicar l'ELA als altres, no hi ha una manera \u00fanica de parlar sobre aquells temes que considerem importants, i la millor manera seria fer-ho en la l\u00ednia de com s\u2019ha fet de manera habitual.","og_url":"https:\/\/fundaciomiquelvalls.org\/es\/en-parlem_ela\/","og_site_name":"Fundaci\u00f3 Catalana d&#039;ELA Miquel Valls","article_modified_time":"2025-07-15T07:50:46+00:00","og_image":[{"width":450,"height":253,"url":"https:\/\/fundaciomiquelvalls.org\/wp-content\/uploads\/2021\/04\/enparlem_ELAlogo.jpg","type":"image\/jpeg"}],"twitter_card":"summary_large_image","twitter_misc":{"Tiempo de lectura":"4 minutos"},"schema":{"@context":"https:\/\/schema.org","@graph":[{"@type":"WebPage","@id":"https:\/\/fundaciomiquelvalls.org\/es\/en-parlem_ela\/","url":"https:\/\/fundaciomiquelvalls.org\/es\/en-parlem_ela\/","name":"En parlem? - Fundaci\u00f3 Catalana d&#039;ELA Miquel Valls","isPartOf":{"@id":"https:\/\/fundaciomiquelvalls.org\/#website"},"primaryImageOfPage":{"@id":"https:\/\/fundaciomiquelvalls.org\/es\/en-parlem_ela\/#primaryimage"},"image":{"@id":"https:\/\/fundaciomiquelvalls.org\/es\/en-parlem_ela\/#primaryimage"},"thumbnailUrl":"https:\/\/fundaciomiquelvalls.org\/wp-content\/uploads\/2021\/04\/enparlem_ELAlogo.jpg","datePublished":"2021-04-07T07:06:07+00:00","dateModified":"2025-07-15T07:50:46+00:00","description":"Cada fam\u00edlia i cada membre tindr\u00e0 la seva manera particular de comunicar l'ELA als altres, no hi ha una manera \u00fanica de parlar sobre aquells temes que considerem importants, i la millor manera seria fer-ho en la l\u00ednia de com s\u2019ha fet de manera habitual.","breadcrumb":{"@id":"https:\/\/fundaciomiquelvalls.org\/es\/en-parlem_ela\/#breadcrumb"},"inLanguage":"es","potentialAction":[{"@type":"ReadAction","target":["https:\/\/fundaciomiquelvalls.org\/es\/en-parlem_ela\/"]}]},{"@type":"ImageObject","inLanguage":"es","@id":"https:\/\/fundaciomiquelvalls.org\/es\/en-parlem_ela\/#primaryimage","url":"https:\/\/fundaciomiquelvalls.org\/wp-content\/uploads\/2021\/04\/enparlem_ELAlogo.jpg","contentUrl":"https:\/\/fundaciomiquelvalls.org\/wp-content\/uploads\/2021\/04\/enparlem_ELAlogo.jpg","width":450,"height":253},{"@type":"BreadcrumbList","@id":"https:\/\/fundaciomiquelvalls.org\/es\/en-parlem_ela\/#breadcrumb","itemListElement":[{"@type":"ListItem","position":1,"name":"Portada","item":"https:\/\/fundaciomiquelvalls.org\/es\/"},{"@type":"ListItem","position":2,"name":"En parlem?"}]},{"@type":"WebSite","@id":"https:\/\/fundaciomiquelvalls.org\/#website","url":"https:\/\/fundaciomiquelvalls.org\/","name":"Fundaci\u00f3 Catalana d&#039;ELA Miquel Valls","description":"Treballem per millorar la qualitat de vida de les persones afectades d&#039;ELA i Malaltia de Motoneurona","potentialAction":[{"@type":"SearchAction","target":{"@type":"EntryPoint","urlTemplate":"https:\/\/fundaciomiquelvalls.org\/?s={search_term_string}"},"query-input":{"@type":"PropertyValueSpecification","valueRequired":true,"valueName":"search_term_string"}}],"inLanguage":"es"}]}},"_links":{"self":[{"href":"https:\/\/fundaciomiquelvalls.org\/es\/wp-json\/wp\/v2\/pages\/3137","targetHints":{"allow":["GET"]}}],"collection":[{"href":"https:\/\/fundaciomiquelvalls.org\/es\/wp-json\/wp\/v2\/pages"}],"about":[{"href":"https:\/\/fundaciomiquelvalls.org\/es\/wp-json\/wp\/v2\/types\/page"}],"author":[{"embeddable":true,"href":"https:\/\/fundaciomiquelvalls.org\/es\/wp-json\/wp\/v2\/users\/1"}],"replies":[{"embeddable":true,"href":"https:\/\/fundaciomiquelvalls.org\/es\/wp-json\/wp\/v2\/comments?post=3137"}],"version-history":[{"count":1,"href":"https:\/\/fundaciomiquelvalls.org\/es\/wp-json\/wp\/v2\/pages\/3137\/revisions"}],"predecessor-version":[{"id":8751,"href":"https:\/\/fundaciomiquelvalls.org\/es\/wp-json\/wp\/v2\/pages\/3137\/revisions\/8751"}],"wp:featuredmedia":[{"embeddable":true,"href":"https:\/\/fundaciomiquelvalls.org\/es\/wp-json\/wp\/v2\/media\/2180"}],"wp:attachment":[{"href":"https:\/\/fundaciomiquelvalls.org\/es\/wp-json\/wp\/v2\/media?parent=3137"}],"curies":[{"name":"wp","href":"https:\/\/api.w.org\/{rel}","templated":true}]}}