{"id":3051,"date":"2021-03-08T09:06:46","date_gmt":"2021-03-08T09:06:46","guid":{"rendered":"https:\/\/fundaciomiquelvalls.org\/atencio-en-psicologia\/"},"modified":"2023-05-12T12:17:00","modified_gmt":"2023-05-12T12:17:00","slug":"atencio-en-psicologia","status":"publish","type":"page","link":"https:\/\/fundaciomiquelvalls.org\/es\/atencio-en-psicologia\/","title":{"rendered":"Atenci\u00f3n en Psicolog\u00eda"},"content":{"rendered":"<p>[vc_row][vc_column width=\u00bb5\/12&#8243;][vc_column_text]La Atenci\u00f3n domiciliaria en psicolog\u00eda se centra en el <strong>apoyo emocional y terap\u00e9utico durante las diferentes fases de la enfermedad y el asesoramiento en la toma de las decisiones vitales.<\/strong> Contribuye a mejorar la gesti\u00f3n de los diferentes estados emocionales, maximizando los recursos personales, internos y externos, con el fin de potenciar la percepci\u00f3n de control y la resoluci\u00f3n de los obst\u00e1culos derivados de la enfermedad.<\/p>\n<p><strong>Las psic\u00f3logas de la Fundaci\u00f3n dan apoyo a las personas afectadas de ELA y sus familiares a domicilio y en el hospital, dentro de las unidades especializadas de la enfermedad,<\/strong> as\u00ed como tambi\u00e9n a los profesionales de los equipos receptores (equipos sociosanitarios que atienden estas personas).[\/vc_column_text][\/vc_column][vc_column width=\u00bb7\/12&#8243;][vc_single_image image=\u00bb2113&#8243; img_size=\u00bbfull\u00bb alignment=\u00bbcenter\u00bb][\/vc_column][\/vc_row][vc_row][vc_column][vc_column_text]Desde el a\u00f1o 2014 la Fundaci\u00f3n Catalana de ELA Miquel Valls es parte <strong><a href=\"https:\/\/fundaciomiquelvalls.org\/programa-atencio-integral-malalties-avancades\/\">del Programa de Atenci\u00f3n integral a personas con enfermedades avanzadas de la Fundaci\u00f3n \u00abla Caixa\u00bb<\/a><\/strong> convirti\u00e9ndose en <strong>un Equipo de Atenci\u00f3n Psicosocial (EAPS-FMQV) especializado en la ELA para todo el territorio de Catalu\u00f1a.<\/strong> El programa pretende complementar la atenci\u00f3n sanitaria en cuidados paliativos aportando profesionales que ofrezcan intervenci\u00f3n psicosocial y espiritual para conseguir una atenci\u00f3n integral.<\/p>\n<p>La atenci\u00f3n de este programa se dirige a personas en proceso de final de vida y sus familiares, a personas que ya han perdido alg\u00fan ser querido y est\u00e1n en proceso de duelo, y todos aquellos profesionales que los atienden.[\/vc_column_text][\/vc_column][\/vc_row][vc_row][vc_column][vc_single_image image=\u00bb5117&#8243; img_size=\u00bblarge\u00bb alignment=\u00bbright\u00bb][\/vc_column][\/vc_row]<\/p>\n","protected":false},"excerpt":{"rendered":"<p>[vc_row][vc_column width=\u00bb5\/12&#8243;][vc_column_text]La Atenci\u00f3n domiciliaria en psicolog\u00eda se centra en el apoyo emocional y terap\u00e9utico durante las diferentes fases de la enfermedad y el asesoramiento en la toma de las decisiones vitales. Contribuye a mejorar la gesti\u00f3n de los diferentes estados emocionales, maximizando los recursos personales, internos y externos, con el fin de potenciar la percepci\u00f3n de control y la resoluci\u00f3n de los obst\u00e1culos derivados de la enfermedad. Las psic\u00f3logas de la Fundaci\u00f3n dan apoyo a las personas afectadas de ELA y sus familiares a domicilio y en el hospital, dentro de las unidades especializadas de la enfermedad, as\u00ed como tambi\u00e9n a los profesionales de los equipos receptores (equipos sociosanitarios que atienden estas personas).[\/vc_column_text][\/vc_column][vc_column width=\u00bb7\/12&#8243;][vc_single_image image=\u00bb2113&#8243; img_size=\u00bbfull\u00bb alignment=\u00bbcenter\u00bb][\/vc_column][\/vc_row][vc_row][vc_column][vc_column_text]Desde el a\u00f1o 2014 la Fundaci\u00f3n Catalana de ELA Miquel Valls es parte del Programa de Atenci\u00f3n integral a personas con enfermedades avanzadas de la Fundaci\u00f3n \u00abla Caixa\u00bb convirti\u00e9ndose en un Equipo de Atenci\u00f3n Psicosocial (EAPS-FMQV) especializado en la ELA para todo el territorio de Catalu\u00f1a. El programa pretende complementar la atenci\u00f3n sanitaria en cuidados paliativos aportando profesionales que ofrezcan intervenci\u00f3n psicosocial y espiritual para conseguir una atenci\u00f3n integral. La atenci\u00f3n de este programa se dirige a personas en proceso de final de vida y sus familiares, a personas que ya han perdido alg\u00fan ser querido y est\u00e1n en proceso de duelo, y todos aquellos profesionales que los atienden.[\/vc_column_text][\/vc_column][\/vc_row][vc_row][vc_column][vc_single_image image=\u00bb5117&#8243; img_size=\u00bblarge\u00bb alignment=\u00bbright\u00bb][\/vc_column][\/vc_row]<\/p>\n","protected":false},"author":1,"featured_media":0,"parent":0,"menu_order":0,"comment_status":"closed","ping_status":"closed","template":"","meta":{"footnotes":""},"class_list":["post-3051","page","type-page","status-publish","hentry"],"yoast_head":"<!-- This site is optimized with the Yoast SEO plugin v26.9 - https:\/\/yoast.com\/product\/yoast-seo-wordpress\/ -->\n<title>Atenci\u00f3n en Psicolog\u00eda - Fundaci\u00f3 Catalana d&#039;ELA Miquel Valls<\/title>\n<meta name=\"robots\" content=\"index, follow, max-snippet:-1, max-image-preview:large, max-video-preview:-1\" \/>\n<link rel=\"canonical\" href=\"https:\/\/fundaciomiquelvalls.org\/es\/atencio-en-psicologia\/\" \/>\n<meta property=\"og:locale\" content=\"es_ES\" \/>\n<meta property=\"og:type\" content=\"article\" \/>\n<meta property=\"og:title\" content=\"Atenci\u00f3n en Psicolog\u00eda - Fundaci\u00f3 Catalana d&#039;ELA Miquel Valls\" \/>\n<meta property=\"og:description\" content=\"[vc_row][vc_column width=\u00bb5\/12&#8243;][vc_column_text]La Atenci\u00f3n domiciliaria en psicolog\u00eda se centra en el apoyo emocional y terap\u00e9utico durante las diferentes fases de la enfermedad y el asesoramiento en la toma de las decisiones vitales. Contribuye a mejorar la gesti\u00f3n de los diferentes estados emocionales, maximizando los recursos personales, internos y externos, con el fin de potenciar la percepci\u00f3n de control y la resoluci\u00f3n de los obst\u00e1culos derivados de la enfermedad. Las psic\u00f3logas de la Fundaci\u00f3n dan apoyo a las personas afectadas de ELA y sus familiares a domicilio y en el hospital, dentro de las unidades especializadas de la enfermedad, as\u00ed como tambi\u00e9n a los profesionales de los equipos receptores (equipos sociosanitarios que atienden estas personas).[\/vc_column_text][\/vc_column][vc_column width=\u00bb7\/12&#8243;][vc_single_image image=\u00bb2113&#8243; img_size=\u00bbfull\u00bb alignment=\u00bbcenter\u00bb][\/vc_column][\/vc_row][vc_row][vc_column][vc_column_text]Desde el a\u00f1o 2014 la Fundaci\u00f3n Catalana de ELA Miquel Valls es parte del Programa de Atenci\u00f3n integral a personas con enfermedades avanzadas de la Fundaci\u00f3n \u00abla Caixa\u00bb convirti\u00e9ndose en un Equipo de Atenci\u00f3n Psicosocial (EAPS-FMQV) especializado en la ELA para todo el territorio de Catalu\u00f1a. El programa pretende complementar la atenci\u00f3n sanitaria en cuidados paliativos aportando profesionales que ofrezcan intervenci\u00f3n psicosocial y espiritual para conseguir una atenci\u00f3n integral. La atenci\u00f3n de este programa se dirige a personas en proceso de final de vida y sus familiares, a personas que ya han perdido alg\u00fan ser querido y est\u00e1n en proceso de duelo, y todos aquellos profesionales que los atienden.[\/vc_column_text][\/vc_column][\/vc_row][vc_row][vc_column][vc_single_image image=\u00bb5117&#8243; img_size=\u00bblarge\u00bb alignment=\u00bbright\u00bb][\/vc_column][\/vc_row]\" \/>\n<meta property=\"og:url\" content=\"https:\/\/fundaciomiquelvalls.org\/es\/atencio-en-psicologia\/\" \/>\n<meta property=\"og:site_name\" content=\"Fundaci\u00f3 Catalana d&#039;ELA Miquel Valls\" \/>\n<meta property=\"article:modified_time\" content=\"2023-05-12T12:17:00+00:00\" \/>\n<meta name=\"twitter:card\" content=\"summary_large_image\" \/>\n<meta name=\"twitter:label1\" content=\"Tiempo de lectura\" \/>\n\t<meta name=\"twitter:data1\" content=\"2 minutos\" \/>\n<script type=\"application\/ld+json\" class=\"yoast-schema-graph\">{\"@context\":\"https:\/\/schema.org\",\"@graph\":[{\"@type\":\"WebPage\",\"@id\":\"https:\/\/fundaciomiquelvalls.org\/es\/atencio-en-psicologia\/\",\"url\":\"https:\/\/fundaciomiquelvalls.org\/es\/atencio-en-psicologia\/\",\"name\":\"Atenci\u00f3n en Psicolog\u00eda - Fundaci\u00f3 Catalana d&#039;ELA Miquel Valls\",\"isPartOf\":{\"@id\":\"https:\/\/fundaciomiquelvalls.org\/#website\"},\"datePublished\":\"2021-03-08T09:06:46+00:00\",\"dateModified\":\"2023-05-12T12:17:00+00:00\",\"breadcrumb\":{\"@id\":\"https:\/\/fundaciomiquelvalls.org\/es\/atencio-en-psicologia\/#breadcrumb\"},\"inLanguage\":\"es\",\"potentialAction\":[{\"@type\":\"ReadAction\",\"target\":[\"https:\/\/fundaciomiquelvalls.org\/es\/atencio-en-psicologia\/\"]}]},{\"@type\":\"BreadcrumbList\",\"@id\":\"https:\/\/fundaciomiquelvalls.org\/es\/atencio-en-psicologia\/#breadcrumb\",\"itemListElement\":[{\"@type\":\"ListItem\",\"position\":1,\"name\":\"Portada\",\"item\":\"https:\/\/fundaciomiquelvalls.org\/es\/\"},{\"@type\":\"ListItem\",\"position\":2,\"name\":\"Atenci\u00f3n en Psicolog\u00eda\"}]},{\"@type\":\"WebSite\",\"@id\":\"https:\/\/fundaciomiquelvalls.org\/#website\",\"url\":\"https:\/\/fundaciomiquelvalls.org\/\",\"name\":\"Fundaci\u00f3 Catalana d&#039;ELA Miquel Valls\",\"description\":\"Treballem per millorar la qualitat de vida de les persones afectades d&#039;ELA i Malaltia de Motoneurona\",\"potentialAction\":[{\"@type\":\"SearchAction\",\"target\":{\"@type\":\"EntryPoint\",\"urlTemplate\":\"https:\/\/fundaciomiquelvalls.org\/?s={search_term_string}\"},\"query-input\":{\"@type\":\"PropertyValueSpecification\",\"valueRequired\":true,\"valueName\":\"search_term_string\"}}],\"inLanguage\":\"es\"}]}<\/script>\n<!-- \/ Yoast SEO plugin. -->","yoast_head_json":{"title":"Atenci\u00f3n en Psicolog\u00eda - Fundaci\u00f3 Catalana d&#039;ELA Miquel Valls","robots":{"index":"index","follow":"follow","max-snippet":"max-snippet:-1","max-image-preview":"max-image-preview:large","max-video-preview":"max-video-preview:-1"},"canonical":"https:\/\/fundaciomiquelvalls.org\/es\/atencio-en-psicologia\/","og_locale":"es_ES","og_type":"article","og_title":"Atenci\u00f3n en Psicolog\u00eda - Fundaci\u00f3 Catalana d&#039;ELA Miquel Valls","og_description":"[vc_row][vc_column width=\u00bb5\/12&#8243;][vc_column_text]La Atenci\u00f3n domiciliaria en psicolog\u00eda se centra en el apoyo emocional y terap\u00e9utico durante las diferentes fases de la enfermedad y el asesoramiento en la toma de las decisiones vitales. Contribuye a mejorar la gesti\u00f3n de los diferentes estados emocionales, maximizando los recursos personales, internos y externos, con el fin de potenciar la percepci\u00f3n de control y la resoluci\u00f3n de los obst\u00e1culos derivados de la enfermedad. Las psic\u00f3logas de la Fundaci\u00f3n dan apoyo a las personas afectadas de ELA y sus familiares a domicilio y en el hospital, dentro de las unidades especializadas de la enfermedad, as\u00ed como tambi\u00e9n a los profesionales de los equipos receptores (equipos sociosanitarios que atienden estas personas).[\/vc_column_text][\/vc_column][vc_column width=\u00bb7\/12&#8243;][vc_single_image image=\u00bb2113&#8243; img_size=\u00bbfull\u00bb alignment=\u00bbcenter\u00bb][\/vc_column][\/vc_row][vc_row][vc_column][vc_column_text]Desde el a\u00f1o 2014 la Fundaci\u00f3n Catalana de ELA Miquel Valls es parte del Programa de Atenci\u00f3n integral a personas con enfermedades avanzadas de la Fundaci\u00f3n \u00abla Caixa\u00bb convirti\u00e9ndose en un Equipo de Atenci\u00f3n Psicosocial (EAPS-FMQV) especializado en la ELA para todo el territorio de Catalu\u00f1a. El programa pretende complementar la atenci\u00f3n sanitaria en cuidados paliativos aportando profesionales que ofrezcan intervenci\u00f3n psicosocial y espiritual para conseguir una atenci\u00f3n integral. La atenci\u00f3n de este programa se dirige a personas en proceso de final de vida y sus familiares, a personas que ya han perdido alg\u00fan ser querido y est\u00e1n en proceso de duelo, y todos aquellos profesionales que los atienden.[\/vc_column_text][\/vc_column][\/vc_row][vc_row][vc_column][vc_single_image image=\u00bb5117&#8243; img_size=\u00bblarge\u00bb alignment=\u00bbright\u00bb][\/vc_column][\/vc_row]","og_url":"https:\/\/fundaciomiquelvalls.org\/es\/atencio-en-psicologia\/","og_site_name":"Fundaci\u00f3 Catalana d&#039;ELA Miquel Valls","article_modified_time":"2023-05-12T12:17:00+00:00","twitter_card":"summary_large_image","twitter_misc":{"Tiempo de lectura":"2 minutos"},"schema":{"@context":"https:\/\/schema.org","@graph":[{"@type":"WebPage","@id":"https:\/\/fundaciomiquelvalls.org\/es\/atencio-en-psicologia\/","url":"https:\/\/fundaciomiquelvalls.org\/es\/atencio-en-psicologia\/","name":"Atenci\u00f3n en Psicolog\u00eda - Fundaci\u00f3 Catalana d&#039;ELA Miquel Valls","isPartOf":{"@id":"https:\/\/fundaciomiquelvalls.org\/#website"},"datePublished":"2021-03-08T09:06:46+00:00","dateModified":"2023-05-12T12:17:00+00:00","breadcrumb":{"@id":"https:\/\/fundaciomiquelvalls.org\/es\/atencio-en-psicologia\/#breadcrumb"},"inLanguage":"es","potentialAction":[{"@type":"ReadAction","target":["https:\/\/fundaciomiquelvalls.org\/es\/atencio-en-psicologia\/"]}]},{"@type":"BreadcrumbList","@id":"https:\/\/fundaciomiquelvalls.org\/es\/atencio-en-psicologia\/#breadcrumb","itemListElement":[{"@type":"ListItem","position":1,"name":"Portada","item":"https:\/\/fundaciomiquelvalls.org\/es\/"},{"@type":"ListItem","position":2,"name":"Atenci\u00f3n en Psicolog\u00eda"}]},{"@type":"WebSite","@id":"https:\/\/fundaciomiquelvalls.org\/#website","url":"https:\/\/fundaciomiquelvalls.org\/","name":"Fundaci\u00f3 Catalana d&#039;ELA Miquel Valls","description":"Treballem per millorar la qualitat de vida de les persones afectades d&#039;ELA i Malaltia de Motoneurona","potentialAction":[{"@type":"SearchAction","target":{"@type":"EntryPoint","urlTemplate":"https:\/\/fundaciomiquelvalls.org\/?s={search_term_string}"},"query-input":{"@type":"PropertyValueSpecification","valueRequired":true,"valueName":"search_term_string"}}],"inLanguage":"es"}]}},"_links":{"self":[{"href":"https:\/\/fundaciomiquelvalls.org\/es\/wp-json\/wp\/v2\/pages\/3051","targetHints":{"allow":["GET"]}}],"collection":[{"href":"https:\/\/fundaciomiquelvalls.org\/es\/wp-json\/wp\/v2\/pages"}],"about":[{"href":"https:\/\/fundaciomiquelvalls.org\/es\/wp-json\/wp\/v2\/types\/page"}],"author":[{"embeddable":true,"href":"https:\/\/fundaciomiquelvalls.org\/es\/wp-json\/wp\/v2\/users\/1"}],"replies":[{"embeddable":true,"href":"https:\/\/fundaciomiquelvalls.org\/es\/wp-json\/wp\/v2\/comments?post=3051"}],"version-history":[{"count":6,"href":"https:\/\/fundaciomiquelvalls.org\/es\/wp-json\/wp\/v2\/pages\/3051\/revisions"}],"predecessor-version":[{"id":3056,"href":"https:\/\/fundaciomiquelvalls.org\/es\/wp-json\/wp\/v2\/pages\/3051\/revisions\/3056"}],"wp:attachment":[{"href":"https:\/\/fundaciomiquelvalls.org\/es\/wp-json\/wp\/v2\/media?parent=3051"}],"curies":[{"name":"wp","href":"https:\/\/api.w.org\/{rel}","templated":true}]}}